{"id":2417,"date":"2018-02-23T20:18:42","date_gmt":"2018-02-23T20:18:42","guid":{"rendered":"http:\/\/departamentos.uleam.edu.ec\/vinculacion-colectividad\/?page_id=2417"},"modified":"2019-08-29T09:53:35","modified_gmt":"2019-08-29T14:53:35","slug":"informatica","status":"publish","type":"page","link":"https:\/\/departamentos.uleam.edu.ec\/vinculacion-colectividad\/informatica\/","title":{"rendered":"Inform\u00e1tica"},"content":{"rendered":"<table style=\"height: 241px\" width=\"681\">\n<tbody>\n<tr>\n<td style=\"text-align: center\" width=\"44\"><span style=\"color: #000000\"><strong>Items<\/strong><\/span><\/td>\n<td style=\"text-align: center\" width=\"282\"><span style=\"color: #000000\"><strong>Instituci\u00f3n<\/strong><\/span><\/td>\n<td style=\"text-align: center\" width=\"80\"><span style=\"color: #000000\"><strong>Fecha<\/strong><\/span><\/td>\n<td style=\"text-align: center\" width=\"80\"><span style=\"color: #000000\"><strong>Descarga<\/strong><\/span><\/td>\n<\/tr>\n<tr>\n<td><span style=\"color: #000000\">1<\/span><\/td>\n<td style=\"text-align: justify\" width=\"282\"><span style=\"color: #000000\">Convenio especifico de cooperaci\u00f3n interinstitucional acad\u00e9mica entre la Facultad Ciencias Inform\u00e1ticas de la Universidad Laica Eloy Alfaro de Manab\u00ed y Autoridad Portuaria de Manta, para la implementaci\u00f3n de proyectos de vinculaci\u00f3n con la sociedad.\u00a0<\/span><\/td>\n<td><span style=\"color: #000000\">24-ago-17<\/span><\/td>\n<td><span style=\"color: #000000\">\u00a0<a style=\"color: #000000\" href=\"https:\/\/departamentos.uleam.edu.ec\/vinculacion-colectividad\/files\/2018\/02\/portuaria-1.pdf\"><img decoding=\"async\" class=\"wp-image-2218 aligncenter\" src=\"https:\/\/departamentos.uleam.edu.ec\/vinculacion-colectividad\/files\/2018\/02\/simbolodescarga.png\" alt=\"\" width=\"58\" height=\"59\" srcset=\"https:\/\/departamentos.uleam.edu.ec\/vinculacion-colectividad\/files\/2018\/02\/simbolodescarga.png 228w, https:\/\/departamentos.uleam.edu.ec\/vinculacion-colectividad\/files\/2018\/02\/simbolodescarga-150x150.png 150w, https:\/\/departamentos.uleam.edu.ec\/vinculacion-colectividad\/files\/2018\/02\/simbolodescarga-55x55.png 55w\" sizes=\"(max-width: 58px) 100vw, 58px\" \/><\/a><\/span><\/td>\n<\/tr>\n<\/tbody>\n<\/table>\n","protected":false},"excerpt":{"rendered":"<p>Items Instituci\u00f3n Fecha Descarga 1 Convenio especifico de cooperaci\u00f3n interinstitucional acad\u00e9mica entre la Facultad Ciencias Inform\u00e1ticas de la Universidad Laica Eloy Alfaro de Manab\u00ed y Autoridad Portuaria de Manta, para la implementaci\u00f3n<a class=\"moretag\" href=\"https:\/\/departamentos.uleam.edu.ec\/vinculacion-colectividad\/informatica\/\">Leer m\u00e1s&#8230;<\/a><\/p>\n","protected":false},"author":47,"featured_media":0,"parent":0,"menu_order":0,"comment_status":"closed","ping_status":"closed","template":"","meta":{"footnotes":"","_links_to":"","_links_to_target":""},"class_list":["post-2417","page","type-page","status-publish","hentry"],"_links":{"self":[{"href":"https:\/\/departamentos.uleam.edu.ec\/vinculacion-colectividad\/wp-json\/wp\/v2\/pages\/2417","targetHints":{"allow":["GET"]}}],"collection":[{"href":"https:\/\/departamentos.uleam.edu.ec\/vinculacion-colectividad\/wp-json\/wp\/v2\/pages"}],"about":[{"href":"https:\/\/departamentos.uleam.edu.ec\/vinculacion-colectividad\/wp-json\/wp\/v2\/types\/page"}],"author":[{"embeddable":true,"href":"https:\/\/departamentos.uleam.edu.ec\/vinculacion-colectividad\/wp-json\/wp\/v2\/users\/47"}],"replies":[{"embeddable":true,"href":"https:\/\/departamentos.uleam.edu.ec\/vinculacion-colectividad\/wp-json\/wp\/v2\/comments?post=2417"}],"version-history":[{"count":5,"href":"https:\/\/departamentos.uleam.edu.ec\/vinculacion-colectividad\/wp-json\/wp\/v2\/pages\/2417\/revisions"}],"predecessor-version":[{"id":3043,"href":"https:\/\/departamentos.uleam.edu.ec\/vinculacion-colectividad\/wp-json\/wp\/v2\/pages\/2417\/revisions\/3043"}],"wp:attachment":[{"href":"https:\/\/departamentos.uleam.edu.ec\/vinculacion-colectividad\/wp-json\/wp\/v2\/media?parent=2417"}],"curies":[{"name":"wp","href":"https:\/\/api.w.org\/{rel}","templated":true}]}}