{"id":2428,"date":"2018-02-23T20:45:43","date_gmt":"2018-02-23T20:45:43","guid":{"rendered":"http:\/\/departamentos.uleam.edu.ec\/vinculacion-colectividad\/?page_id=2428"},"modified":"2021-09-15T12:56:25","modified_gmt":"2021-09-15T17:56:25","slug":"ano-2018","status":"publish","type":"page","link":"https:\/\/departamentos.uleam.edu.ec\/vinculacion-colectividad\/convenios\/ano-2018\/","title":{"rendered":"A\u00f1o 2018"},"content":{"rendered":"\n<p class=\"has-text-align-center\"><span style=\"color: #000000\"><strong>Convenios suscritos<\/strong><\/span><\/p>\n\n\n\n<figure class=\"wp-block-table is-style-stripes\"><table><tbody><tr><td><span style=\"color: #000000\"><strong>N\u00b0<\/strong><\/span><\/td><td><span style=\"color: #000000\"><strong>Instituci\u00f3n<\/strong><\/span><\/td><td><span style=\"color: #000000\"><strong>Fecha<\/strong><\/span><\/td><td><span style=\"color: #000000\"><strong>Descargar (pdf)<\/strong><\/span><\/td><\/tr><tr><td><span style=\"color: #000000\"><strong>1<\/strong><\/span><\/td><td><span style=\"color: #000000\">Convenio Interinstitucional entre&nbsp;la Universidad Laica Eloy Alfaro de Manab\u00ed&nbsp; y el Ministerio de Educaci\u00f3n cuyo prop\u00f3sito son las pr\u00e1cticas preprofesionales, pasant\u00edas, investigaci\u00f3n, innovaci\u00f3n proyectos y vinculaci\u00f3n de estudiantes de educaci\u00f3n superior con las comunidades&nbsp;<\/span><\/td><td><span style=\"color: #000000\">Dic-17<\/span><\/td><td><span style=\"color: #000000\"><a style=\"color: #000000\" href=\"https:\/\/departamentos.uleam.edu.ec\/vinculacion-colectividad\/files\/2018\/05\/convenioministerioeducacion.pdf\"><img decoding=\"async\" class=\"alignnone wp-image-2218\" src=\"https:\/\/departamentos.uleam.edu.ec\/vinculacion-colectividad\/files\/2018\/02\/simbolodescarga.png\" alt=\"\" width=\"55\" height=\"56\" srcset=\"https:\/\/departamentos.uleam.edu.ec\/vinculacion-colectividad\/files\/2018\/02\/simbolodescarga.png 228w, https:\/\/departamentos.uleam.edu.ec\/vinculacion-colectividad\/files\/2018\/02\/simbolodescarga-150x150.png 150w, https:\/\/departamentos.uleam.edu.ec\/vinculacion-colectividad\/files\/2018\/02\/simbolodescarga-55x55.png 55w\" sizes=\"(max-width: 55px) 100vw, 55px\" \/><\/a><\/span><\/td><\/tr><tr><td><span style=\"color: #000000\"><b>2<\/b><\/span><\/td><td><span style=\"color: #000000\">Convenio marco de cooperaci\u00f3n interinstitucional entre la Universidad Laica Eloy Alfaro de Manab\u00ed y el Gobierno Aut\u00f3nomo Descentralizado del Cant\u00f3n Tosagua&nbsp;<\/span><\/td><td><span style=\"color: #000000\">Feb-16<\/span><\/td><td><span style=\"color: #000000\"><a style=\"color: #000000\" href=\"https:\/\/departamentos.uleam.edu.ec\/vinculacion-colectividad\/files\/2018\/08\/canton-tosagua.pdf\"><img decoding=\"async\" class=\"alignnone wp-image-2218\" src=\"https:\/\/departamentos.uleam.edu.ec\/vinculacion-colectividad\/files\/2018\/02\/simbolodescarga.png\" alt=\"\" width=\"55\" height=\"56\" srcset=\"https:\/\/departamentos.uleam.edu.ec\/vinculacion-colectividad\/files\/2018\/02\/simbolodescarga.png 228w, https:\/\/departamentos.uleam.edu.ec\/vinculacion-colectividad\/files\/2018\/02\/simbolodescarga-150x150.png 150w, https:\/\/departamentos.uleam.edu.ec\/vinculacion-colectividad\/files\/2018\/02\/simbolodescarga-55x55.png 55w\" sizes=\"(max-width: 55px) 100vw, 55px\" \/><\/a><\/span><\/td><\/tr><tr><td><span style=\"color: #000000\"><b>3<\/b><\/span><\/td><td><span style=\"color: #000000\">Convenio marco de cooperaci\u00f3n interinstitucional celebrado entre&nbsp;la Universidad Laica Eloy Alfaro de Manab\u00ed y el gobierno autonomo descentralizado municipal de Pedernales.<\/span><\/td><td><span style=\"color: #000000\">Sep-17<\/span><\/td><td><span style=\"color: #000000\"><a style=\"color: #000000\" href=\"https:\/\/departamentos.uleam.edu.ec\/vinculacion-colectividad\/files\/2018\/08\/gab-pedernales.pdf\"><img decoding=\"async\" class=\"alignnone wp-image-2218\" src=\"https:\/\/departamentos.uleam.edu.ec\/vinculacion-colectividad\/files\/2018\/02\/simbolodescarga.png\" alt=\"\" width=\"55\" height=\"56\" srcset=\"https:\/\/departamentos.uleam.edu.ec\/vinculacion-colectividad\/files\/2018\/02\/simbolodescarga.png 228w, https:\/\/departamentos.uleam.edu.ec\/vinculacion-colectividad\/files\/2018\/02\/simbolodescarga-150x150.png 150w, https:\/\/departamentos.uleam.edu.ec\/vinculacion-colectividad\/files\/2018\/02\/simbolodescarga-55x55.png 55w\" sizes=\"(max-width: 55px) 100vw, 55px\" \/><\/a><\/span><\/td><\/tr><tr><td><span style=\"color: #000000\"><b>4<\/b><\/span><\/td><td><span style=\"color: #000000\">Convenio marco de cooperaci\u00f3n interintitucional celebrado entre la Universidad Laica Eloy Alfaro de Manab\u00ed&nbsp; y el Gad Provincial de Manab\u00ed.&nbsp;<\/span><\/td><td><span style=\"color: #000000\">Jun-17<\/span><\/td><td><span style=\"color: #000000\"><a style=\"color: #000000\" href=\"https:\/\/departamentos.uleam.edu.ec\/vinculacion-colectividad\/files\/2018\/08\/gab-provincial-de-manabi.pdf\"><img decoding=\"async\" class=\"alignnone wp-image-2218\" src=\"https:\/\/departamentos.uleam.edu.ec\/vinculacion-colectividad\/files\/2018\/02\/simbolodescarga.png\" alt=\"\" width=\"55\" height=\"56\" srcset=\"https:\/\/departamentos.uleam.edu.ec\/vinculacion-colectividad\/files\/2018\/02\/simbolodescarga.png 228w, https:\/\/departamentos.uleam.edu.ec\/vinculacion-colectividad\/files\/2018\/02\/simbolodescarga-150x150.png 150w, https:\/\/departamentos.uleam.edu.ec\/vinculacion-colectividad\/files\/2018\/02\/simbolodescarga-55x55.png 55w\" sizes=\"(max-width: 55px) 100vw, 55px\" \/><\/a><\/span><\/td><\/tr><tr><td><span style=\"color: #000000\"><b>5<\/b><\/span><\/td><td><span style=\"color: #000000\">Convenio marco entre la Universidad Laica Eloy Alfaro de Manab\u00ed&nbsp; y la Organizaci\u00f3n Global Student Embassy.<\/span><\/td><td><span style=\"color: #000000\">Feb-16<\/span><\/td><td><span style=\"color: #000000\"><a style=\"color: #000000\" href=\"https:\/\/departamentos.uleam.edu.ec\/vinculacion-colectividad\/files\/2018\/08\/hoteleria-y-turismo-.pdf\"><img decoding=\"async\" class=\"alignnone wp-image-2218\" src=\"https:\/\/departamentos.uleam.edu.ec\/vinculacion-colectividad\/files\/2018\/02\/simbolodescarga.png\" alt=\"\" width=\"55\" height=\"56\" srcset=\"https:\/\/departamentos.uleam.edu.ec\/vinculacion-colectividad\/files\/2018\/02\/simbolodescarga.png 228w, https:\/\/departamentos.uleam.edu.ec\/vinculacion-colectividad\/files\/2018\/02\/simbolodescarga-150x150.png 150w, https:\/\/departamentos.uleam.edu.ec\/vinculacion-colectividad\/files\/2018\/02\/simbolodescarga-55x55.png 55w\" sizes=\"(max-width: 55px) 100vw, 55px\" \/><\/a><\/span><\/td><\/tr><tr><td><span style=\"color: #000000\"><b>6<\/b><\/span><\/td><td><span style=\"color: #000000\">Convenio especifico de cooperaci\u00f3n interinstitucional entre la Universidad Laica Eloy Alfaro de Manab\u00ed&nbsp; y la Cooperative for assistance relief and everywere, Inc. ( care).<\/span><\/td><td><span style=\"color: #000000\">Feb-16<\/span><\/td><td><span style=\"color: #000000\"><a style=\"color: #000000\" href=\"https:\/\/departamentos.uleam.edu.ec\/vinculacion-colectividad\/files\/2018\/08\/inc.-care.pdf\"><img decoding=\"async\" class=\"alignnone wp-image-2218\" src=\"https:\/\/departamentos.uleam.edu.ec\/vinculacion-colectividad\/files\/2018\/02\/simbolodescarga.png\" alt=\"\" width=\"55\" height=\"56\" srcset=\"https:\/\/departamentos.uleam.edu.ec\/vinculacion-colectividad\/files\/2018\/02\/simbolodescarga.png 228w, https:\/\/departamentos.uleam.edu.ec\/vinculacion-colectividad\/files\/2018\/02\/simbolodescarga-150x150.png 150w, https:\/\/departamentos.uleam.edu.ec\/vinculacion-colectividad\/files\/2018\/02\/simbolodescarga-55x55.png 55w\" sizes=\"(max-width: 55px) 100vw, 55px\" \/><\/a><\/span><\/td><\/tr><tr><td><span style=\"color: #000000\"><b>7<\/b><\/span><\/td><td><span style=\"color: #000000\">Convenio marco de cooperaci\u00f3n institucional entre la Universidad Laica Eloy Alfaro de Manab\u00ed&nbsp; y el Comit\u00e9 paral\u00edmpico ecuatoriano.<\/span><\/td><td><span style=\"color: #000000\">Feb-16<\/span><\/td><td><span style=\"color: #000000\"><a style=\"color: #000000\" href=\"https:\/\/departamentos.uleam.edu.ec\/vinculacion-colectividad\/files\/2018\/08\/paralimpico.pdf\"><img decoding=\"async\" class=\"alignnone wp-image-2218\" src=\"https:\/\/departamentos.uleam.edu.ec\/vinculacion-colectividad\/files\/2018\/02\/simbolodescarga.png\" alt=\"\" width=\"55\" height=\"56\" srcset=\"https:\/\/departamentos.uleam.edu.ec\/vinculacion-colectividad\/files\/2018\/02\/simbolodescarga.png 228w, https:\/\/departamentos.uleam.edu.ec\/vinculacion-colectividad\/files\/2018\/02\/simbolodescarga-150x150.png 150w, https:\/\/departamentos.uleam.edu.ec\/vinculacion-colectividad\/files\/2018\/02\/simbolodescarga-55x55.png 55w\" sizes=\"(max-width: 55px) 100vw, 55px\" \/><\/a><\/span><\/td><\/tr><tr><td><span style=\"color: #000000\"><b>8<\/b><\/span><\/td><td><span style=\"color: #000000\">Convenio de entrega en sesi\u00f3n de \u00e1rea del Gobierno Aut\u00f3nomo descentralizado (Gad) parroquial para instalaci\u00f3n en la parroquia Machalilla del Ecomuseo de la pesca artesanal del Cant\u00f3n Puerto L\u00f3pez , con base al proyecto que impulsa la&nbsp;&nbsp;Universidad Laica Eloy Alfaro de Manab\u00ed.<\/span><\/td><td><span style=\"color: #000000\">Feb-16<\/span><\/td><td><span style=\"color: #000000\"><a style=\"color: #000000\" href=\"https:\/\/departamentos.uleam.edu.ec\/vinculacion-colectividad\/files\/2018\/08\/pesca-artesanal-machalilla.pdf\"><img decoding=\"async\" class=\"alignnone wp-image-2218\" src=\"https:\/\/departamentos.uleam.edu.ec\/vinculacion-colectividad\/files\/2018\/02\/simbolodescarga.png\" alt=\"\" width=\"55\" height=\"56\" srcset=\"https:\/\/departamentos.uleam.edu.ec\/vinculacion-colectividad\/files\/2018\/02\/simbolodescarga.png 228w, https:\/\/departamentos.uleam.edu.ec\/vinculacion-colectividad\/files\/2018\/02\/simbolodescarga-150x150.png 150w, https:\/\/departamentos.uleam.edu.ec\/vinculacion-colectividad\/files\/2018\/02\/simbolodescarga-55x55.png 55w\" sizes=\"(max-width: 55px) 100vw, 55px\" \/><\/a><\/span><\/td><\/tr><tr><td><span style=\"color: #000000\"><b>9<\/b><\/span><\/td><td><span style=\"color: #000000\">Convenio marco de cooperaci\u00f3n interinstitucional entre la Universidad Laica Eloy Alfaro de Manab\u00ed&nbsp; y la Universidad San Gregorio de Portoviejo.&nbsp;<\/span><\/td><td><span style=\"color: #000000\">Feb-16<\/span><\/td><td><span style=\"color: #000000\"><a style=\"color: #000000\" href=\"https:\/\/departamentos.uleam.edu.ec\/vinculacion-colectividad\/files\/2018\/08\/san-gregorio.pdf\"><img decoding=\"async\" class=\"alignnone wp-image-2218\" src=\"https:\/\/departamentos.uleam.edu.ec\/vinculacion-colectividad\/files\/2018\/02\/simbolodescarga.png\" alt=\"\" width=\"55\" height=\"56\" srcset=\"https:\/\/departamentos.uleam.edu.ec\/vinculacion-colectividad\/files\/2018\/02\/simbolodescarga.png 228w, https:\/\/departamentos.uleam.edu.ec\/vinculacion-colectividad\/files\/2018\/02\/simbolodescarga-150x150.png 150w, https:\/\/departamentos.uleam.edu.ec\/vinculacion-colectividad\/files\/2018\/02\/simbolodescarga-55x55.png 55w\" sizes=\"(max-width: 55px) 100vw, 55px\" \/><\/a><\/span><\/td><\/tr><tr><td><span style=\"color: #000000\"><b>10<\/b><\/span><\/td><td><span style=\"color: #000000\">Convenio marco de cooperaci\u00f3n interinstitucional entre la Universidad Laica Eloy Alfaro de Manab\u00ed&nbsp; &nbsp;y el Instituto Tecnol\u00f3gico Supeior Paulo Emilio Mac\u00edas.&nbsp;<\/span><\/td><td><span style=\"color: #000000\">Feb-16<\/span><\/td><td><span style=\"color: #000000\"><a style=\"color: #000000\" href=\"https:\/\/departamentos.uleam.edu.ec\/vinculacion-colectividad\/files\/2018\/08\/tecnologico-paulo-emilio.pdf\"><img decoding=\"async\" class=\"alignnone wp-image-2218\" src=\"https:\/\/departamentos.uleam.edu.ec\/vinculacion-colectividad\/files\/2018\/02\/simbolodescarga.png\" alt=\"\" width=\"55\" height=\"56\" srcset=\"https:\/\/departamentos.uleam.edu.ec\/vinculacion-colectividad\/files\/2018\/02\/simbolodescarga.png 228w, https:\/\/departamentos.uleam.edu.ec\/vinculacion-colectividad\/files\/2018\/02\/simbolodescarga-150x150.png 150w, https:\/\/departamentos.uleam.edu.ec\/vinculacion-colectividad\/files\/2018\/02\/simbolodescarga-55x55.png 55w\" sizes=\"(max-width: 55px) 100vw, 55px\" \/><\/a><\/span><\/td><\/tr><tr><td><span style=\"color: #000000\"><b>11<\/b><\/span><\/td><td><span style=\"color: #000000\">Convenio especifico de cooperaci\u00f3n interinstitucional entre la Universidad Laica Eloy Alfaro de Manab\u00ed&nbsp; y la Universidad Estatal del Sur de Manab\u00ed.<\/span><\/td><td><span style=\"color: #000000\">Jul-16<\/span><\/td><td><span style=\"color: #000000\"><a style=\"color: #000000\" href=\"https:\/\/departamentos.uleam.edu.ec\/vinculacion-colectividad\/files\/2018\/08\/unesum.pdf\"><img decoding=\"async\" class=\"alignnone wp-image-2218\" src=\"https:\/\/departamentos.uleam.edu.ec\/vinculacion-colectividad\/files\/2018\/02\/simbolodescarga.png\" alt=\"\" width=\"55\" height=\"56\" srcset=\"https:\/\/departamentos.uleam.edu.ec\/vinculacion-colectividad\/files\/2018\/02\/simbolodescarga.png 228w, https:\/\/departamentos.uleam.edu.ec\/vinculacion-colectividad\/files\/2018\/02\/simbolodescarga-150x150.png 150w, https:\/\/departamentos.uleam.edu.ec\/vinculacion-colectividad\/files\/2018\/02\/simbolodescarga-55x55.png 55w\" sizes=\"(max-width: 55px) 100vw, 55px\" \/><\/a><\/span><\/td><\/tr><tr><td><span style=\"color: #000000\"><b>12<\/b><\/span><\/td><td><span style=\"color: #000000\">Convenio marco de cooperaci\u00f3n institucional entre la Universidad Laica Eloy Alfaro de Manab\u00ed&nbsp; y la Universidad de Guayaquil.<\/span><\/td><td><span style=\"color: #000000\">Ene-18<\/span><\/td><td><span style=\"color: #000000\"><a style=\"color: #000000\" href=\"https:\/\/departamentos.uleam.edu.ec\/vinculacion-colectividad\/files\/2018\/08\/universidad-de-guayaquil.pdf\"><img decoding=\"async\" class=\"alignnone wp-image-2218\" src=\"https:\/\/departamentos.uleam.edu.ec\/vinculacion-colectividad\/files\/2018\/02\/simbolodescarga.png\" alt=\"\" width=\"55\" height=\"56\" srcset=\"https:\/\/departamentos.uleam.edu.ec\/vinculacion-colectividad\/files\/2018\/02\/simbolodescarga.png 228w, https:\/\/departamentos.uleam.edu.ec\/vinculacion-colectividad\/files\/2018\/02\/simbolodescarga-150x150.png 150w, https:\/\/departamentos.uleam.edu.ec\/vinculacion-colectividad\/files\/2018\/02\/simbolodescarga-55x55.png 55w\" sizes=\"(max-width: 55px) 100vw, 55px\" \/><\/a><\/span><\/td><\/tr><tr><td><span style=\"color: #000000\"><b>13<\/b><\/span><\/td><td><span style=\"color: #000000\">Convenio interinstitucional entre la Universidad Laica Eloy Alfaro de Manab\u00ed&nbsp; y el Ministerio de Educaci\u00f3n, cuyo prop\u00f3sito son las pr\u00e1cticas preprofesionales, pasant\u00edas, investigaci\u00f3n, innovaci\u00f3n, proyecto y vinculaci\u00f3n de estudiantes de educaci\u00f3n superior con las comunidades educativas.&nbsp;<\/span><\/td><td><span style=\"color: #000000\">Ene-18<\/span><\/td><td><span style=\"color: #000000\"><a style=\"color: #000000\" href=\"https:\/\/departamentos.uleam.edu.ec\/vinculacion-colectividad\/files\/2018\/10\/Convenio-Marco-Chone.pdf\"><img decoding=\"async\" class=\"alignnone wp-image-2218\" src=\"https:\/\/departamentos.uleam.edu.ec\/vinculacion-colectividad\/files\/2018\/02\/simbolodescarga.png\" alt=\"\" width=\"55\" height=\"56\" srcset=\"https:\/\/departamentos.uleam.edu.ec\/vinculacion-colectividad\/files\/2018\/02\/simbolodescarga.png 228w, https:\/\/departamentos.uleam.edu.ec\/vinculacion-colectividad\/files\/2018\/02\/simbolodescarga-150x150.png 150w, https:\/\/departamentos.uleam.edu.ec\/vinculacion-colectividad\/files\/2018\/02\/simbolodescarga-55x55.png 55w\" sizes=\"(max-width: 55px) 100vw, 55px\" \/><\/a><\/span><\/td><\/tr><tr><td><span style=\"color: #000000\"><b>14<\/b><\/span><\/td><td><span style=\"color: #000000\">Acuerdo marco de colaboraci\u00f3n para regular la cooperaci\u00f3n directa entre la Universidad Laica Eloy Alfaro de Manab\u00ed&nbsp; y la Red Iberoamaericana de medio ambiente ( Reima, A.C ).<\/span><\/td><td><span style=\"color: #000000\">Oct-18<\/span><\/td><td><span style=\"color: #000000\"><a style=\"color: #000000\" href=\"https:\/\/departamentos.uleam.edu.ec\/vinculacion-colectividad\/files\/2018\/11\/CONVENIO-NEW.pdf\"><img decoding=\"async\" class=\"alignnone wp-image-2218\" src=\"https:\/\/departamentos.uleam.edu.ec\/vinculacion-colectividad\/files\/2018\/02\/simbolodescarga.png\" alt=\"\" width=\"55\" height=\"56\" srcset=\"https:\/\/departamentos.uleam.edu.ec\/vinculacion-colectividad\/files\/2018\/02\/simbolodescarga.png 228w, https:\/\/departamentos.uleam.edu.ec\/vinculacion-colectividad\/files\/2018\/02\/simbolodescarga-150x150.png 150w, https:\/\/departamentos.uleam.edu.ec\/vinculacion-colectividad\/files\/2018\/02\/simbolodescarga-55x55.png 55w\" sizes=\"(max-width: 55px) 100vw, 55px\" \/><\/a><\/span><\/td><\/tr><\/tbody><\/table><\/figure>\n","protected":false},"excerpt":{"rendered":"<p>Convenios suscritos N\u00b0 Instituci\u00f3n Fecha Descargar (pdf) 1 Convenio Interinstitucional entre&nbsp;la Universidad Laica Eloy Alfaro de Manab\u00ed&nbsp; y el Ministerio de Educaci\u00f3n cuyo prop\u00f3sito son las pr\u00e1cticas preprofesionales, pasant\u00edas, investigaci\u00f3n, innovaci\u00f3n proyectos<a class=\"moretag\" href=\"https:\/\/departamentos.uleam.edu.ec\/vinculacion-colectividad\/convenios\/ano-2018\/\">Leer m\u00e1s&#8230;<\/a><\/p>\n","protected":false},"author":47,"featured_media":0,"parent":1351,"menu_order":0,"comment_status":"closed","ping_status":"closed","template":"","meta":{"footnotes":"","_links_to":"","_links_to_target":""},"class_list":["post-2428","page","type-page","status-publish","hentry"],"_links":{"self":[{"href":"https:\/\/departamentos.uleam.edu.ec\/vinculacion-colectividad\/wp-json\/wp\/v2\/pages\/2428","targetHints":{"allow":["GET"]}}],"collection":[{"href":"https:\/\/departamentos.uleam.edu.ec\/vinculacion-colectividad\/wp-json\/wp\/v2\/pages"}],"about":[{"href":"https:\/\/departamentos.uleam.edu.ec\/vinculacion-colectividad\/wp-json\/wp\/v2\/types\/page"}],"author":[{"embeddable":true,"href":"https:\/\/departamentos.uleam.edu.ec\/vinculacion-colectividad\/wp-json\/wp\/v2\/users\/47"}],"replies":[{"embeddable":true,"href":"https:\/\/departamentos.uleam.edu.ec\/vinculacion-colectividad\/wp-json\/wp\/v2\/comments?post=2428"}],"version-history":[{"count":23,"href":"https:\/\/departamentos.uleam.edu.ec\/vinculacion-colectividad\/wp-json\/wp\/v2\/pages\/2428\/revisions"}],"predecessor-version":[{"id":3830,"href":"https:\/\/departamentos.uleam.edu.ec\/vinculacion-colectividad\/wp-json\/wp\/v2\/pages\/2428\/revisions\/3830"}],"up":[{"embeddable":true,"href":"https:\/\/departamentos.uleam.edu.ec\/vinculacion-colectividad\/wp-json\/wp\/v2\/pages\/1351"}],"wp:attachment":[{"href":"https:\/\/departamentos.uleam.edu.ec\/vinculacion-colectividad\/wp-json\/wp\/v2\/media?parent=2428"}],"curies":[{"name":"wp","href":"https:\/\/api.w.org\/{rel}","templated":true}]}}