{"id":2473,"date":"2018-08-30T16:43:54","date_gmt":"2018-08-30T16:43:54","guid":{"rendered":"http:\/\/departamentos.uleam.edu.ec\/vinculacion-colectividad\/?page_id=2473"},"modified":"2020-06-02T12:19:48","modified_gmt":"2020-06-02T17:19:48","slug":"proyectos-2018","status":"publish","type":"page","link":"https:\/\/departamentos.uleam.edu.ec\/vinculacion-colectividad\/proyectos-2018\/","title":{"rendered":"Proyectos de vinculaci\u00f3n (matriz) 2018"},"content":{"rendered":"<p style=\"text-align: center\"><span style=\"color: #000000\"><strong>Proyectos de Vinculaci\u00f3n (matriz) 2018<\/strong><\/span><\/p>\n<table style=\"height: 129px\" width=\"695\">\n<tbody>\n<tr>\n<td style=\"text-align: justify\" width=\"34\"><span style=\"color: #000000\"><strong>N\u00b0<\/strong><\/span><\/td>\n<td style=\"text-align: justify\" width=\"486\"><span style=\"color: #000000\"><b>Proyecto<\/b><\/span><\/td>\n<td style=\"text-align: justify\" width=\"82\"><span style=\"color: #000000\"><b>Carrera<\/b><\/span><\/td>\n<\/tr>\n<tr style=\"text-align: justify\">\n<td width=\"34\"><span style=\"color: #000000\"><strong>1<\/strong><\/span><\/td>\n<td style=\"text-align: justify\" width=\"486\"><span style=\"color: #000000\">Mejoramiento de la calidad de vida de los pescadores artesanales y sus familias en San Mateo y Jaramijo a trav\u00e9s del fortalecimiento de sus capacidades t\u00e9cnicas interdisciplinarias, habilidades y destrezas.<\/span><\/td>\n<td style=\"text-align: justify\" width=\"82\"><span style=\"color: #000000\">Arquitectura<\/span><\/td>\n<\/tr>\n<tr style=\"text-align: justify\">\n<td width=\"34\"><span style=\"color: #000000\"><b>2<\/b><\/span><\/td>\n<td width=\"486\"><span style=\"color: #000000\">Fortalecimiento de capacidades t\u00e9cnicas, habilidades y destrezas para maestros de construcci\u00f3n de edificaciones en la Ciudad de Manta.&nbsp;<\/span><\/td>\n<td width=\"82\"><span style=\"color: #000000\">Arquitectura<\/span><\/td>\n<\/tr>\n<tr style=\"text-align: justify\">\n<td width=\"34\"><span style=\"color: #000000\"><b>3<\/b><\/span><\/td>\n<td width=\"486\"><span style=\"color: #000000\">Mejoramiento de las potencialidades en mercadotecnia, atenci\u00f3n y servicio al cliente,con el sector artesanal y las asociaciones de comerciantes de los cantones Manta, Jaramij\u00f3 y Montecristi de la Provincia de Manab\u00ed.<\/span><\/td>\n<td width=\"82\"><span style=\"color: #000000\">Ciencias Administrativas<\/span><\/td>\n<\/tr>\n<tr style=\"text-align: justify\">\n<td width=\"34\"><span style=\"color: #000000\"><b>4<\/b><\/span><\/td>\n<td width=\"486\"><span style=\"color: #000000\">Asesoramiento t\u00e9cnico y legislativo para la conservaci\u00f3n de los ecosistemas terrestre y marinos de la franja costera de los cantones Manta y Jaramij\u00f3<\/span><\/td>\n<td width=\"82\"><span style=\"color: #000000\">Ciencias Agropecuarias<\/span><\/td>\n<\/tr>\n<tr style=\"text-align: justify\">\n<td width=\"34\"><span style=\"color: #000000\"><b>5<\/b><\/span><\/td>\n<td width=\"486\"><span style=\"color: #000000\">Fortalecimiento de las buenas pr\u00e1cticas de manufactura en la conservaci\u00f3n y valor agregado en productos derivados del mar y agr\u00edcola del sector artesanal de la parroquia San Mateo.&nbsp;<\/span><\/td>\n<td width=\"82\"><span style=\"color: #000000\">Ciencias Agropecuarias<\/span><\/td>\n<\/tr>\n<tr style=\"text-align: justify\">\n<td width=\"34\"><span style=\"color: #000000\"><b>6<\/b><\/span><\/td>\n<td width=\"486\"><span style=\"color: #000000\">Producci\u00f3n e implementaci\u00f3n sostenibles de huertos org\u00e1nicos familiares como alternativa de desarrollo socioecon\u00f3mico, para los pescadores del puerto pesquero artesanal del Cant\u00f3n Jaramij\u00f3, provincia de Manab\u00ed&nbsp;<\/span><\/td>\n<td width=\"82\"><span style=\"color: #000000\">Ciencias Agropecuarias<\/span><\/td>\n<\/tr>\n<tr style=\"text-align: justify\">\n<td style=\"text-align: justify\" width=\"34\"><span style=\"color: #000000\"><b>7<\/b><\/span><\/td>\n<td style=\"text-align: justify\" width=\"486\"><span style=\"color: #000000\">Las herramientas comunicacionales y la econom\u00eda popular y solidaria de Manab\u00ed.<\/span><\/td>\n<td width=\"82\"><span style=\"color: #000000\">Ciencias de la Comunicaci\u00f3n<\/span><\/td>\n<\/tr>\n<tr style=\"text-align: justify\">\n<td width=\"34\"><span style=\"color: #000000\"><b>8<\/b><\/span><\/td>\n<td style=\"text-align: justify\" width=\"486\"><span style=\"color: #000000\">Desarrollo de las compentencias laborales para propiciar la reducci\u00f3n de la cadena de valor en la comercializaci\u00f3n del sombrero de paja toquilla, en el sitio la solita, del cant\u00f3n Montecristi.<\/span><\/td>\n<td style=\"text-align: justify\" width=\"82\"><span style=\"color: #000000\">Ciencias Econ\u00f3micas<\/span><\/td>\n<\/tr>\n<tr style=\"text-align: justify\">\n<td width=\"34\"><span style=\"color: #000000\"><b>9<\/b><\/span><\/td>\n<td width=\"486\"><span style=\"color: #000000\">Fortalecimiento de una cultura empresarial para el desarrollo comercial de los subsectores productivos de la provincia de Manab\u00ed.&nbsp;<\/span><\/td>\n<td width=\"82\"><span style=\"color: #000000\">Ciencias Econ\u00f3micas<\/span><\/td>\n<\/tr>\n<tr style=\"text-align: justify\">\n<td width=\"34\"><span style=\"color: #000000\"><b>10<\/b><\/span><\/td>\n<td width=\"486\"><span style=\"color: #000000\">Estrategias de ense\u00f1anza en base al nuevo modelo curricular del \u00e1rea de ingl\u00e9s de los Centros de practica docente. .<\/span><\/td>\n<td width=\"82\"><span style=\"color: #000000\">Ciencias de la Educaci\u00f3n<\/span><\/td>\n<\/tr>\n<tr style=\"text-align: justify\">\n<td width=\"34\"><span style=\"color: #000000\"><b>11<\/b><\/span><\/td>\n<td width=\"486\"><span style=\"color: #000000\">Actividad f\u00edsica deportes y recreaci\u00f3n para la detecci\u00f3n de talentos deportivos en los ni\u00f1os\/as de la educaci\u00f3n b\u00e1sica general de las escuelas de los cantones de Manta, Montecristi y Jaramij\u00f3.<\/span><\/td>\n<td width=\"82\"><span style=\"color: #000000\">Ciencias de la Educaci\u00f3n<\/span><\/td>\n<\/tr>\n<tr style=\"text-align: justify\">\n<td style=\"text-align: justify\" width=\"34\"><span style=\"color: #000000\"><b>12<\/b><\/span><\/td>\n<td style=\"text-align: justify\" width=\"486\"><span style=\"color: #000000\">Actividad f\u00edsica y recreativas en el adulto mayor del Cant\u00f3n Manta.<\/span><\/td>\n<td width=\"82\"><span style=\"color: #000000\">Ciencias de la Educaci\u00f3n<\/span><\/td>\n<\/tr>\n<tr style=\"text-align: justify\">\n<td width=\"34\"><span style=\"color: #000000\"><b>13<\/b><\/span><\/td>\n<td style=\"text-align: justify\" width=\"486\"><span style=\"color: #000000\">Asesoramiento t\u00e9cnico y legislativo para la conservaci\u00f3n de los ecosistemas terrestres y marinos de la franja costera de los cantones Manta y Jaramij\u00f3.&nbsp;<\/span><\/td>\n<td width=\"82\"><span style=\"color: #000000\">Ciencias del Mar<\/span><\/td>\n<\/tr>\n<tr style=\"text-align: justify\">\n<td width=\"34\"><span style=\"color: #000000\"><b>14<\/b><\/span><\/td>\n<td style=\"text-align: justify\" width=\"486\"><span style=\"color: #000000\">Desarrollo, implementaci\u00f3n y asesoramiento de software &#8211; aplicaciones web dirigido a los comerciantes y artesanos de los cantones Manta &#8211; Jaramij\u00f3 y Montecristi de la Provincia de Manab\u00ed.&nbsp;<\/span><\/td>\n<td style=\"text-align: justify\" width=\"82\"><span style=\"color: #000000\">Ciencias Inform\u00e1ticas<\/span><\/td>\n<\/tr>\n<tr style=\"text-align: justify\">\n<td width=\"34\"><span style=\"color: #000000\"><b>15<\/b><\/span><\/td>\n<td width=\"486\"><span style=\"color: #000000\">Promoci\u00f3n de la salud y prevenci\u00f3n de enfermedades prevalentes en los cantones Manta, Montecristi y Jaramij\u00f3, 2016-2020.<\/span><\/td>\n<td width=\"82\"><span style=\"color: #000000\">Ciencias M\u00e9dicas<\/span><\/td>\n<\/tr>\n<tr style=\"text-align: justify\">\n<td width=\"34\"><span style=\"color: #000000\"><b>16<\/b><\/span><\/td>\n<td width=\"486\"><span style=\"color: #000000\">Seguridad alimentaria en los cantones Manta, Montecristi y Jaramij\u00f3 a\u00f1o 2016-2020<\/span><\/td>\n<td width=\"82\"><span style=\"color: #000000\">Ciencias M\u00e9dicas<\/span><\/td>\n<\/tr>\n<tr style=\"text-align: justify\">\n<td width=\"34\"><span style=\"color: #000000\"><b>17<\/b><\/span><\/td>\n<td width=\"486\"><span style=\"color: #000000\">Promoci\u00f3n ciudadana en el autocuidado de la salud durante el ciclo de vida, en el cant\u00f3n Manta a\u00f1o&nbsp; 2016-2020.<\/span><\/td>\n<td width=\"82\"><span style=\"color: #000000\">Ciencias M\u00e9dicas<\/span><\/td>\n<\/tr>\n<tr style=\"text-align: justify\">\n<td width=\"34\"><span style=\"color: #000000\"><b>18<\/b><\/span><\/td>\n<td width=\"486\"><span style=\"color: #000000\">Manual para la aplicaci\u00f3n de financiamiento externo para micronegocios de los comerciantes de los mercados central y tarqui.<\/span><\/td>\n<td width=\"82\"><span style=\"color: #000000\">Contabilidad y Auditoria<\/span><\/td>\n<\/tr>\n<tr style=\"text-align: justify\">\n<td width=\"34\"><span style=\"color: #000000\"><b>19<\/b><\/span><\/td>\n<td width=\"486\"><span style=\"color: #000000\">Manual para la aplicaci\u00f3n de normativa legal y buenas pr\u00e1cticas de manufactura para la operatividad de los negocios de los comerciantes de los mercados central y tarqui.&nbsp;<\/span><\/td>\n<td width=\"82\"><span style=\"color: #000000\">Contabilidad y Auditoria<\/span><\/td>\n<\/tr>\n<tr style=\"text-align: justify\">\n<td width=\"34\"><span style=\"color: #000000\"><b>20<\/b><\/span><\/td>\n<td width=\"486\"><span style=\"color: #000000\">Promoci\u00f3n ciudadana en el autocuidado de la salud durante el ciclo de vida del cant\u00f3n Manta 2016-2020<\/span><\/td>\n<td width=\"82\"><span style=\"color: #000000\">Enfermer\u00eda<\/span><\/td>\n<\/tr>\n<tr style=\"text-align: justify\">\n<td style=\"text-align: justify\" width=\"34\"><span style=\"color: #000000\"><b>21<\/b><\/span><\/td>\n<td style=\"text-align: justify\" width=\"486\"><span style=\"color: #000000\">Desarrollo de competencias laborales en la gesti\u00f3n secretarial, dirigido a las organizaciones gremiales pesqueras de la zona centro sur costera de la provincia de Manab\u00ed.&nbsp;<\/span><\/td>\n<td width=\"82\"><span style=\"color: #000000\">Gesti\u00f3n, Desarrollo y Secretariado Ejecutivo<\/span><\/td>\n<\/tr>\n<tr style=\"text-align: justify\">\n<td width=\"34\"><span style=\"color: #000000\"><b>22<\/b><\/span><\/td>\n<td style=\"text-align: justify\" width=\"486\"><span style=\"color: #000000\">Desarrollo del ecoturismo en las zonas de anidaci\u00f3n y eclosi\u00f3n de tortugas marinas en la playa de San Lorenzo como aporte tur\u00edstico y educativo para su comunidad.<\/span><\/td>\n<td style=\"text-align: justify\" width=\"82\"><span style=\"color: #000000\">Hoteler\u00eda y Turismo<\/span><\/td>\n<\/tr>\n<tr style=\"text-align: justify\">\n<td width=\"34\"><span style=\"color: #000000\"><b>23<\/b><\/span><\/td>\n<td width=\"486\"><span style=\"color: #000000\">Fortalecimiento de la calidad de servicios del cliente interno en las empresas hoteleras, tur\u00edsticas y gastron\u00f3mica.&nbsp;<\/span><\/td>\n<td width=\"82\"><span style=\"color: #000000\">Hoteler\u00eda y Turismo<\/span><\/td>\n<\/tr>\n<tr style=\"text-align: justify\">\n<td width=\"34\"><span style=\"color: #000000\"><b>24<\/b><\/span><\/td>\n<td width=\"486\"><span style=\"color: #000000\">Mejoramiento dela calidad de vida de los pescadores artesanales y sus familias en San Mateo y Jaramij\u00f3 a trav\u00e9s del fortalecimiento de sus capacidades t\u00e9cnicas interdisciplinarias, habilidades y destrezas.&nbsp;<\/span><\/td>\n<td width=\"82\"><span style=\"color: #000000\">Ingenier\u00eda<\/span><\/td>\n<\/tr>\n<tr style=\"text-align: justify\">\n<td style=\"text-align: justify\" width=\"34\"><span style=\"color: #000000\"><b>25<\/b><\/span><\/td>\n<td style=\"text-align: justify\" width=\"486\"><span style=\"color: #000000\">Fortalecimiento de capacidades t\u00e9cnicas, habilidades y destrezas para maestros de construcci\u00f3n de edificaciones en la ciudad de Manta.&nbsp;<\/span><\/td>\n<td width=\"82\"><span style=\"color: #000000\">Ingenier\u00eda<\/span><\/td>\n<\/tr>\n<tr style=\"text-align: justify\">\n<td width=\"34\"><span style=\"color: #000000\"><b>26<\/b><\/span><\/td>\n<td width=\"486\"><span style=\"color: #000000\">Implementaci\u00f3n de una vaca mec\u00e1nica para la producci\u00f3n de leche de soya para la comunidad San Jos\u00e9 del barrio 1 de diciembre de la ciudad de Manta 2016-2018<\/span><\/td>\n<td width=\"82\"><span style=\"color: #000000\">Ingenier\u00eda Industrial<\/span><\/td>\n<\/tr>\n<tr style=\"text-align: justify\">\n<td width=\"34\"><span style=\"color: #000000\"><b>27<\/b><\/span><\/td>\n<td width=\"486\"><span style=\"color: #000000\">Mejora continua en el proceso de la microempresa \u00bb Natupal\u00bb de san Miguel de palo largo de la parroquia de Ayacucho del Cant\u00f3n Santa Ana&nbsp;<\/span><\/td>\n<td width=\"82\"><span style=\"color: #000000\">Ingenier\u00eda Industrial<\/span><\/td>\n<\/tr>\n<tr style=\"text-align: justify\">\n<td width=\"34\"><span style=\"color: #000000\"><b>28<\/b><\/span><\/td>\n<td width=\"486\"><span style=\"color: #000000\">Prevenci\u00f3n de la drogadicci\u00f3n en ni\u00f1os, ni\u00f1as y j\u00f3venes de la comuna Eloy Alfaro del Cant\u00f3n Montecristi del&nbsp; 2017-2020<\/span><\/td>\n<td width=\"82\"><span style=\"color: #000000\">Trabajo Social<\/span><\/td>\n<\/tr>\n<tr>\n<td style=\"text-align: justify\" width=\"34\"><span style=\"color: #000000\"><b>29<\/b><\/span><\/td>\n<td style=\"text-align: justify\" width=\"486\"><span style=\"color: #000000\">Prevenci\u00f3n de la drogadicci\u00f3n en ni\u00f1os, ni\u00f1as y j\u00f3venes de la comuna los bajos del pechiche del Cant\u00f3n Montecristi del 2017 &#8211; 2019<\/span><\/td>\n<td width=\"82\"><span style=\"color: #000000\">Trabajo Social<\/span><\/td>\n<\/tr>\n<\/tbody>\n<\/table>\n","protected":false},"excerpt":{"rendered":"<p>Proyectos de Vinculaci\u00f3n (matriz) 2018 N\u00b0 Proyecto Carrera 1 Mejoramiento de la calidad de vida de los pescadores artesanales y sus familias en San Mateo y Jaramijo a trav\u00e9s del fortalecimiento de<a class=\"moretag\" href=\"https:\/\/departamentos.uleam.edu.ec\/vinculacion-colectividad\/proyectos-2018\/\">Leer m\u00e1s&#8230;<\/a><\/p>\n","protected":false},"author":47,"featured_media":0,"parent":0,"menu_order":0,"comment_status":"closed","ping_status":"closed","template":"","meta":{"footnotes":"","_links_to":"","_links_to_target":""},"class_list":["post-2473","page","type-page","status-publish","hentry"],"_links":{"self":[{"href":"https:\/\/departamentos.uleam.edu.ec\/vinculacion-colectividad\/wp-json\/wp\/v2\/pages\/2473","targetHints":{"allow":["GET"]}}],"collection":[{"href":"https:\/\/departamentos.uleam.edu.ec\/vinculacion-colectividad\/wp-json\/wp\/v2\/pages"}],"about":[{"href":"https:\/\/departamentos.uleam.edu.ec\/vinculacion-colectividad\/wp-json\/wp\/v2\/types\/page"}],"author":[{"embeddable":true,"href":"https:\/\/departamentos.uleam.edu.ec\/vinculacion-colectividad\/wp-json\/wp\/v2\/users\/47"}],"replies":[{"embeddable":true,"href":"https:\/\/departamentos.uleam.edu.ec\/vinculacion-colectividad\/wp-json\/wp\/v2\/comments?post=2473"}],"version-history":[{"count":18,"href":"https:\/\/departamentos.uleam.edu.ec\/vinculacion-colectividad\/wp-json\/wp\/v2\/pages\/2473\/revisions"}],"predecessor-version":[{"id":3189,"href":"https:\/\/departamentos.uleam.edu.ec\/vinculacion-colectividad\/wp-json\/wp\/v2\/pages\/2473\/revisions\/3189"}],"wp:attachment":[{"href":"https:\/\/departamentos.uleam.edu.ec\/vinculacion-colectividad\/wp-json\/wp\/v2\/media?parent=2473"}],"curies":[{"name":"wp","href":"https:\/\/api.w.org\/{rel}","templated":true}]}}