{"id":2660,"date":"2018-09-06T11:52:13","date_gmt":"2018-09-06T16:52:13","guid":{"rendered":"http:\/\/departamentos.uleam.edu.ec\/vinculacion-colectividad\/?page_id=2660"},"modified":"2018-09-06T11:57:15","modified_gmt":"2018-09-06T16:57:15","slug":"proyectos-de-vinculacion-extension-el-carmen-2015","status":"publish","type":"page","link":"https:\/\/departamentos.uleam.edu.ec\/vinculacion-colectividad\/proyectos-de-vinculacion-extension-el-carmen-2015\/","title":{"rendered":"PROYECTOS DE VINCULACI\u00d3N (EXTENSI\u00d3N EL CARMEN) 2015"},"content":{"rendered":"<p style=\"text-align: center\"><strong>Proyectos de Vinculaci\u00f3n (Extensi\u00f3n El Carmen) 2015<\/strong><\/p>\n<table style=\"height: 129px\" width=\"695\">\n<tbody>\n<tr>\n<td width=\"34\"><strong>N\u00b0<\/strong><\/td>\n<td width=\"486\"><b>Proyecto<\/b><\/td>\n<td width=\"82\"><b>Carrera<\/b><\/td>\n<\/tr>\n<tr>\n<td width=\"34\"><strong>1<\/strong><\/td>\n<td width=\"486\">ENSE\u00d1ANZA DEL IDIOMA INGL\u00c9S COMO SEGUNDA LENGUA A LOS ESTUDIANTES EN LOS CENTROS DE EDUCACI\u00d3N B\u00c1SICA DE LA CIUDAD DE CHONE Y TOSAGUA DURANTE EL PER\u00cdODO 2014-2016<\/td>\n<td width=\"82\">Ciencias Agropecuarias<\/td>\n<\/tr>\n<tr>\n<td width=\"34\"><b>2<\/b><\/td>\n<td width=\"486\">PROGRAMACI\u00d3N DE COSECHA, NUTRICI\u00d3N Y CONTROL DE PLAGAS DE LOS CULTIVOS DE PL\u00c1TANO EN LAS ASOCIACIONES DE PRODUCTORES DEL CANT\u00d3N EL CARMEN.<\/td>\n<td width=\"82\">Ciencias Agropecuarias<\/td>\n<\/tr>\n<tr>\n<td width=\"34\"><b>3<\/b><\/td>\n<td width=\"486\">FORTALECIMIENTO Y DESARROLLO DE LAS DESTREZAS Y HABILIDADES COGNITIVAS EN NI\u00d1OS, J\u00d3VENES Y ADULTOS DEL CANT\u00d3N EL CARMEN DE LA PROVINCIA DE MANABI 2015-2018<\/td>\n<td width=\"82\">Ciencias de la Educaci\u00f3n<\/td>\n<\/tr>\n<tr>\n<td width=\"34\"><b>4<\/b><\/td>\n<td width=\"486\">DESARROLLO Y FORTALECIMIENTO DE DESTREZAS Y HABILIDADES EMPRESARIALES DE GRUPOS ORGANIZADOS DEL CANT\u00d3N EL CARMEN Y SU ZONA DE INFLUENCIA EN EL PERIODO 2015-2019<\/td>\n<td width=\"82\">Contabilidad y Auditoria<\/td>\n<\/tr>\n<tr>\n<td width=\"34\"><b>5<\/b><\/td>\n<td width=\"486\">ALFABETIZACI\u00d3N DIGITAL A GRUPOS ORGANIZADOS DEL CANT\u00d3N EL CARMEN Y SU ZONA DE INFLUENCIA (2015-2018)<\/td>\n<td width=\"82\">Ciencias Inform\u00e1ticas<\/td>\n<\/tr>\n<\/tbody>\n<\/table>\n","protected":false},"excerpt":{"rendered":"<p>Proyectos de Vinculaci\u00f3n (Extensi\u00f3n El Carmen) 2015 N\u00b0 Proyecto Carrera 1 ENSE\u00d1ANZA DEL IDIOMA INGL\u00c9S COMO SEGUNDA LENGUA A LOS ESTUDIANTES EN LOS CENTROS DE EDUCACI\u00d3N B\u00c1SICA DE LA CIUDAD DE CHONE<a class=\"moretag\" href=\"https:\/\/departamentos.uleam.edu.ec\/vinculacion-colectividad\/proyectos-de-vinculacion-extension-el-carmen-2015\/\">Leer m\u00e1s&#8230;<\/a><\/p>\n","protected":false},"author":47,"featured_media":0,"parent":0,"menu_order":0,"comment_status":"closed","ping_status":"closed","template":"","meta":{"footnotes":"","_links_to":"","_links_to_target":""},"class_list":["post-2660","page","type-page","status-publish","hentry"],"_links":{"self":[{"href":"https:\/\/departamentos.uleam.edu.ec\/vinculacion-colectividad\/wp-json\/wp\/v2\/pages\/2660","targetHints":{"allow":["GET"]}}],"collection":[{"href":"https:\/\/departamentos.uleam.edu.ec\/vinculacion-colectividad\/wp-json\/wp\/v2\/pages"}],"about":[{"href":"https:\/\/departamentos.uleam.edu.ec\/vinculacion-colectividad\/wp-json\/wp\/v2\/types\/page"}],"author":[{"embeddable":true,"href":"https:\/\/departamentos.uleam.edu.ec\/vinculacion-colectividad\/wp-json\/wp\/v2\/users\/47"}],"replies":[{"embeddable":true,"href":"https:\/\/departamentos.uleam.edu.ec\/vinculacion-colectividad\/wp-json\/wp\/v2\/comments?post=2660"}],"version-history":[{"count":3,"href":"https:\/\/departamentos.uleam.edu.ec\/vinculacion-colectividad\/wp-json\/wp\/v2\/pages\/2660\/revisions"}],"predecessor-version":[{"id":2663,"href":"https:\/\/departamentos.uleam.edu.ec\/vinculacion-colectividad\/wp-json\/wp\/v2\/pages\/2660\/revisions\/2663"}],"wp:attachment":[{"href":"https:\/\/departamentos.uleam.edu.ec\/vinculacion-colectividad\/wp-json\/wp\/v2\/media?parent=2660"}],"curies":[{"name":"wp","href":"https:\/\/api.w.org\/{rel}","templated":true}]}}