{"id":2667,"date":"2018-09-06T11:59:42","date_gmt":"2018-09-06T16:59:42","guid":{"rendered":"http:\/\/departamentos.uleam.edu.ec\/vinculacion-colectividad\/?page_id=2667"},"modified":"2018-09-06T11:59:42","modified_gmt":"2018-09-06T16:59:42","slug":"proyectos-de-vinculacion-extension-pedernales-2015","status":"publish","type":"page","link":"https:\/\/departamentos.uleam.edu.ec\/vinculacion-colectividad\/proyectos-de-vinculacion-extension-pedernales-2015\/","title":{"rendered":"PROYECTOS DE VINCULACI\u00d3N (EXTENSI\u00d3N PEDERNALES) 2015"},"content":{"rendered":"<p style=\"text-align: center\"><strong>Proyectos de Vinculaci\u00f3n (Extensi\u00f3n Pedernales) 2015<\/strong><\/p>\n<table style=\"height: 129px\" width=\"695\">\n<tbody>\n<tr>\n<td width=\"34\"><strong>N\u00b0<\/strong><\/td>\n<td width=\"486\"><b>Proyecto<\/b><\/td>\n<td width=\"82\"><b>Carrera<\/b><\/td>\n<\/tr>\n<tr>\n<td width=\"34\"><b>1<\/b><\/td>\n<td width=\"486\">ASESOR\u00cdA T\u00c9CNICA A LA ASOCIACI\u00d3N DE QUINTAS FAMILIARES RI\u00d3 VITE PARA LA ELABORACI\u00d3N DE BLOQUES MULTINUTRICIONALES PARA EL GANADO BOVINO 2015-2017.<\/td>\n<td width=\"82\">Ciencias Agropecuarias<\/td>\n<\/tr>\n<\/tbody>\n<\/table>\n","protected":false},"excerpt":{"rendered":"<p>Proyectos de Vinculaci\u00f3n (Extensi\u00f3n Pedernales) 2015 N\u00b0 Proyecto Carrera 1 ASESOR\u00cdA T\u00c9CNICA A LA ASOCIACI\u00d3N DE QUINTAS FAMILIARES RI\u00d3 VITE PARA LA ELABORACI\u00d3N DE BLOQUES MULTINUTRICIONALES PARA EL GANADO BOVINO 2015-2017. Ciencias<a class=\"moretag\" href=\"https:\/\/departamentos.uleam.edu.ec\/vinculacion-colectividad\/proyectos-de-vinculacion-extension-pedernales-2015\/\">Leer m\u00e1s&#8230;<\/a><\/p>\n","protected":false},"author":47,"featured_media":0,"parent":0,"menu_order":0,"comment_status":"closed","ping_status":"closed","template":"","meta":{"footnotes":"","_links_to":"","_links_to_target":""},"class_list":["post-2667","page","type-page","status-publish","hentry"],"_links":{"self":[{"href":"https:\/\/departamentos.uleam.edu.ec\/vinculacion-colectividad\/wp-json\/wp\/v2\/pages\/2667","targetHints":{"allow":["GET"]}}],"collection":[{"href":"https:\/\/departamentos.uleam.edu.ec\/vinculacion-colectividad\/wp-json\/wp\/v2\/pages"}],"about":[{"href":"https:\/\/departamentos.uleam.edu.ec\/vinculacion-colectividad\/wp-json\/wp\/v2\/types\/page"}],"author":[{"embeddable":true,"href":"https:\/\/departamentos.uleam.edu.ec\/vinculacion-colectividad\/wp-json\/wp\/v2\/users\/47"}],"replies":[{"embeddable":true,"href":"https:\/\/departamentos.uleam.edu.ec\/vinculacion-colectividad\/wp-json\/wp\/v2\/comments?post=2667"}],"version-history":[{"count":1,"href":"https:\/\/departamentos.uleam.edu.ec\/vinculacion-colectividad\/wp-json\/wp\/v2\/pages\/2667\/revisions"}],"predecessor-version":[{"id":2668,"href":"https:\/\/departamentos.uleam.edu.ec\/vinculacion-colectividad\/wp-json\/wp\/v2\/pages\/2667\/revisions\/2668"}],"wp:attachment":[{"href":"https:\/\/departamentos.uleam.edu.ec\/vinculacion-colectividad\/wp-json\/wp\/v2\/media?parent=2667"}],"curies":[{"name":"wp","href":"https:\/\/api.w.org\/{rel}","templated":true}]}}