{"id":2706,"date":"2018-09-07T11:14:03","date_gmt":"2018-09-07T16:14:03","guid":{"rendered":"http:\/\/departamentos.uleam.edu.ec\/vinculacion-colectividad\/?page_id=2706"},"modified":"2019-08-29T15:54:38","modified_gmt":"2019-08-29T20:54:38","slug":"proyectos-de-vinculacion-matriz-2017","status":"publish","type":"page","link":"https:\/\/departamentos.uleam.edu.ec\/vinculacion-colectividad\/proyectos-de-vinculacion-matriz-2017\/","title":{"rendered":"Proyectos de vinculaci\u00f3n (matriz) 2017"},"content":{"rendered":"<p style=\"text-align: center\"><span style=\"color: #000000\"><strong>Proyectos de Vinculaci\u00f3n (Matriz) 2017<\/strong><\/span><\/p>\n<table style=\"height: 129px\" width=\"695\">\n<tbody>\n<tr>\n<td width=\"34\"><span style=\"color: #000000\"><strong>N\u00b0<\/strong><\/span><\/td>\n<td width=\"486\"><span style=\"color: #000000\"><b>Proyecto<\/b><\/span><\/td>\n<td width=\"82\"><span style=\"color: #000000\"><b>Carrera<\/b><\/span><\/td>\n<\/tr>\n<tr>\n<td width=\"34\"><span style=\"color: #000000\"><strong>1<\/strong><\/span><\/td>\n<td style=\"text-align: justify\" width=\"486\"><span style=\"color: #000000\">Mejoramiento de la calidad de vida de los pescadores artesanales y sus familias en San Mateo y Jaramij\u00f3 a trav\u00e9s del fortalecimiento de sus capacidades t\u00e9cnicas interdisciplinarias, habilidades y destrezas.\u00a0<\/span><\/td>\n<td style=\"text-align: justify\" width=\"82\"><span style=\"color: #000000\">Arquitectura<\/span><\/td>\n<\/tr>\n<tr style=\"text-align: justify\">\n<td width=\"34\"><span style=\"color: #000000\"><b>2<\/b><\/span><\/td>\n<td width=\"486\"><span style=\"color: #000000\">Fortalecimiento de capacidades t\u00e9cnicas, habilidades y destrezas para maestros de construcci\u00f3n de edificaciones en la ciudad de Manta.\u00a0<\/span><\/td>\n<td width=\"82\"><span style=\"color: #000000\">Arquitectura<\/span><\/td>\n<\/tr>\n<tr style=\"text-align: justify\">\n<td width=\"34\"><span style=\"color: #000000\"><b>3<\/b><\/span><\/td>\n<td width=\"486\"><span style=\"color: #000000\">Mejoramiento de las potencialidades en mercadotecnia, atenci\u00f3n y servicio al cliente, con el sector artesanal y las asociaciones de comerciantes de los cantones Manta, Jaramijo y Montecristi de la Provincia de Manab\u00ed.<\/span><\/td>\n<td width=\"82\"><span style=\"color: #000000\">Ciencias Administrativas<\/span><\/td>\n<\/tr>\n<tr style=\"text-align: justify\">\n<td width=\"34\"><span style=\"color: #000000\"><b>4<\/b><\/span><\/td>\n<td width=\"486\"><span style=\"color: #000000\">Fortalecimiento socioecon\u00f3mico de los emprendimientos de artesanos y comerciantes formales e informales del Cant\u00f3n montecristi.\u00a0<\/span><\/td>\n<td width=\"82\"><span style=\"color: #000000\">Ciencias Administrativas<\/span><\/td>\n<\/tr>\n<tr style=\"text-align: justify\">\n<td width=\"34\"><span style=\"color: #000000\"><b>5<\/b><\/span><\/td>\n<td width=\"486\"><span style=\"color: #000000\">Fortalecimiento de las buenas pr\u00e1cticas de manufactura en la conservaci\u00f3n y valor agregado en productos derivados del mar y agr\u00edcola del sector artesanal de la parroquia San Mateo.<\/span><\/td>\n<td width=\"82\"><span style=\"color: #000000\">Ciencias Agropecuarias<\/span><\/td>\n<\/tr>\n<tr style=\"text-align: justify\">\n<td width=\"34\"><span style=\"color: #000000\"><b>6<\/b><\/span><\/td>\n<td width=\"486\"><span style=\"color: #000000\">Producci\u00f3n e implementaci\u00f3n sostenibles de huertos org\u00e1nicos familiares como alternativa de desarrollo socioecon\u00f3mico, para los pescadores del puerto pesquero artesanal del cant\u00f3n Jaramij\u00f3, Provincia de Manab\u00ed.\u00a0<\/span><\/td>\n<td width=\"82\"><span style=\"color: #000000\">Ciencias Agropecuarias<\/span><\/td>\n<\/tr>\n<tr style=\"text-align: justify\">\n<td width=\"34\"><span style=\"color: #000000\"><b>7<\/b><\/span><\/td>\n<td width=\"486\"><span style=\"color: #000000\">Asesoramiento t\u00e9cnico y legislativo para la conservaci\u00f3n de los ecosistemas terrestres y marinos de la franja costera de los cantones Manta y Jaramij\u00f3.\u00a0<\/span><\/td>\n<td width=\"82\"><span style=\"color: #000000\">Ciencias Agropecuarias<\/span><\/td>\n<\/tr>\n<tr style=\"text-align: justify\">\n<td width=\"34\"><span style=\"color: #000000\"><b>8<\/b><\/span><\/td>\n<td width=\"486\"><span style=\"color: #000000\">Las herramientas comunicacionales y la econom\u00eda popular y solidaria de Manab\u00ed.\u00a0<\/span><\/td>\n<td width=\"82\"><span style=\"color: #000000\">Ciencias de la Comunicaci\u00f3n<\/span><\/td>\n<\/tr>\n<tr>\n<td style=\"text-align: justify\" width=\"34\"><span style=\"color: #000000\"><b>9<\/b><\/span><\/td>\n<td style=\"text-align: justify\" width=\"486\"><span style=\"color: #000000\">Desarrollo de las competencias laborales para propiciar la reducci\u00f3n de la cadena de valor en la comercializaci\u00f3n del sombrero de paja toquilla, en el sitio la solita del cant\u00f3n Montecristi.\u00a0<\/span><\/td>\n<td width=\"82\"><span style=\"color: #000000\">Ciencias Econ\u00f3micas<\/span><\/td>\n<\/tr>\n<tr>\n<td style=\"text-align: justify\" width=\"34\"><span style=\"color: #000000\"><b>10<\/b><\/span><\/td>\n<td style=\"text-align: justify\" width=\"486\"><span style=\"color: #000000\">Fortalecimiento de una cultura empresarial para el desarrollo comercial de los subsectores productivos de la Provincia de Manab\u00ed.<\/span><\/td>\n<td style=\"text-align: justify\" width=\"82\"><span style=\"color: #000000\">Ciencias Econ\u00f3micas<\/span><\/td>\n<\/tr>\n<tr style=\"text-align: justify\">\n<td width=\"34\"><span style=\"color: #000000\"><b>11<\/b><\/span><\/td>\n<td width=\"486\"><span style=\"color: #000000\">Actividad f\u00edsica deportes y recreaci\u00f3n para la detecci\u00f3n de talentos deportivos en los ni\u00f1os \/as de la educaci\u00f3n b\u00e1sica general de las escuelas de los cantones de Manta, Montecristi y Jaramij\u00f3\u00a0<\/span><\/td>\n<td width=\"82\"><span style=\"color: #000000\">Ciencias de la Educaci\u00f3n<\/span><\/td>\n<\/tr>\n<tr style=\"text-align: justify\">\n<td width=\"34\"><span style=\"color: #000000\"><b>12<\/b><\/span><\/td>\n<td width=\"486\"><span style=\"color: #000000\">Actividad f\u00edsica y recreativas en el adulto mayor del Cant\u00f3n Manta.\u00a0<\/span><\/td>\n<td width=\"82\"><span style=\"color: #000000\">Ciencias de la Educaci\u00f3n<\/span><\/td>\n<\/tr>\n<tr>\n<td width=\"34\"><span style=\"color: #000000\"><b>13<\/b><\/span><\/td>\n<td width=\"486\"><span style=\"color: #000000\">Desarrollo de pr\u00e1cticas innovadoras del aprendizaje en la \u00e1reas de matem\u00e1ticas, lengua y literatura en el centro anexo a la Facultad e instituciones que laboran con la pr\u00e1ctica docente.\u00a0<\/span><\/td>\n<td width=\"82\"><span style=\"color: #000000\">Ciencias de la Educaci\u00f3n<\/span><\/td>\n<\/tr>\n<tr>\n<td width=\"34\"><span style=\"color: #000000\"><b>14<\/b><\/span><\/td>\n<td style=\"text-align: justify\" width=\"486\"><span style=\"color: #000000\">Indagaci\u00f3n de problemas de docencia del sistema educativo del Centro de educaci\u00f3n inicial y primer a\u00f1o b\u00e1sico de la\u00a0 U.E.F. Rep\u00fablica del Ecuador.<\/span><\/td>\n<td width=\"82\"><span style=\"color: #000000\">Ciencias de la Educaci\u00f3n<\/span><\/td>\n<\/tr>\n<tr>\n<td width=\"34\"><span style=\"color: #000000\"><b>15<\/b><\/span><\/td>\n<td width=\"486\"><span style=\"color: #000000\">Asesoramiento t\u00e9cnico y legislativo para la conservaci\u00f3n de los ecosistemas terrestres y marinos de la franja costera de los cantones Manta y Jaramijo.<\/span><\/td>\n<td width=\"82\"><span style=\"color: #000000\">Ciencias del Mar<\/span><\/td>\n<\/tr>\n<tr>\n<td width=\"34\"><span style=\"color: #000000\"><b>16<\/b><\/span><\/td>\n<td width=\"486\"><span style=\"color: #000000\">Desarrollo, implementaci\u00f3n y asesoramiento de software &#8211; aplicaciones web dirigido a los comerciantes y artesanos de los cantones Manta, Jaramij\u00f3 y Montecristi de la Provincia de Manab\u00ed.<\/span><\/td>\n<td width=\"82\"><span style=\"color: #000000\">Ciencias Inform\u00e1ticas<\/span><\/td>\n<\/tr>\n<tr>\n<td width=\"34\"><span style=\"color: #000000\"><b>17<\/b><\/span><\/td>\n<td width=\"486\"><span style=\"color: #000000\">Promoci\u00f3n de la salud y prevenci\u00f3n de enfermedades prevalentes en los Cantones de Manta, Montecristi y Jaramij\u00f3, 2016-2020.<\/span><\/td>\n<td width=\"82\"><span style=\"color: #000000\">Ciencias M\u00e9dicas<\/span><\/td>\n<\/tr>\n<tr>\n<td width=\"34\"><span style=\"color: #000000\"><b>18<\/b><\/span><\/td>\n<td style=\"text-align: justify\" width=\"486\"><span style=\"color: #000000\">Seguridad alimentaria en los cantones: Manta, Montecristi y Jaramij\u00f3 a\u00f1o 2016-2020<\/span><\/td>\n<td style=\"text-align: justify\" width=\"82\"><span style=\"color: #000000\">Ciencias M\u00e9dicas<\/span><\/td>\n<\/tr>\n<tr>\n<td style=\"text-align: justify\" width=\"34\"><span style=\"color: #000000\"><b>19<\/b><\/span><\/td>\n<td style=\"text-align: justify\" width=\"486\"><span style=\"color: #000000\">Promoci\u00f3n ciudadana en el autocuidado de la salud durante el ciclo de vida, en el cant\u00f3n Manta a\u00f1o 2016-2020.<\/span><\/td>\n<td width=\"82\"><span style=\"color: #000000\">Ciencias M\u00e9dicas<\/span><\/td>\n<\/tr>\n<tr>\n<td style=\"text-align: justify\" width=\"34\"><span style=\"color: #000000\"><b>20<\/b><\/span><\/td>\n<td style=\"text-align: justify\" width=\"486\"><span style=\"color: #000000\">Manual para la aplicaci\u00f3n de financiamiento externo para micronegocios de los comerciantes de los mercados central y tarqui.<\/span><\/td>\n<td style=\"text-align: justify\" width=\"82\"><span style=\"color: #000000\">Contabilidad y Auditoria<\/span><\/td>\n<\/tr>\n<tr style=\"text-align: justify\">\n<td width=\"34\"><span style=\"color: #000000\"><b>21<\/b><\/span><\/td>\n<td width=\"486\"><span style=\"color: #000000\">Manual para la aplicaci\u00f3n de normativa legal y buenas pr\u00e1cticas de manufactura para la operatividad de los negocios de los comerciantes de los mercados central y tarqui.\u00a0<\/span><\/td>\n<td width=\"82\"><span style=\"color: #000000\">Contabilidad y Auditoria<\/span><\/td>\n<\/tr>\n<tr style=\"text-align: justify\">\n<td width=\"34\"><span style=\"color: #000000\"><b>22<\/b><\/span><\/td>\n<td width=\"486\"><span style=\"color: #000000\">Mecanismo para adquirir el dominio de la posesi\u00f3n sobre bienes mostrencos en el \u00e1rea urbana de Manta a\u00f1o 2016-2017, en coordinaci\u00f3n con el Gad de Manta.<\/span><\/td>\n<td width=\"82\"><span style=\"color: #000000\">Derecho<\/span><\/td>\n<\/tr>\n<tr>\n<td style=\"text-align: justify\" width=\"34\"><span style=\"color: #000000\"><b>23<\/b><\/span><\/td>\n<td style=\"text-align: justify\" width=\"486\"><span style=\"color: #000000\">Promoci\u00f3n ciudadana en el autocuidado de la salud durante el ciclo de vida del Cant\u00f3n Manta 2016-2020<\/span><\/td>\n<td width=\"82\"><span style=\"color: #000000\">Enfermer\u00eda<\/span><\/td>\n<\/tr>\n<tr>\n<td width=\"34\"><span style=\"color: #000000\"><b>24<\/b><\/span><\/td>\n<td style=\"text-align: justify\" width=\"486\"><span style=\"color: #000000\">Desarrollo de competencias laborales en la gesti\u00f3n secretarial, dirigido a las organizaciones gremiales pesqueras de la zona centro sur costera de la Provincia de Manab\u00ed.<\/span><\/td>\n<td width=\"82\"><span style=\"color: #000000\">Gesti\u00f3n, Desarrollo y Secretariado Ejecutivo<\/span><\/td>\n<\/tr>\n<tr>\n<td width=\"34\"><span style=\"color: #000000\"><b>25<\/b><\/span><\/td>\n<td style=\"text-align: justify\" width=\"486\"><span style=\"color: #000000\">Desarrollo del ecoturismo en las zonas de anidaci\u00f3n y eclosi\u00f3n de tortugas marinas en la playa de San Lorenzo, como aporte tur\u00edstico y educativo para su comunidad.\u00a0<\/span><\/td>\n<td width=\"82\"><span style=\"color: #000000\">Hoteler\u00eda y Turismo<\/span><\/td>\n<\/tr>\n<tr>\n<td width=\"34\"><span style=\"color: #000000\"><b>26<\/b><\/span><\/td>\n<td style=\"text-align: justify\" width=\"486\"><span style=\"color: #000000\">Fortalecimiento de la calidad de servicios del cliente interno en las empresas hoteleras, tur\u00edsticas y gastron\u00f3mica.<\/span><\/td>\n<td style=\"text-align: justify\" width=\"82\"><span style=\"color: #000000\">Hoteler\u00eda y Turismo<\/span><\/td>\n<\/tr>\n<tr>\n<td style=\"text-align: justify\" width=\"34\"><span style=\"color: #000000\"><b>27<\/b><\/span><\/td>\n<td style=\"text-align: justify\" width=\"486\"><span style=\"color: #000000\">Mejoramiento de la calidad de vida de los pescadores artesanales y sus familias en San Mateo y Jaramij\u00f3 a trav\u00e9s del fortalecimiento de sus capacidades t\u00e9cnicas interdisciplinarias, habilidades y destrezas.\u00a0<\/span><\/td>\n<td width=\"82\"><span style=\"color: #000000\">Ingenier\u00eda<\/span><\/td>\n<\/tr>\n<tr>\n<td width=\"34\"><span style=\"color: #000000\"><b>28<\/b><\/span><\/td>\n<td style=\"text-align: justify\" width=\"486\"><span style=\"color: #000000\">Fortalecimiento de capacidades t\u00e9cnicas, habilidades y destrezas para maestros de construcci\u00f3n de edificaciones en la ciudad de Manta.\u00a0<\/span><\/td>\n<td width=\"82\"><span style=\"color: #000000\">Ingenier\u00eda<\/span><\/td>\n<\/tr>\n<tr>\n<td width=\"34\"><span style=\"color: #000000\"><b>29<\/b><\/span><\/td>\n<td style=\"text-align: justify\" width=\"486\"><span style=\"color: #000000\">Implementaci\u00f3n de una vaca mec\u00e1nica para la producci\u00f3n de leche de soya para la comunidad San Jos\u00e9 del barrio 1 de diciembre de la Ciudad de Manta 2016-2018<\/span><\/td>\n<td width=\"82\"><span style=\"color: #000000\">Ingenier\u00eda Industrial<\/span><\/td>\n<\/tr>\n<tr>\n<td width=\"34\"><span style=\"color: #000000\"><b>30<\/b><\/span><\/td>\n<td style=\"text-align: justify\" width=\"486\"><span style=\"color: #000000\">Fortalecimiento de capacidades t\u00e9cnicas, habilidades y destrezas para maestros de construcci\u00f3n de edificaciones en la ciudad de Manta.<\/span><\/td>\n<td width=\"82\"><span style=\"color: #000000\">Ingenier\u00eda Industrial<\/span><\/td>\n<\/tr>\n<tr>\n<td width=\"34\"><span style=\"color: #000000\"><b>31<\/b><\/span><\/td>\n<td style=\"text-align: justify\" width=\"486\"><span style=\"color: #000000\">Atenci\u00f3n integral de odontolog\u00eda a los adultos mayores de la Fundaci\u00f3n Coraz\u00f3n de Mar\u00eda de Manta en el periodo lectivo\u00a0 2015-2017<\/span><\/td>\n<td width=\"82\"><span style=\"color: #000000\">Odontolog\u00eda<\/span><\/td>\n<\/tr>\n<tr>\n<td width=\"34\"><span style=\"color: #000000\"><b>32<\/b><\/span><\/td>\n<td width=\"486\"><span style=\"color: #000000\">Proyecto de salud bucal en cuatro escuela de la Ciudad de Manta en el a\u00f1o 2016-2017<\/span><\/td>\n<td width=\"82\"><span style=\"color: #000000\">Odontolog\u00eda<\/span><\/td>\n<\/tr>\n<tr>\n<td width=\"34\"><span style=\"color: #000000\"><b>33<\/b><\/span><\/td>\n<td style=\"text-align: justify\" width=\"486\"><span style=\"color: #000000\">Proyecto del Centro dental m\u00f3vil, para la atenci\u00f3n primaria de salud bucal dirigida a las comunidades de la Provincia de Manab\u00ed y Campus\u00a0 de nuestra Alma Mater.\u00a0<\/span><\/td>\n<td width=\"82\"><span style=\"color: #000000\">Odontolog\u00eda<\/span><\/td>\n<\/tr>\n<tr>\n<td width=\"34\"><span style=\"color: #000000\"><b>34<\/b><\/span><\/td>\n<td width=\"486\"><span style=\"color: #000000\">Programa de promoci\u00f3n, prevenci\u00f3n e intervenci\u00f3n Psicol\u00f3gica a la comunidad.<\/span><\/td>\n<td width=\"82\"><span style=\"color: #000000\">Psicolog\u00eda<\/span><\/td>\n<\/tr>\n<tr>\n<td width=\"34\"><span style=\"color: #000000\"><b>35<\/b><\/span><\/td>\n<td style=\"text-align: justify\" width=\"486\"><span style=\"color: #000000\">Prevenci\u00f3n de la drogadicci\u00f3n en ni\u00f1os, ni\u00f1as y j\u00f3venes de la Comuna Eloy Alfaro del Cant\u00f3n Montecristi del a\u00f1o 2017-2020.<\/span><\/td>\n<td width=\"82\"><span style=\"color: #000000\">Trabajo Social<\/span><\/td>\n<\/tr>\n<tr>\n<td width=\"34\"><span style=\"color: #000000\"><b>36<\/b><\/span><\/td>\n<td style=\"text-align: justify\" width=\"486\"><span style=\"color: #000000\">Prevenci\u00f3n de la drogadicci\u00f3n en ni\u00f1os, ni\u00f1as y j\u00f3venes de la comuna los bajos del Pechiche del Cant\u00f3n Montecristi del a\u00f1o\u00a0 2017 &#8211; 2019<\/span><\/td>\n<td width=\"82\"><span style=\"color: #000000\">Trabajo Social<\/span><\/td>\n<\/tr>\n<tr>\n<td width=\"34\"><span style=\"color: #000000\"><b>37<\/b><\/span><\/td>\n<td style=\"text-align: justify\" width=\"486\"><span style=\"color: #000000\">Fortalecimiento de las relaciones intrafamiliares de los pescadores artesanales de Jaramij\u00f3, en la Provincia de Manab\u00ed del a\u00f1o 2015-2018<\/span><\/td>\n<td width=\"82\"><span style=\"color: #000000\">Trabajo Social<\/span><\/td>\n<\/tr>\n<\/tbody>\n<\/table>\n","protected":false},"excerpt":{"rendered":"<p>Proyectos de Vinculaci\u00f3n (Matriz) 2017 N\u00b0 Proyecto Carrera 1 Mejoramiento de la calidad de vida de los pescadores artesanales y sus familias en San Mateo y Jaramij\u00f3 a trav\u00e9s del fortalecimiento de<a class=\"moretag\" href=\"https:\/\/departamentos.uleam.edu.ec\/vinculacion-colectividad\/proyectos-de-vinculacion-matriz-2017\/\">Leer m\u00e1s&#8230;<\/a><\/p>\n","protected":false},"author":47,"featured_media":0,"parent":0,"menu_order":0,"comment_status":"closed","ping_status":"closed","template":"","meta":{"footnotes":"","_links_to":"","_links_to_target":""},"class_list":["post-2706","page","type-page","status-publish","hentry"],"_links":{"self":[{"href":"https:\/\/departamentos.uleam.edu.ec\/vinculacion-colectividad\/wp-json\/wp\/v2\/pages\/2706","targetHints":{"allow":["GET"]}}],"collection":[{"href":"https:\/\/departamentos.uleam.edu.ec\/vinculacion-colectividad\/wp-json\/wp\/v2\/pages"}],"about":[{"href":"https:\/\/departamentos.uleam.edu.ec\/vinculacion-colectividad\/wp-json\/wp\/v2\/types\/page"}],"author":[{"embeddable":true,"href":"https:\/\/departamentos.uleam.edu.ec\/vinculacion-colectividad\/wp-json\/wp\/v2\/users\/47"}],"replies":[{"embeddable":true,"href":"https:\/\/departamentos.uleam.edu.ec\/vinculacion-colectividad\/wp-json\/wp\/v2\/comments?post=2706"}],"version-history":[{"count":17,"href":"https:\/\/departamentos.uleam.edu.ec\/vinculacion-colectividad\/wp-json\/wp\/v2\/pages\/2706\/revisions"}],"predecessor-version":[{"id":3069,"href":"https:\/\/departamentos.uleam.edu.ec\/vinculacion-colectividad\/wp-json\/wp\/v2\/pages\/2706\/revisions\/3069"}],"wp:attachment":[{"href":"https:\/\/departamentos.uleam.edu.ec\/vinculacion-colectividad\/wp-json\/wp\/v2\/media?parent=2706"}],"curies":[{"name":"wp","href":"https:\/\/api.w.org\/{rel}","templated":true}]}}