{"id":2720,"date":"2018-09-07T11:43:43","date_gmt":"2018-09-07T16:43:43","guid":{"rendered":"http:\/\/departamentos.uleam.edu.ec\/vinculacion-colectividad\/?page_id=2720"},"modified":"2019-08-29T15:33:51","modified_gmt":"2019-08-29T20:33:51","slug":"proyectos-de-vinculacion-extension-bahia-de-caraquez-2017","status":"publish","type":"page","link":"https:\/\/departamentos.uleam.edu.ec\/vinculacion-colectividad\/proyectos-de-vinculacion-extension-bahia-de-caraquez-2017\/","title":{"rendered":"Proyectos de vinculaci\u00f3n (Extensi\u00f3n Bah\u00eda de Caraquez) 2017"},"content":{"rendered":"<p style=\"text-align: center\"><span style=\"color: #000000\"><strong>Proyectos de Vinculaci\u00f3n (Extensi\u00f3n Bah\u00eda de Car\u00e1quez) 2017<\/strong><\/span><\/p>\n<table style=\"height: 129px\" width=\"695\">\n<tbody>\n<tr>\n<td width=\"34\"><span style=\"color: #000000\"><strong>N\u00b0<\/strong><\/span><\/td>\n<td width=\"486\"><span style=\"color: #000000\"><b>Proyecto<\/b><\/span><\/td>\n<td width=\"82\"><span style=\"color: #000000\"><b>Carrera<\/b><\/span><\/td>\n<\/tr>\n<tr>\n<td width=\"34\"><span style=\"color: #000000\"><strong>1<\/strong><\/span><\/td>\n<td style=\"text-align: justify\" width=\"486\"><span style=\"color: #000000\">Redise\u00f1o de imagen comercial y de servicio para el desarrollo sustentable socioecon\u00f3mico empresarial de los peque\u00f1os negocios de la parroquia Le\u00f3nidas Plaza del Cant\u00f3n Sucre, a\u00f1o 2015-2019<\/span><\/td>\n<td style=\"text-align: justify\" width=\"82\"><span style=\"color: #000000\">Ciencias Administrativas<\/span><\/td>\n<\/tr>\n<tr style=\"text-align: justify\">\n<td width=\"34\"><span style=\"color: #000000\"><b>2<\/b><\/span><\/td>\n<td width=\"486\"><span style=\"color: #000000\">Identificaci\u00f3n, clasificaci\u00f3n y jerarquizaci\u00f3n de recursos territoriales para fomentar destinos tur\u00edsticos en los Cantones Sucre y San Vicente, a\u00f1o 2017-2020\u201d.<\/span><\/td>\n<td width=\"82\"><span style=\"color: #000000\">Hoteler\u00eda y Turismo<\/span><\/td>\n<\/tr>\n<tr style=\"text-align: justify\">\n<td width=\"34\"><span style=\"color: #000000\"><b>3<\/b><\/span><\/td>\n<td width=\"486\"><span style=\"color: #000000\">Formaci\u00f3n continua en el fortalecimiento de valores \u00e9ticos y morales en bachillerato de los cantones San Vicente y Sucre, a\u00f1o 2017-2019<\/span><\/td>\n<td width=\"82\"><span style=\"color: #000000\">Hoteler\u00eda y Turismo<\/span><\/td>\n<\/tr>\n<tr>\n<td style=\"text-align: justify\" width=\"34\"><span style=\"color: #000000\"><b>4<\/b><\/span><\/td>\n<td style=\"text-align: justify\" width=\"486\"><span style=\"color: #000000\">Prevenci\u00f3n del dengue, chikungunya y Zika en los barrios de finca, mangle 2000, acuarela y Francisco Marazita de la parroquia Le\u00f3nidas Plaza del cant\u00f3n Sucre, a\u00f1o 2016-2017<\/span><\/td>\n<td width=\"82\"><span style=\"color: #000000\">Enfermer\u00eda<\/span><\/td>\n<\/tr>\n<\/tbody>\n<\/table>\n","protected":false},"excerpt":{"rendered":"<p>Proyectos de Vinculaci\u00f3n (Extensi\u00f3n Bah\u00eda de Car\u00e1quez) 2017 N\u00b0 Proyecto Carrera 1 Redise\u00f1o de imagen comercial y de servicio para el desarrollo sustentable socioecon\u00f3mico empresarial de los peque\u00f1os negocios de la parroquia<a class=\"moretag\" href=\"https:\/\/departamentos.uleam.edu.ec\/vinculacion-colectividad\/proyectos-de-vinculacion-extension-bahia-de-caraquez-2017\/\">Leer m\u00e1s&#8230;<\/a><\/p>\n","protected":false},"author":47,"featured_media":0,"parent":0,"menu_order":0,"comment_status":"closed","ping_status":"closed","template":"","meta":{"footnotes":"","_links_to":"","_links_to_target":""},"class_list":["post-2720","page","type-page","status-publish","hentry"],"_links":{"self":[{"href":"https:\/\/departamentos.uleam.edu.ec\/vinculacion-colectividad\/wp-json\/wp\/v2\/pages\/2720","targetHints":{"allow":["GET"]}}],"collection":[{"href":"https:\/\/departamentos.uleam.edu.ec\/vinculacion-colectividad\/wp-json\/wp\/v2\/pages"}],"about":[{"href":"https:\/\/departamentos.uleam.edu.ec\/vinculacion-colectividad\/wp-json\/wp\/v2\/types\/page"}],"author":[{"embeddable":true,"href":"https:\/\/departamentos.uleam.edu.ec\/vinculacion-colectividad\/wp-json\/wp\/v2\/users\/47"}],"replies":[{"embeddable":true,"href":"https:\/\/departamentos.uleam.edu.ec\/vinculacion-colectividad\/wp-json\/wp\/v2\/comments?post=2720"}],"version-history":[{"count":3,"href":"https:\/\/departamentos.uleam.edu.ec\/vinculacion-colectividad\/wp-json\/wp\/v2\/pages\/2720\/revisions"}],"predecessor-version":[{"id":3063,"href":"https:\/\/departamentos.uleam.edu.ec\/vinculacion-colectividad\/wp-json\/wp\/v2\/pages\/2720\/revisions\/3063"}],"wp:attachment":[{"href":"https:\/\/departamentos.uleam.edu.ec\/vinculacion-colectividad\/wp-json\/wp\/v2\/media?parent=2720"}],"curies":[{"name":"wp","href":"https:\/\/api.w.org\/{rel}","templated":true}]}}