{"id":2723,"date":"2018-09-07T11:49:23","date_gmt":"2018-09-07T16:49:23","guid":{"rendered":"http:\/\/departamentos.uleam.edu.ec\/vinculacion-colectividad\/?page_id=2723"},"modified":"2019-08-30T09:17:08","modified_gmt":"2019-08-30T14:17:08","slug":"proyectos-de-vinculacion-extension-chone-2017","status":"publish","type":"page","link":"https:\/\/departamentos.uleam.edu.ec\/vinculacion-colectividad\/proyectos-de-vinculacion-extension-chone-2017\/","title":{"rendered":"Proyectos de vinculaci\u00f3n (Extensi\u00f3n Chone ) 2017"},"content":{"rendered":"<p style=\"text-align: center\"><span style=\"color: #000000\"><strong>Proyectos de Vinculaci\u00f3n (Extensi\u00f3n Chone) 2017<\/strong><\/span><\/p>\n<table style=\"height: 129px\" width=\"695\">\n<tbody>\n<tr>\n<td width=\"34\"><span style=\"color: #000000\"><strong>N\u00b0<\/strong><\/span><\/td>\n<td width=\"486\"><span style=\"color: #000000\"><b>Proyecto<\/b><\/span><\/td>\n<td width=\"82\"><span style=\"color: #000000\"><b>Carrera<\/b><\/span><\/td>\n<\/tr>\n<tr>\n<td style=\"text-align: justify\" width=\"34\"><span style=\"color: #000000\"><strong>1<\/strong><\/span><\/td>\n<td style=\"text-align: justify\" width=\"486\"><span style=\"color: #000000\">Establecimiento de huertos org\u00e1nicos y compostaje en hogares de la zona rural y urbano marginal de la ciudad de Chone como alternativa para la reducci\u00f3n del uso de agro qu\u00edmicos en la producci\u00f3n de hortalizas.\u00a0<\/span><\/td>\n<td style=\"text-align: justify\" width=\"82\"><span style=\"color: #000000\">Ciencias Agropecuarias<\/span><\/td>\n<\/tr>\n<tr style=\"text-align: justify\">\n<td width=\"34\"><span style=\"color: #000000\"><b>2<\/b><\/span><\/td>\n<td width=\"486\"><span style=\"color: #000000\">T\u00e9cnicas de propagaci\u00f3n y mantenimiento viveros de especies vegetales de inter\u00e9s agro productivo y ancestral en parcelas familiares de la zona rural y urbano marginal para la producci\u00f3n agroforestal y la recuperaci\u00f3n de especies ancestrales.<\/span><\/td>\n<td width=\"82\"><span style=\"color: #000000\">Ciencias Agropecuarias<\/span><\/td>\n<\/tr>\n<tr style=\"text-align: justify\">\n<td width=\"34\"><span style=\"color: #000000\"><b>3<\/b><\/span><\/td>\n<td width=\"486\"><span style=\"color: #000000\">Ni\u00f1os y j\u00f3venes gerentes, ni\u00f1os y j\u00f3venes empresarios, ni\u00f1os y j\u00f3venes emprendedores y todos juntos innovadores en el Cant\u00f3n Chone en las parroquiales rurales\u00a0<\/span><\/td>\n<td width=\"82\"><span style=\"color: #000000\">Contabilidad y Auditoria<\/span><\/td>\n<\/tr>\n<tr style=\"text-align: justify\">\n<td width=\"34\"><span style=\"color: #000000\"><b>4<\/b><\/span><\/td>\n<td width=\"486\"><span style=\"color: #000000\">Reducci\u00f3n de riesgo en los ciudadanos de Chone y Tosagua, que habitan en zonas vulnerables a importantes eventos peligrosos de tipo natural y antr\u00f3pico.\u00a0<\/span><\/td>\n<td width=\"82\"><span style=\"color: #000000\">Ingenier\u00eda<\/span><\/td>\n<\/tr>\n<tr style=\"text-align: justify\">\n<td width=\"34\"><span style=\"color: #000000\"><b>5<\/b><\/span><\/td>\n<td width=\"486\"><span style=\"color: #000000\">Promoci\u00f3n de estrategias t\u00e9cnicas para la prevenci\u00f3n de riesgos el\u00e9ctricos en la zona urbana marginal de los cantones Chone y Tosagua 2015-2017<\/span><\/td>\n<td width=\"82\"><span style=\"color: #000000\">Ingenier\u00eda<\/span><\/td>\n<\/tr>\n<tr>\n<td style=\"text-align: justify\" width=\"34\"><span style=\"color: #000000\"><b>6<\/b><\/span><\/td>\n<td style=\"text-align: justify\" width=\"486\"><span style=\"color: #000000\">Gesti\u00f3n de conocimiento (Capacitaci\u00f3n)\u00a0 y asesoramiento inform\u00e1tico para el uso y el acceso a las tic&#8217;s.\u00a0<\/span><\/td>\n<td width=\"82\"><span style=\"color: #000000\">Ciencias Inform\u00e1ticas<\/span><\/td>\n<\/tr>\n<\/tbody>\n<\/table>\n","protected":false},"excerpt":{"rendered":"<p>Proyectos de Vinculaci\u00f3n (Extensi\u00f3n Chone) 2017 N\u00b0 Proyecto Carrera 1 Establecimiento de huertos org\u00e1nicos y compostaje en hogares de la zona rural y urbano marginal de la ciudad de Chone como alternativa<a class=\"moretag\" href=\"https:\/\/departamentos.uleam.edu.ec\/vinculacion-colectividad\/proyectos-de-vinculacion-extension-chone-2017\/\">Leer m\u00e1s&#8230;<\/a><\/p>\n","protected":false},"author":47,"featured_media":0,"parent":0,"menu_order":0,"comment_status":"closed","ping_status":"closed","template":"","meta":{"footnotes":"","_links_to":"","_links_to_target":""},"class_list":["post-2723","page","type-page","status-publish","hentry"],"_links":{"self":[{"href":"https:\/\/departamentos.uleam.edu.ec\/vinculacion-colectividad\/wp-json\/wp\/v2\/pages\/2723","targetHints":{"allow":["GET"]}}],"collection":[{"href":"https:\/\/departamentos.uleam.edu.ec\/vinculacion-colectividad\/wp-json\/wp\/v2\/pages"}],"about":[{"href":"https:\/\/departamentos.uleam.edu.ec\/vinculacion-colectividad\/wp-json\/wp\/v2\/types\/page"}],"author":[{"embeddable":true,"href":"https:\/\/departamentos.uleam.edu.ec\/vinculacion-colectividad\/wp-json\/wp\/v2\/users\/47"}],"replies":[{"embeddable":true,"href":"https:\/\/departamentos.uleam.edu.ec\/vinculacion-colectividad\/wp-json\/wp\/v2\/comments?post=2723"}],"version-history":[{"count":4,"href":"https:\/\/departamentos.uleam.edu.ec\/vinculacion-colectividad\/wp-json\/wp\/v2\/pages\/2723\/revisions"}],"predecessor-version":[{"id":3072,"href":"https:\/\/departamentos.uleam.edu.ec\/vinculacion-colectividad\/wp-json\/wp\/v2\/pages\/2723\/revisions\/3072"}],"wp:attachment":[{"href":"https:\/\/departamentos.uleam.edu.ec\/vinculacion-colectividad\/wp-json\/wp\/v2\/media?parent=2723"}],"curies":[{"name":"wp","href":"https:\/\/api.w.org\/{rel}","templated":true}]}}