{"id":2727,"date":"2018-09-07T11:52:56","date_gmt":"2018-09-07T16:52:56","guid":{"rendered":"http:\/\/departamentos.uleam.edu.ec\/vinculacion-colectividad\/?page_id=2727"},"modified":"2019-08-30T09:23:31","modified_gmt":"2019-08-30T14:23:31","slug":"proyectos-de-vinculacion-extension-el-carmen-2017","status":"publish","type":"page","link":"https:\/\/departamentos.uleam.edu.ec\/vinculacion-colectividad\/proyectos-de-vinculacion-extension-el-carmen-2017\/","title":{"rendered":"Proyectos de Vinculaci\u00f3n (Extensi\u00f3n El carmen) 2017"},"content":{"rendered":"<p style=\"text-align: center\"><span style=\"color: #000000\"><strong>Proyectos de Vinculaci\u00f3n (Extensi\u00f3n El Carmen) 2017<\/strong><\/span><\/p>\n<table style=\"height: 129px\" width=\"695\">\n<tbody>\n<tr style=\"text-align: justify\">\n<td width=\"34\"><span style=\"color: #000000\"><strong>N\u00b0<\/strong><\/span><\/td>\n<td width=\"486\"><span style=\"color: #000000\"><b>Proyecto<\/b><\/span><\/td>\n<td width=\"82\"><span style=\"color: #000000\"><b>Carrera<\/b><\/span><\/td>\n<\/tr>\n<tr style=\"text-align: justify\">\n<td width=\"34\"><span style=\"color: #000000\"><strong>1<\/strong><\/span><\/td>\n<td width=\"486\"><span style=\"color: #000000\">Asistencia t\u00e9cnica en agricultura sostenible mediante la construcci\u00f3n de huertos horticultoras a grupos organizados del cant\u00f3n El Carmen 2015-2018<\/span><\/td>\n<td width=\"82\"><span style=\"color: #000000\">Ciencias Agropecuarias<\/span><\/td>\n<\/tr>\n<tr style=\"text-align: justify\">\n<td width=\"34\"><span style=\"color: #000000\"><b>2<\/b><\/span><\/td>\n<td width=\"486\"><span style=\"color: #000000\">Programaci\u00f3n de cosecha, nutrici\u00f3n y control de plagas de los cultivos de pl\u00e1tano en las asociaciones de productores del Cant\u00f3n El Carmen.<\/span><\/td>\n<td width=\"82\"><span style=\"color: #000000\">Ciencias Agropecuarias<\/span><\/td>\n<\/tr>\n<tr style=\"text-align: justify\">\n<td width=\"34\"><span style=\"color: #000000\"><b>3<\/b><\/span><\/td>\n<td width=\"486\"><span style=\"color: #000000\">Fortalecimiento y desarrollo de las destrezas y habilidades cognitivas en ni\u00f1os, j\u00f3venes y adultos del cant\u00f3n El Carmen de la Provincia de Manab\u00ed\u00a0 2015-2018<\/span><\/td>\n<td width=\"82\"><span style=\"color: #000000\">Ciencias de la Educaci\u00f3n<\/span><\/td>\n<\/tr>\n<tr style=\"text-align: justify\">\n<td width=\"34\"><span style=\"color: #000000\"><b>4<\/b><\/span><\/td>\n<td width=\"486\"><span style=\"color: #000000\">Desarrollo y fortalecimiento de destrezas y habilidades empresariales de grupos organizados del cant\u00f3n El Carmen y su zona de influencia en el periodo 2015-2019<\/span><\/td>\n<td width=\"82\"><span style=\"color: #000000\">Contabilidad y Auditoria<\/span><\/td>\n<\/tr>\n<tr>\n<td style=\"text-align: justify\" width=\"34\"><span style=\"color: #000000\"><b>5<\/b><\/span><\/td>\n<td style=\"text-align: justify\" width=\"486\"><span style=\"color: #000000\">Alfabetizaci\u00f3n digital a grupos organizados del cant\u00f3n El carmen y su zona de influencia (2015-2018)<\/span><\/td>\n<td width=\"82\"><span style=\"color: #000000\">Ciencias Inform\u00e1ticas<\/span><\/td>\n<\/tr>\n<\/tbody>\n<\/table>\n","protected":false},"excerpt":{"rendered":"<p>Proyectos de Vinculaci\u00f3n (Extensi\u00f3n El Carmen) 2017 N\u00b0 Proyecto Carrera 1 Asistencia t\u00e9cnica en agricultura sostenible mediante la construcci\u00f3n de huertos horticultoras a grupos organizados del cant\u00f3n El Carmen 2015-2018 Ciencias Agropecuarias<a class=\"moretag\" href=\"https:\/\/departamentos.uleam.edu.ec\/vinculacion-colectividad\/proyectos-de-vinculacion-extension-el-carmen-2017\/\">Leer m\u00e1s&#8230;<\/a><\/p>\n","protected":false},"author":47,"featured_media":0,"parent":0,"menu_order":0,"comment_status":"closed","ping_status":"closed","template":"","meta":{"footnotes":"","_links_to":"","_links_to_target":""},"class_list":["post-2727","page","type-page","status-publish","hentry"],"_links":{"self":[{"href":"https:\/\/departamentos.uleam.edu.ec\/vinculacion-colectividad\/wp-json\/wp\/v2\/pages\/2727","targetHints":{"allow":["GET"]}}],"collection":[{"href":"https:\/\/departamentos.uleam.edu.ec\/vinculacion-colectividad\/wp-json\/wp\/v2\/pages"}],"about":[{"href":"https:\/\/departamentos.uleam.edu.ec\/vinculacion-colectividad\/wp-json\/wp\/v2\/types\/page"}],"author":[{"embeddable":true,"href":"https:\/\/departamentos.uleam.edu.ec\/vinculacion-colectividad\/wp-json\/wp\/v2\/users\/47"}],"replies":[{"embeddable":true,"href":"https:\/\/departamentos.uleam.edu.ec\/vinculacion-colectividad\/wp-json\/wp\/v2\/comments?post=2727"}],"version-history":[{"count":3,"href":"https:\/\/departamentos.uleam.edu.ec\/vinculacion-colectividad\/wp-json\/wp\/v2\/pages\/2727\/revisions"}],"predecessor-version":[{"id":3074,"href":"https:\/\/departamentos.uleam.edu.ec\/vinculacion-colectividad\/wp-json\/wp\/v2\/pages\/2727\/revisions\/3074"}],"wp:attachment":[{"href":"https:\/\/departamentos.uleam.edu.ec\/vinculacion-colectividad\/wp-json\/wp\/v2\/media?parent=2727"}],"curies":[{"name":"wp","href":"https:\/\/api.w.org\/{rel}","templated":true}]}}