{"id":2746,"date":"2018-09-07T12:20:37","date_gmt":"2018-09-07T17:20:37","guid":{"rendered":"http:\/\/departamentos.uleam.edu.ec\/vinculacion-colectividad\/?page_id=2746"},"modified":"2019-08-29T15:52:15","modified_gmt":"2019-08-29T20:52:15","slug":"proyectos-de-vinculacion-extension-bahia-de-caraquez-2018","status":"publish","type":"page","link":"https:\/\/departamentos.uleam.edu.ec\/vinculacion-colectividad\/proyectos-de-vinculacion-extension-bahia-de-caraquez-2018\/","title":{"rendered":"Proyectos de vinculaci\u00f3n (Extensi\u00f3n Bah\u00eda de Caraquez) 2018"},"content":{"rendered":"<p style=\"text-align: center\"><span style=\"color: #000000\"><strong>Proyectos de Vinculaci\u00f3n (Extensi\u00f3n Bah\u00eda de Car\u00e1quez) 2018<\/strong><\/span><\/p>\n<table style=\"height: 129px\" width=\"695\">\n<tbody>\n<tr style=\"text-align: justify\">\n<td width=\"34\"><span style=\"color: #000000\"><strong>N\u00b0<\/strong><\/span><\/td>\n<td width=\"486\"><span style=\"color: #000000\"><b>Proyecto<\/b><\/span><\/td>\n<td width=\"82\"><span style=\"color: #000000\"><b>Carrera<\/b><\/span><\/td>\n<\/tr>\n<tr style=\"text-align: justify\">\n<td width=\"34\"><span style=\"color: #000000\"><strong>1<\/strong><\/span><\/td>\n<td width=\"486\"><span style=\"color: #000000\">Redise\u00f1o de imagen comercial y de servicio para el desarrollo sustentable socioecon\u00f3mico empresarial de los peque\u00f1os negocios de la parroquia Leonidas Plaza del Cant\u00f3n Sucre a\u00f1o\u00a0 2015-2019<\/span><\/td>\n<td width=\"82\"><span style=\"color: #000000\">Ciencias Administrativas<\/span><\/td>\n<\/tr>\n<tr style=\"text-align: justify\">\n<td width=\"34\"><span style=\"color: #000000\"><b>2<\/b><\/span><\/td>\n<td width=\"486\"><span style=\"color: #000000\">Identificaci\u00f3n, clasificaci\u00f3n y jerarquizaci\u00f3n de recursos territoriales para fomentar destinos tur\u00edsticos en los cantones Sucre &#8211; San Vicente a\u00f1o 2017-2020\u201d.<\/span><\/td>\n<td width=\"82\"><span style=\"color: #000000\">Hoteler\u00eda y Turismo<\/span><\/td>\n<\/tr>\n<tr>\n<td style=\"text-align: justify\" width=\"34\"><span style=\"color: #000000\"><b>3<\/b><\/span><\/td>\n<td style=\"text-align: justify\" width=\"486\"><span style=\"color: #000000\">Formaci\u00f3n continua en el fortalecimiento de valores \u00e9ticos y morales en bachillerato de los cantones San Vicente- 2017-2019<\/span><\/td>\n<td width=\"82\"><span style=\"color: #000000\">Hoteler\u00eda y Turismo<\/span><\/td>\n<\/tr>\n<\/tbody>\n<\/table>\n","protected":false},"excerpt":{"rendered":"<p>Proyectos de Vinculaci\u00f3n (Extensi\u00f3n Bah\u00eda de Car\u00e1quez) 2018 N\u00b0 Proyecto Carrera 1 Redise\u00f1o de imagen comercial y de servicio para el desarrollo sustentable socioecon\u00f3mico empresarial de los peque\u00f1os negocios de la parroquia<a class=\"moretag\" href=\"https:\/\/departamentos.uleam.edu.ec\/vinculacion-colectividad\/proyectos-de-vinculacion-extension-bahia-de-caraquez-2018\/\">Leer m\u00e1s&#8230;<\/a><\/p>\n","protected":false},"author":47,"featured_media":0,"parent":0,"menu_order":0,"comment_status":"closed","ping_status":"closed","template":"","meta":{"footnotes":"","_links_to":"","_links_to_target":""},"class_list":["post-2746","page","type-page","status-publish","hentry"],"_links":{"self":[{"href":"https:\/\/departamentos.uleam.edu.ec\/vinculacion-colectividad\/wp-json\/wp\/v2\/pages\/2746","targetHints":{"allow":["GET"]}}],"collection":[{"href":"https:\/\/departamentos.uleam.edu.ec\/vinculacion-colectividad\/wp-json\/wp\/v2\/pages"}],"about":[{"href":"https:\/\/departamentos.uleam.edu.ec\/vinculacion-colectividad\/wp-json\/wp\/v2\/types\/page"}],"author":[{"embeddable":true,"href":"https:\/\/departamentos.uleam.edu.ec\/vinculacion-colectividad\/wp-json\/wp\/v2\/users\/47"}],"replies":[{"embeddable":true,"href":"https:\/\/departamentos.uleam.edu.ec\/vinculacion-colectividad\/wp-json\/wp\/v2\/comments?post=2746"}],"version-history":[{"count":3,"href":"https:\/\/departamentos.uleam.edu.ec\/vinculacion-colectividad\/wp-json\/wp\/v2\/pages\/2746\/revisions"}],"predecessor-version":[{"id":3068,"href":"https:\/\/departamentos.uleam.edu.ec\/vinculacion-colectividad\/wp-json\/wp\/v2\/pages\/2746\/revisions\/3068"}],"wp:attachment":[{"href":"https:\/\/departamentos.uleam.edu.ec\/vinculacion-colectividad\/wp-json\/wp\/v2\/media?parent=2746"}],"curies":[{"name":"wp","href":"https:\/\/api.w.org\/{rel}","templated":true}]}}