{"id":2755,"date":"2018-09-07T12:25:10","date_gmt":"2018-09-07T17:25:10","guid":{"rendered":"http:\/\/departamentos.uleam.edu.ec\/vinculacion-colectividad\/?page_id=2755"},"modified":"2019-08-29T12:39:44","modified_gmt":"2019-08-29T17:39:44","slug":"proyectos-de-vinculacion-extension-pedernales-2018","status":"publish","type":"page","link":"https:\/\/departamentos.uleam.edu.ec\/vinculacion-colectividad\/proyectos-de-vinculacion-extension-pedernales-2018\/","title":{"rendered":"Proyectos de vinculaci\u00f3n (Campus Pedernales) 2018"},"content":{"rendered":"<p style=\"text-align: center\"><span style=\"color: #000000\"><strong>Proyectos de Vinculaci\u00f3n (Extensi\u00f3n Pedernales) 2018<\/strong><\/span><\/p>\n<table style=\"height: 129px\" width=\"695\">\n<tbody>\n<tr>\n<td width=\"34\"><span style=\"color: #000000\"><strong>N\u00b0<\/strong><\/span><\/td>\n<td width=\"486\"><span style=\"color: #000000\"><b>Proyecto<\/b><\/span><\/td>\n<td width=\"82\"><span style=\"color: #000000\"><b>Carrera<\/b><\/span><\/td>\n<\/tr>\n<tr>\n<td width=\"34\"><span style=\"color: #000000\"><b>1<\/b><\/span><\/td>\n<td style=\"text-align: justify\" width=\"486\"><span style=\"color: #000000\">Asesor\u00eda t\u00e9cnica a la Asociaci\u00f3n de Quintas familiares Ri\u00f3 Vite para la elaboraci\u00f3n de bloques multinutricionales para el ganado bovino 2015-2017.<\/span><\/td>\n<td width=\"82\"><span style=\"color: #000000\">Ciencias Agropecuarias<\/span><\/td>\n<\/tr>\n<\/tbody>\n<\/table>\n","protected":false},"excerpt":{"rendered":"<p>Proyectos de Vinculaci\u00f3n (Extensi\u00f3n Pedernales) 2018 N\u00b0 Proyecto Carrera 1 Asesor\u00eda t\u00e9cnica a la Asociaci\u00f3n de Quintas familiares Ri\u00f3 Vite para la elaboraci\u00f3n de bloques multinutricionales para el ganado bovino 2015-2017. Ciencias<a class=\"moretag\" href=\"https:\/\/departamentos.uleam.edu.ec\/vinculacion-colectividad\/proyectos-de-vinculacion-extension-pedernales-2018\/\">Leer m\u00e1s&#8230;<\/a><\/p>\n","protected":false},"author":47,"featured_media":0,"parent":0,"menu_order":0,"comment_status":"closed","ping_status":"closed","template":"","meta":{"footnotes":"","_links_to":"","_links_to_target":""},"class_list":["post-2755","page","type-page","status-publish","hentry"],"_links":{"self":[{"href":"https:\/\/departamentos.uleam.edu.ec\/vinculacion-colectividad\/wp-json\/wp\/v2\/pages\/2755","targetHints":{"allow":["GET"]}}],"collection":[{"href":"https:\/\/departamentos.uleam.edu.ec\/vinculacion-colectividad\/wp-json\/wp\/v2\/pages"}],"about":[{"href":"https:\/\/departamentos.uleam.edu.ec\/vinculacion-colectividad\/wp-json\/wp\/v2\/types\/page"}],"author":[{"embeddable":true,"href":"https:\/\/departamentos.uleam.edu.ec\/vinculacion-colectividad\/wp-json\/wp\/v2\/users\/47"}],"replies":[{"embeddable":true,"href":"https:\/\/departamentos.uleam.edu.ec\/vinculacion-colectividad\/wp-json\/wp\/v2\/comments?post=2755"}],"version-history":[{"count":2,"href":"https:\/\/departamentos.uleam.edu.ec\/vinculacion-colectividad\/wp-json\/wp\/v2\/pages\/2755\/revisions"}],"predecessor-version":[{"id":3056,"href":"https:\/\/departamentos.uleam.edu.ec\/vinculacion-colectividad\/wp-json\/wp\/v2\/pages\/2755\/revisions\/3056"}],"wp:attachment":[{"href":"https:\/\/departamentos.uleam.edu.ec\/vinculacion-colectividad\/wp-json\/wp\/v2\/media?parent=2755"}],"curies":[{"name":"wp","href":"https:\/\/api.w.org\/{rel}","templated":true}]}}