{"id":2959,"date":"2019-05-10T15:11:10","date_gmt":"2019-05-10T20:11:10","guid":{"rendered":"http:\/\/departamentos.uleam.edu.ec\/vinculacion-colectividad\/?page_id=2959"},"modified":"2022-07-25T17:07:18","modified_gmt":"2022-07-25T22:07:18","slug":"planificacion-de-proyectos-de-vinculacion-y-emprendimiento","status":"publish","type":"page","link":"https:\/\/departamentos.uleam.edu.ec\/vinculacion-colectividad\/procesos-de-vinculacion-con-la-sociedad\/planificacion-de-proyectos-de-vinculacion-y-emprendimiento\/","title":{"rendered":"Planificaci\u00f3n de proyectos de Vinculaci\u00f3n y Emprendimiento"},"content":{"rendered":"<p><strong><span style=\"color: #000000\">Flujo:<\/span><\/strong><\/p>\n<p><span style=\"color: #000000\"><a style=\"color: #000000\" href=\"http:\/\/departamentos.uleam.edu.ec\/organizacionymetodos\/files\/2016\/09\/FLUJO-PLANIFICACION-DE-PROYECTO-DE-VINCULACION.pdf\">Flujo de Planificaci\u00f3n de Proyecto de Vinculaci\u00f3n y Emprendimiento<\/a><\/span><\/p>\n<p><strong><span style=\"color: #000000\">Manual:<\/span><\/strong><\/p>\n<p><span style=\"color: #000000\"><a style=\"color: #000000\" href=\"http:\/\/departamentos.uleam.edu.ec\/organizacionymetodos\/files\/2016\/09\/PLANIFICACI%C3%93N-DE-PROYECTOS-DE-VINCULACI%C3%93N-CON-LA-SOCIEDAD_opt.pdf\">Planificaci\u00f3n de Proyectos de Vinculaci\u00f3n y Emprendimiento<\/a><\/span><\/p>\n<p><strong><span style=\"color: #000000\">Formatos:<\/span><\/strong><\/p>\n<p><a href=\"https:\/\/departamentos.uleam.edu.ec\/vinculacion-colectividad\/files\/2022\/02\/PVV-01-F-001-Formato-de-Proyecto-ultimo-1-1.docx\"><span style=\"color: #000000\">PVV-01-F-001-Formato de Proyecto de Vinculaci\u00f3n y Emprendimiento<\/span><\/a><\/p>\n<p><span style=\"color: #000000\"><a style=\"color: #000000\" href=\"https:\/\/departamentos.uleam.edu.ec\/vinculacion-colectividad\/files\/2022\/02\/PVV-01-F-001-Formato-de-Proyecto-ultimo-1-1.docx\">PVV-01-F-004 Matriz de planificaci\u00f3n&nbsp;<\/a><\/span><\/p>\n<p><span style=\"color: #000000\"><a style=\"color: #000000\" href=\"http:\/\/departamentos.uleam.edu.ec\/organizacionymetodos\/files\/2018\/06\/PVV-01-F-005-MATRIZ-DE-MEDIOS-DE-VERIFICACION.xlsx\">PVV-01-F-005 Matriz de medios de verificaci\u00f3n<\/a><\/span><\/p>\n<p><span style=\"color: #000000\"><a style=\"color: #000000\" href=\"http:\/\/departamentos.uleam.edu.ec\/organizacionymetodos\/files\/2018\/06\/PVV-01-F-006-Informe-de-Planificaci%C3%B3n-de-Proyecto.docx\">PVV-01-F-006-Informe de Planificaci\u00f3n de Proyecto<\/a><\/span><\/p>\n\n\n<p><a href=\"https:\/\/departamentos.uleam.edu.ec\/vinculacion-colectividad\/files\/2022\/02\/PVV-01-F-002-Ficha-de-evaluacion-ex-antes-del-Proyecto-1.xlsx\" target=\"_blank\" rel=\"noreferrer noopener\">PVV-01-F-002-Ficha-de-evaluacion-antes-del-Proyecto<\/a><\/p>\n","protected":false},"excerpt":{"rendered":"<p>Flujo: Flujo de Planificaci\u00f3n de Proyecto de Vinculaci\u00f3n y Emprendimiento Manual: Planificaci\u00f3n de Proyectos de Vinculaci\u00f3n y Emprendimiento Formatos: PVV-01-F-001-Formato de Proyecto de Vinculaci\u00f3n y Emprendimiento PVV-01-F-004 Matriz de planificaci\u00f3n&nbsp; PVV-01-F-005 Matriz<a class=\"moretag\" href=\"https:\/\/departamentos.uleam.edu.ec\/vinculacion-colectividad\/procesos-de-vinculacion-con-la-sociedad\/planificacion-de-proyectos-de-vinculacion-y-emprendimiento\/\">Leer m\u00e1s&#8230;<\/a><\/p>\n","protected":false},"author":111,"featured_media":0,"parent":2035,"menu_order":0,"comment_status":"closed","ping_status":"closed","template":"","meta":{"footnotes":"","_links_to":"","_links_to_target":""},"class_list":["post-2959","page","type-page","status-publish","hentry"],"_links":{"self":[{"href":"https:\/\/departamentos.uleam.edu.ec\/vinculacion-colectividad\/wp-json\/wp\/v2\/pages\/2959","targetHints":{"allow":["GET"]}}],"collection":[{"href":"https:\/\/departamentos.uleam.edu.ec\/vinculacion-colectividad\/wp-json\/wp\/v2\/pages"}],"about":[{"href":"https:\/\/departamentos.uleam.edu.ec\/vinculacion-colectividad\/wp-json\/wp\/v2\/types\/page"}],"author":[{"embeddable":true,"href":"https:\/\/departamentos.uleam.edu.ec\/vinculacion-colectividad\/wp-json\/wp\/v2\/users\/111"}],"replies":[{"embeddable":true,"href":"https:\/\/departamentos.uleam.edu.ec\/vinculacion-colectividad\/wp-json\/wp\/v2\/comments?post=2959"}],"version-history":[{"count":15,"href":"https:\/\/departamentos.uleam.edu.ec\/vinculacion-colectividad\/wp-json\/wp\/v2\/pages\/2959\/revisions"}],"predecessor-version":[{"id":5796,"href":"https:\/\/departamentos.uleam.edu.ec\/vinculacion-colectividad\/wp-json\/wp\/v2\/pages\/2959\/revisions\/5796"}],"up":[{"embeddable":true,"href":"https:\/\/departamentos.uleam.edu.ec\/vinculacion-colectividad\/wp-json\/wp\/v2\/pages\/2035"}],"wp:attachment":[{"href":"https:\/\/departamentos.uleam.edu.ec\/vinculacion-colectividad\/wp-json\/wp\/v2\/media?parent=2959"}],"curies":[{"name":"wp","href":"https:\/\/api.w.org\/{rel}","templated":true}]}}