{"id":2962,"date":"2019-05-10T15:12:17","date_gmt":"2019-05-10T20:12:17","guid":{"rendered":"http:\/\/departamentos.uleam.edu.ec\/vinculacion-colectividad\/?page_id=2962"},"modified":"2019-08-28T15:29:16","modified_gmt":"2019-08-28T20:29:16","slug":"ejecucion-y-monitoreo-de-proyectos-de-vinculacion-y-emprendimiento","status":"publish","type":"page","link":"https:\/\/departamentos.uleam.edu.ec\/vinculacion-colectividad\/ejecucion-y-monitoreo-de-proyectos-de-vinculacion-y-emprendimiento\/","title":{"rendered":"Ejecuci\u00f3n y monitoreo de proyectos de vinculaci\u00f3n y emprendimiento"},"content":{"rendered":"<p><span style=\"color: #000000\"><strong>Flujo:<\/strong><\/span><\/p>\n<p><span style=\"color: #000000\"><a style=\"color: #000000\" href=\"http:\/\/departamentos.uleam.edu.ec\/organizacionymetodos\/files\/2017\/04\/Flujo-Ejecuci%C3%B3n-y-monitoreo-de-proyectos-de-vinculaci%C3%B3n.pdf\">Flujo Ejecuci\u00f3n y monitoreo de proyectos de vinculaci\u00f3n<\/a><\/span><\/p>\n<p><span style=\"color: #000000\"><strong>Manual:<\/strong><\/span><\/p>\n<p><span style=\"color: #000000\"><a style=\"color: #000000\" href=\"http:\/\/departamentos.uleam.edu.ec\/organizacionymetodos\/files\/2016\/09\/EJECUCI%C3%93N-Y-MONITOREO-DE-PROYECTOS-DE-VINCULACI%C3%93N-CON-LA-SOCIEDAD.pdf\">Ejecuci\u00f3n y Monitoreo de Proyectos de Vinculaci\u00f3n y Emprendimiento<\/a><\/span><\/p>\n<p><span style=\"color: #000000\"><strong>Formatos:<\/strong><\/span><\/p>\n<p><span style=\"color: #000000\"><a style=\"color: #000000\" href=\"http:\/\/departamentos.uleam.edu.ec\/organizacionymetodos\/files\/2018\/11\/PVV-02-F-001-Informe-de-seguimiento.docx\">PVV-02-F-001 Informe de seguimiento<\/a><\/span><\/p>\n<p><span style=\"color: #000000\"><a style=\"color: #000000\" href=\"http:\/\/departamentos.uleam.edu.ec\/organizacionymetodos\/files\/2018\/11\/PVV-02-F-002-MatrizSeguimientoMonitoreo.xlsx\">PVV-02-F-002-Matriz de Seguimiento y Monitoreo<\/a><\/span><\/p>\n","protected":false},"excerpt":{"rendered":"<p>Flujo: Flujo Ejecuci\u00f3n y monitoreo de proyectos de vinculaci\u00f3n Manual: Ejecuci\u00f3n y Monitoreo de Proyectos de Vinculaci\u00f3n y Emprendimiento Formatos: PVV-02-F-001 Informe de seguimiento PVV-02-F-002-Matriz de Seguimiento y Monitoreo<\/p>\n","protected":false},"author":111,"featured_media":0,"parent":0,"menu_order":0,"comment_status":"closed","ping_status":"closed","template":"","meta":{"footnotes":"","_links_to":"","_links_to_target":""},"class_list":["post-2962","page","type-page","status-publish","hentry"],"_links":{"self":[{"href":"https:\/\/departamentos.uleam.edu.ec\/vinculacion-colectividad\/wp-json\/wp\/v2\/pages\/2962","targetHints":{"allow":["GET"]}}],"collection":[{"href":"https:\/\/departamentos.uleam.edu.ec\/vinculacion-colectividad\/wp-json\/wp\/v2\/pages"}],"about":[{"href":"https:\/\/departamentos.uleam.edu.ec\/vinculacion-colectividad\/wp-json\/wp\/v2\/types\/page"}],"author":[{"embeddable":true,"href":"https:\/\/departamentos.uleam.edu.ec\/vinculacion-colectividad\/wp-json\/wp\/v2\/users\/111"}],"replies":[{"embeddable":true,"href":"https:\/\/departamentos.uleam.edu.ec\/vinculacion-colectividad\/wp-json\/wp\/v2\/comments?post=2962"}],"version-history":[{"count":4,"href":"https:\/\/departamentos.uleam.edu.ec\/vinculacion-colectividad\/wp-json\/wp\/v2\/pages\/2962\/revisions"}],"predecessor-version":[{"id":3012,"href":"https:\/\/departamentos.uleam.edu.ec\/vinculacion-colectividad\/wp-json\/wp\/v2\/pages\/2962\/revisions\/3012"}],"wp:attachment":[{"href":"https:\/\/departamentos.uleam.edu.ec\/vinculacion-colectividad\/wp-json\/wp\/v2\/media?parent=2962"}],"curies":[{"name":"wp","href":"https:\/\/api.w.org\/{rel}","templated":true}]}}