{"id":2964,"date":"2019-05-10T15:12:52","date_gmt":"2019-05-10T20:12:52","guid":{"rendered":"http:\/\/departamentos.uleam.edu.ec\/vinculacion-colectividad\/?page_id=2964"},"modified":"2020-02-12T14:22:31","modified_gmt":"2020-02-12T19:22:31","slug":"supervision-de-proyectos-de-vinculacion-y-emprendimiento","status":"publish","type":"page","link":"https:\/\/departamentos.uleam.edu.ec\/vinculacion-colectividad\/supervision-de-proyectos-de-vinculacion-y-emprendimiento\/","title":{"rendered":"Supervisi\u00f3n de Proyectos de Vinculaci\u00f3n y Emprendimiento"},"content":{"rendered":"<p><span style=\"color: #000000\"><strong>Flujo:<\/strong><\/span><\/p>\n<p><span style=\"color: #000000\"><a style=\"color: #000000\" href=\"http:\/\/departamentos.uleam.edu.ec\/organizacionymetodos\/files\/2016\/09\/FLUJO-SUPERVISION-DE-PROYECTOS-DE-INVESTIGACI%C3%93N.pdf\">Flujo de Supervisi\u00f3n de proyectos de vinculaci\u00f3n y emprendimiento<\/a><\/span><\/p>\n<p><span style=\"color: #000000\"><strong>Manual:<\/strong><\/span><\/p>\n<p><span style=\"color: #000000\"><a style=\"color: #000000\" href=\"http:\/\/departamentos.uleam.edu.ec\/organizacionymetodos\/files\/2016\/09\/SUPERVISI%C3%93N-DE-PROYECTOS-DE-VINCULACI%C3%93N-CON-LA-SOCIEDAD.pdf\">Supervisi\u00f3n de Proyectos de Vinculaci\u00f3n y Emprendimiento<\/a><\/span><\/p>\n","protected":false},"excerpt":{"rendered":"<p>Flujo: Flujo de Supervisi\u00f3n de proyectos de vinculaci\u00f3n y emprendimiento Manual: Supervisi\u00f3n de Proyectos de Vinculaci\u00f3n y Emprendimiento<\/p>\n","protected":false},"author":111,"featured_media":0,"parent":0,"menu_order":0,"comment_status":"closed","ping_status":"closed","template":"","meta":{"footnotes":"","_links_to":"","_links_to_target":""},"class_list":["post-2964","page","type-page","status-publish","hentry"],"_links":{"self":[{"href":"https:\/\/departamentos.uleam.edu.ec\/vinculacion-colectividad\/wp-json\/wp\/v2\/pages\/2964","targetHints":{"allow":["GET"]}}],"collection":[{"href":"https:\/\/departamentos.uleam.edu.ec\/vinculacion-colectividad\/wp-json\/wp\/v2\/pages"}],"about":[{"href":"https:\/\/departamentos.uleam.edu.ec\/vinculacion-colectividad\/wp-json\/wp\/v2\/types\/page"}],"author":[{"embeddable":true,"href":"https:\/\/departamentos.uleam.edu.ec\/vinculacion-colectividad\/wp-json\/wp\/v2\/users\/111"}],"replies":[{"embeddable":true,"href":"https:\/\/departamentos.uleam.edu.ec\/vinculacion-colectividad\/wp-json\/wp\/v2\/comments?post=2964"}],"version-history":[{"count":7,"href":"https:\/\/departamentos.uleam.edu.ec\/vinculacion-colectividad\/wp-json\/wp\/v2\/pages\/2964\/revisions"}],"predecessor-version":[{"id":3168,"href":"https:\/\/departamentos.uleam.edu.ec\/vinculacion-colectividad\/wp-json\/wp\/v2\/pages\/2964\/revisions\/3168"}],"wp:attachment":[{"href":"https:\/\/departamentos.uleam.edu.ec\/vinculacion-colectividad\/wp-json\/wp\/v2\/media?parent=2964"}],"curies":[{"name":"wp","href":"https:\/\/api.w.org\/{rel}","templated":true}]}}