{"id":2966,"date":"2019-05-10T15:13:22","date_gmt":"2019-05-10T20:13:22","guid":{"rendered":"http:\/\/departamentos.uleam.edu.ec\/vinculacion-colectividad\/?page_id=2966"},"modified":"2019-08-28T15:35:59","modified_gmt":"2019-08-28T20:35:59","slug":"evaluacion-de-logros-y-resultados-de-proyectos-de-vinculacion-y-emprendimiento","status":"publish","type":"page","link":"https:\/\/departamentos.uleam.edu.ec\/vinculacion-colectividad\/evaluacion-de-logros-y-resultados-de-proyectos-de-vinculacion-y-emprendimiento\/","title":{"rendered":"Evaluaci\u00f3n de logros y resultados de proyectos de Vinculaci\u00f3n y Emprendimiento"},"content":{"rendered":"<p><strong>F<span style=\"color: #000000\">lujo:<\/span><\/strong><\/p>\n<p><span style=\"color: #000000\"><a style=\"color: #000000\" href=\"http:\/\/departamentos.uleam.edu.ec\/organizacionymetodos\/files\/2016\/09\/FLUJO-DE-EVALUACION-DE-LOGROS-Y-RESULTADOS-DE-PROYECTOS-DE-VINCULACION.pdf\">Flujo de Evaluaci\u00f3n de Logros y Resultados de Proyectos de Vinculaci\u00f3n y Emprendimiento.<\/a><\/span><\/p>\n<p><strong><span style=\"color: #000000\">Manual:<\/span><\/strong><\/p>\n<p><span style=\"color: #000000\"><a style=\"color: #000000\" href=\"http:\/\/departamentos.uleam.edu.ec\/organizacionymetodos\/files\/2016\/09\/EVALUACI%C3%93N-DE-LOGROS-Y-RESULTADOS-DE-VINCULACI%C3%93N-CON-LA-SOCIEDAD_opt.pdf\">Evaluaci\u00f3n de Logros y Resultados de Vinculaci\u00f3n y Emprendimiento<\/a><\/span><\/p>\n<p><strong><span style=\"color: #000000\">Formatos:<\/span><\/strong><\/p>\n<p><span style=\"color: #000000\"><a style=\"color: #000000\" href=\"http:\/\/departamentos.uleam.edu.ec\/organizacionymetodos\/files\/2019\/06\/PVV-03-F-001-MATRIZ-DE-EVALUACION.xlsx\">Matriz de Evaluaci\u00f3n<\/a><\/span><\/p>\n<p><span style=\"color: #000000\"><a style=\"color: #000000\" href=\"http:\/\/departamentos.uleam.edu.ec\/organizacionymetodos\/files\/2019\/06\/PVV-031.doc\">Formato de Evaluaci\u00f3n inicial<\/a><\/span><\/p>\n<p><span style=\"color: #000000\"><a style=\"color: #000000\" href=\"http:\/\/departamentos.uleam.edu.ec\/organizacionymetodos\/files\/2019\/06\/PVV-032.doc\">Formato final de Evaluaci\u00f3n Vinculaci\u00f3n<\/a><\/span><\/p>\n<p><span style=\"color: #000000\"><a style=\"color: #000000\" href=\"http:\/\/departamentos.uleam.edu.ec\/organizacionymetodos\/files\/2019\/06\/PVV-033.doc\">Evaluaci\u00f3n de Desempe\u00f1o Pr\u00e1cticas de Vinculaci\u00f3n<\/a><\/span><\/p>\n","protected":false},"excerpt":{"rendered":"<p>Flujo: Flujo de Evaluaci\u00f3n de Logros y Resultados de Proyectos de Vinculaci\u00f3n y Emprendimiento. Manual: Evaluaci\u00f3n de Logros y Resultados de Vinculaci\u00f3n y Emprendimiento Formatos: Matriz de Evaluaci\u00f3n Formato de Evaluaci\u00f3n inicial<a class=\"moretag\" href=\"https:\/\/departamentos.uleam.edu.ec\/vinculacion-colectividad\/evaluacion-de-logros-y-resultados-de-proyectos-de-vinculacion-y-emprendimiento\/\">Leer m\u00e1s&#8230;<\/a><\/p>\n","protected":false},"author":111,"featured_media":0,"parent":0,"menu_order":0,"comment_status":"closed","ping_status":"closed","template":"","meta":{"footnotes":"","_links_to":"","_links_to_target":""},"class_list":["post-2966","page","type-page","status-publish","hentry"],"_links":{"self":[{"href":"https:\/\/departamentos.uleam.edu.ec\/vinculacion-colectividad\/wp-json\/wp\/v2\/pages\/2966","targetHints":{"allow":["GET"]}}],"collection":[{"href":"https:\/\/departamentos.uleam.edu.ec\/vinculacion-colectividad\/wp-json\/wp\/v2\/pages"}],"about":[{"href":"https:\/\/departamentos.uleam.edu.ec\/vinculacion-colectividad\/wp-json\/wp\/v2\/types\/page"}],"author":[{"embeddable":true,"href":"https:\/\/departamentos.uleam.edu.ec\/vinculacion-colectividad\/wp-json\/wp\/v2\/users\/111"}],"replies":[{"embeddable":true,"href":"https:\/\/departamentos.uleam.edu.ec\/vinculacion-colectividad\/wp-json\/wp\/v2\/comments?post=2966"}],"version-history":[{"count":6,"href":"https:\/\/departamentos.uleam.edu.ec\/vinculacion-colectividad\/wp-json\/wp\/v2\/pages\/2966\/revisions"}],"predecessor-version":[{"id":3016,"href":"https:\/\/departamentos.uleam.edu.ec\/vinculacion-colectividad\/wp-json\/wp\/v2\/pages\/2966\/revisions\/3016"}],"wp:attachment":[{"href":"https:\/\/departamentos.uleam.edu.ec\/vinculacion-colectividad\/wp-json\/wp\/v2\/media?parent=2966"}],"curies":[{"name":"wp","href":"https:\/\/api.w.org\/{rel}","templated":true}]}}