{"id":2968,"date":"2019-05-10T15:13:46","date_gmt":"2019-05-10T20:13:46","guid":{"rendered":"http:\/\/departamentos.uleam.edu.ec\/vinculacion-colectividad\/?page_id=2968"},"modified":"2019-08-28T15:37:33","modified_gmt":"2019-08-28T20:37:33","slug":"participacion-de-los-estudiantes-y-docentes-en-los-proyectos-de-vinculacion-y-emprendimiento","status":"publish","type":"page","link":"https:\/\/departamentos.uleam.edu.ec\/vinculacion-colectividad\/participacion-de-los-estudiantes-y-docentes-en-los-proyectos-de-vinculacion-y-emprendimiento\/","title":{"rendered":"Participaci\u00f3n de los estudiantes y docentes en los proyectos de Vinculaci\u00f3n y Emprendimiento"},"content":{"rendered":"<p><strong><span style=\"color: #000000\">Flujo:<\/span><\/strong><\/p>\n<p><span style=\"color: #000000\"><a style=\"color: #000000\" href=\"http:\/\/departamentos.uleam.edu.ec\/organizacionymetodos\/files\/2016\/09\/FLUJO-PARTICIPACION-DE-ESTUDIANTE-Y-DOCENTES-EN-PROYECTOS.pdf\">Participaci\u00f3n de Estudiantes y Docentes en Proyectos<\/a><\/span><\/p>\n<p><strong><span style=\"color: #000000\">Manual:<\/span><\/strong><\/p>\n<p><span style=\"color: #000000\"><a style=\"color: #000000\" href=\"http:\/\/departamentos.uleam.edu.ec\/organizacionymetodos\/files\/2016\/09\/PARTICIPACI%C3%93N-DE-LOS-ESTUDIANTES-Y-DOCENTES-EN-LOS-PROYECTOS-DE-VINCULACI%C3%93N.pdf\">Participaci\u00f3n de los Estudiantes y Docentes en los Proyectos de Vinculaci\u00f3n y Emprendimiento<\/a><\/span><\/p>\n<p><strong><span style=\"color: #000000\">Formatos:<\/span><\/strong><\/p>\n<p><span style=\"color: #000000\"><a style=\"color: #000000\" href=\"http:\/\/departamentos.uleam.edu.ec\/organizacionymetodos\/files\/2019\/06\/PVV-051.doc\">Acta de Designaci\u00f3n de Docentes a participar en el proyecto<\/a><\/span><\/p>\n<p><span style=\"color: #000000\"><a style=\"color: #000000\" href=\"http:\/\/departamentos.uleam.edu.ec\/organizacionymetodos\/files\/2019\/06\/PVV-052.doc\">Acta de Designaci\u00f3n de Estudiantes a participar en el Proyecto<\/a><\/span><\/p>\n<p><span style=\"color: #000000\"><a style=\"color: #000000\" href=\"http:\/\/departamentos.uleam.edu.ec\/organizacionymetodos\/files\/2016\/09\/PVV-05-F-003Formato-N%C3%BAmero-de-HoraS-DOCENTE.xlsx\">Formato n\u00famero de Horas Docente<\/a><\/span><\/p>\n<p><span style=\"color: #000000\"><a style=\"color: #000000\" href=\"http:\/\/departamentos.uleam.edu.ec\/organizacionymetodos\/files\/2019\/06\/PVV-05-F-004NHE.xlsx\">Formato n\u00famero de Horas Estudiante<\/a><\/span><\/p>\n","protected":false},"excerpt":{"rendered":"<p>Flujo: Participaci\u00f3n de Estudiantes y Docentes en Proyectos Manual: Participaci\u00f3n de los Estudiantes y Docentes en los Proyectos de Vinculaci\u00f3n y Emprendimiento Formatos: Acta de Designaci\u00f3n de Docentes a participar en el<a class=\"moretag\" href=\"https:\/\/departamentos.uleam.edu.ec\/vinculacion-colectividad\/participacion-de-los-estudiantes-y-docentes-en-los-proyectos-de-vinculacion-y-emprendimiento\/\">Leer m\u00e1s&#8230;<\/a><\/p>\n","protected":false},"author":111,"featured_media":0,"parent":0,"menu_order":0,"comment_status":"closed","ping_status":"closed","template":"","meta":{"footnotes":"","_links_to":"","_links_to_target":""},"class_list":["post-2968","page","type-page","status-publish","hentry"],"_links":{"self":[{"href":"https:\/\/departamentos.uleam.edu.ec\/vinculacion-colectividad\/wp-json\/wp\/v2\/pages\/2968","targetHints":{"allow":["GET"]}}],"collection":[{"href":"https:\/\/departamentos.uleam.edu.ec\/vinculacion-colectividad\/wp-json\/wp\/v2\/pages"}],"about":[{"href":"https:\/\/departamentos.uleam.edu.ec\/vinculacion-colectividad\/wp-json\/wp\/v2\/types\/page"}],"author":[{"embeddable":true,"href":"https:\/\/departamentos.uleam.edu.ec\/vinculacion-colectividad\/wp-json\/wp\/v2\/users\/111"}],"replies":[{"embeddable":true,"href":"https:\/\/departamentos.uleam.edu.ec\/vinculacion-colectividad\/wp-json\/wp\/v2\/comments?post=2968"}],"version-history":[{"count":6,"href":"https:\/\/departamentos.uleam.edu.ec\/vinculacion-colectividad\/wp-json\/wp\/v2\/pages\/2968\/revisions"}],"predecessor-version":[{"id":3018,"href":"https:\/\/departamentos.uleam.edu.ec\/vinculacion-colectividad\/wp-json\/wp\/v2\/pages\/2968\/revisions\/3018"}],"wp:attachment":[{"href":"https:\/\/departamentos.uleam.edu.ec\/vinculacion-colectividad\/wp-json\/wp\/v2\/media?parent=2968"}],"curies":[{"name":"wp","href":"https:\/\/api.w.org\/{rel}","templated":true}]}}