{"id":3083,"date":"2019-08-30T15:46:53","date_gmt":"2019-08-30T20:46:53","guid":{"rendered":"http:\/\/departamentos.uleam.edu.ec\/vinculacion-colectividad\/?page_id=3083"},"modified":"2019-08-30T16:11:57","modified_gmt":"2019-08-30T21:11:57","slug":"proyectos-de-vinculacion-2019","status":"publish","type":"page","link":"https:\/\/departamentos.uleam.edu.ec\/vinculacion-colectividad\/proyectos-de-vinculacion-2019\/","title":{"rendered":"Proyectos de Vinculaci\u00f3n 2019"},"content":{"rendered":"<p style=\"text-align: center\"><span style=\"color: #000000\"><strong>Proyectos de Vinculaci\u00f3n Matriz y Extensiones 2019<\/strong><\/span><\/p>\n<table style=\"height: 129px\" width=\"695\">\n<tbody>\n<tr>\n<td style=\"text-align: justify\" width=\"34\"><span style=\"color: #000000\"><strong>N\u00b0<\/strong><\/span><\/td>\n<td style=\"text-align: justify\" width=\"486\"><span style=\"color: #000000\"><b>Proyecto<\/b><\/span><\/td>\n<td style=\"text-align: justify\" width=\"82\"><span style=\"color: #000000\"><b>Facultad<\/b><\/span><\/td>\n<\/tr>\n<tr style=\"text-align: justify\">\n<td width=\"34\">1<\/td>\n<td style=\"text-align: justify\" width=\"486\">Mejora del h\u00e1bitad de los residentes de los barrios vulnerables de Manta a trav\u00e9s de la potenciaci\u00f3n de las condiciones urbano-arquitect\u00f3nica.<\/td>\n<td style=\"text-align: justify\" width=\"82\">Arquitectura<\/td>\n<\/tr>\n<tr style=\"text-align: justify\">\n<td width=\"34\">2<\/td>\n<td style=\"text-align: justify\" width=\"486\">Fortalecimiento socioecon\u00f3mico a los emprendimientos y comercios formales e informales del cant\u00f3n Jipijapa y sus parroquias para reactivar la econom\u00eda empresarial y familiar 2018-2020<\/td>\n<td style=\"text-align: justify\" width=\"82\">Ciencias Administrativas<\/td>\n<\/tr>\n<tr style=\"text-align: justify\">\n<td width=\"34\">3<\/td>\n<td style=\"text-align: justify\" width=\"486\">Fortalecimiento de las buenas pr\u00e1cticas de manufacturas y valor agregados de los productos agropecuarios dirigido a los sectores productivos agropecuarios, artesanales y familiares de los pescadores del puerto pesquero artesanal de la provincia Manab\u00ed.<\/td>\n<td style=\"text-align: justify\" width=\"82\">Ciencias Agropecuarias<\/td>\n<\/tr>\n<tr style=\"text-align: justify\">\n<td width=\"34\">4<\/td>\n<td style=\"text-align: justify\" width=\"486\">Crianza de especies menores e implementaci\u00f3n de huertos org\u00e1nicos en los sectores m\u00e1s despose\u00eddos de la provincia de Manab\u00ed<\/td>\n<td style=\"text-align: justify\" width=\"82\">Ciencias Agropecuarias<\/td>\n<\/tr>\n<tr style=\"text-align: justify\">\n<td width=\"34\">5<\/td>\n<td style=\"text-align: justify\" width=\"486\">Asesoramiento t\u00e9cnico y legislativo para la conservaci\u00f3n de los ecosistemas terrestres y marinos en la franja costera de los cantones de Manta y Jaramij\u00f3<\/td>\n<td style=\"text-align: justify\" width=\"82\">Ciencias Agropecuarias, Ciencias del Mar<\/td>\n<\/tr>\n<tr style=\"text-align: justify\">\n<td width=\"34\">6<\/td>\n<td style=\"text-align: justify\" width=\"486\">Las herramientas Comunicacionales y la econom\u00eda popular y solidaria de Manab\u00ed<\/td>\n<td style=\"text-align: justify\" width=\"82\">Ciencias de la Comunicaci\u00f3n<\/td>\n<\/tr>\n<tr style=\"text-align: justify\">\n<td width=\"34\">7<\/td>\n<td style=\"text-align: justify\" width=\"486\">Proyecto interdisciplinario de asesor\u00eda pedag\u00f3gica con componentes de investigaci\u00f3n, vinculaci\u00f3n y desarrollo<\/td>\n<td style=\"text-align: justify\" width=\"82\">Ciencias de la Educaci\u00f3n<\/td>\n<\/tr>\n<tr style=\"text-align: justify\">\n<td width=\"34\">8<\/td>\n<td style=\"text-align: justify\" width=\"486\">Actividad f\u00edsica deportes y recreaci\u00f3n para la detecci\u00f3n de talentos deportivos en ni\u00f1os\/as de la educaci\u00f3n b\u00e1sica general de las escuelas de los cantones Manta, Montecristi y Jaramij\u00f3<\/td>\n<td style=\"text-align: justify\" width=\"82\">Ciencias de la Educaci\u00f3n<\/td>\n<\/tr>\n<tr style=\"text-align: justify\">\n<td width=\"34\">9<\/td>\n<td style=\"text-align: justify\" width=\"486\">Actividad f\u00edsica y recreativas en el adulto mayor del cant\u00f3n Manta<\/td>\n<td style=\"text-align: justify\" width=\"82\">Ciencias de la Educaci\u00f3n<\/td>\n<\/tr>\n<tr style=\"text-align: justify\">\n<td width=\"34\">10<\/td>\n<td style=\"text-align: justify\" width=\"486\">Fortalecimiento de una cultura empresarial para el desarrollo comercial de los subsectores productivos de la provincia Manab\u00ed<\/td>\n<td style=\"text-align: justify\" width=\"82\">Ciencias Econ\u00f3micas<\/td>\n<\/tr>\n<tr style=\"text-align: justify\">\n<td width=\"34\">11<\/td>\n<td style=\"text-align: justify\" width=\"486\">Desarrollo, implementaci\u00f3n y asesoramiento de software o aplicativos web dirigido a los comerciantes y artesanos de Manta, Montecristi y Jaramij\u00f3 de la provincia de Manab\u00ed<\/td>\n<td style=\"text-align: justify\" width=\"82\">Ciencias Inform\u00e1ticas<\/td>\n<\/tr>\n<tr style=\"text-align: justify\">\n<td width=\"34\">12<\/td>\n<td style=\"text-align: justify\" width=\"486\">Promoci\u00f3n de la salud y prevenci\u00f3n de enfermedades prevalentes en los cantones de Manta, Montecristi y Jaramij\u00f3<\/td>\n<td style=\"text-align: justify\" width=\"82\">Ciencias M\u00e9dicas y Enfermer\u00eda<\/td>\n<\/tr>\n<tr style=\"text-align: justify\">\n<td width=\"34\">13<\/td>\n<td style=\"text-align: justify\" width=\"486\">Seguridad Alimentaria en los cantones de Manta, Montecristi y Jaramij\u00f3 2016-2020<\/td>\n<td style=\"text-align: justify\" width=\"82\">Ciencias M\u00e9dicas y Enfermer\u00eda<\/td>\n<\/tr>\n<tr style=\"text-align: justify\">\n<td width=\"34\">14<\/td>\n<td style=\"text-align: justify\" width=\"486\">Promoci\u00f3n ciudadana en el autocuidado durante el ciclo de vida, en los cantones de Manta, Montecristi y Jaramij\u00f3, a\u00f1o 2016-2020<\/td>\n<td style=\"text-align: justify\" width=\"82\">Ciencias M\u00e9dicas y Enfermer\u00eda<\/td>\n<\/tr>\n<tr style=\"text-align: justify\">\n<td width=\"34\">15<\/td>\n<td style=\"text-align: justify\" width=\"486\">Establecimiento de huertos org\u00e1nicos y compostaje en hogares de la zona rural y urbano marginal de la ciudad de Chone como alternativa para la reducci\u00f3n del uso de agroqu\u00edmicos en la producci\u00f3n de hortalizas<\/td>\n<td style=\"text-align: justify\" width=\"82\">Extensi\u00f3n Chone<\/td>\n<\/tr>\n<tr style=\"text-align: justify\">\n<td width=\"34\">16<\/td>\n<td style=\"text-align: justify\" width=\"486\">T\u00e9cnicas de propagaci\u00f3n y mantenimiento de viveros de especies vegetales de inter\u00e9s agro productivos y ancestral en parcelas familiares de la zona rural y urbano marginal para la producci\u00f3n agroforestal y la recuperaci\u00f3n de especies ancestrales<\/td>\n<td style=\"text-align: justify\" width=\"82\">Extensi\u00f3n Chone<\/td>\n<\/tr>\n<tr style=\"text-align: justify\">\n<td width=\"34\">17<\/td>\n<td style=\"text-align: justify\" width=\"486\">Gesti\u00f3n del conocimiento (capacitaci\u00f3n) y asesoramiento inform\u00e1tico para el uso y acceso a las tic&#8217;s<\/td>\n<td style=\"text-align: justify\" width=\"82\">Extensi\u00f3n Chone<\/td>\n<\/tr>\n<tr style=\"text-align: justify\">\n<td width=\"34\">18<\/td>\n<td style=\"text-align: justify\" width=\"486\">Pensamiento computacional y la ense\u00f1anza del idioma ingl\u00e9s para el desarrollo de competencias en los estudiantes de la educaci\u00f3n basica media en las unidades educativas de Chone<\/td>\n<td style=\"text-align: justify\" width=\"82\">Extensi\u00f3n Chone<\/td>\n<\/tr>\n<tr style=\"text-align: justify\">\n<td width=\"34\">19<\/td>\n<td style=\"text-align: justify\" width=\"486\">Capacitaci\u00f3n Ser Bachiller<\/td>\n<td style=\"text-align: justify\" width=\"82\">Extensi\u00f3n El Carmen<\/td>\n<\/tr>\n<tr style=\"text-align: justify\">\n<td width=\"34\">20<\/td>\n<td style=\"text-align: justify\" width=\"486\">Mejoramiento de manejo nutricional, sanitario y reproductivo en hatos bovinos de parroquias ganaderas del cant\u00f3n El Carmen<\/td>\n<td style=\"text-align: justify\" width=\"82\">Extensi\u00f3n El Carmen<\/td>\n<\/tr>\n<tr style=\"text-align: justify\">\n<td width=\"34\">21<\/td>\n<td style=\"text-align: justify\" width=\"486\">Desarrollo y fortalecimiento de destrezas y habilidades empresariales de grupos organizados del cant\u00f3n El Carmen y su zona de influencia en el periodo 2015-2018<\/td>\n<td style=\"text-align: justify\" width=\"82\">Extensi\u00f3n El Carmen<\/td>\n<\/tr>\n<tr style=\"text-align: justify\">\n<td width=\"34\">22<\/td>\n<td style=\"text-align: justify\" width=\"486\">Alfabetizaci\u00f3n digital a grupos del cant\u00f3n El Carmen y su zona de influencia<\/td>\n<td style=\"text-align: justify\" width=\"82\">Extensi\u00f3n El Carmen<\/td>\n<\/tr>\n<tr style=\"text-align: justify\">\n<td width=\"34\">23<\/td>\n<td style=\"text-align: justify\" width=\"486\">Asistencia t\u00e9cnica en agricultura sostenible mediante la construcci\u00f3n de huertos hort\u00edcolas a grupos organizados del cant\u00f3n El Carmen<\/td>\n<td style=\"text-align: justify\" width=\"82\">Extensi\u00f3n El Carmen<\/td>\n<\/tr>\n<tr style=\"text-align: justify\">\n<td width=\"34\">24<\/td>\n<td style=\"text-align: justify\" width=\"486\">Capacitaci\u00f3n Ser Bachiller<\/td>\n<td style=\"text-align: justify\" width=\"82\">Extensi\u00f3n El Carmen<\/td>\n<\/tr>\n<tr style=\"text-align: justify\">\n<td width=\"34\">25<\/td>\n<td style=\"text-align: justify\" width=\"486\">Programaci\u00f3n de cosecha, nutrici\u00f3n y control de plagas y enfermedades en los cultivos de pl\u00e1tano en las asociaciones de productores del cant\u00f3n El Carmen<\/td>\n<td style=\"text-align: justify\" width=\"82\">Extensi\u00f3n El Carmen<\/td>\n<\/tr>\n<tr style=\"text-align: justify\">\n<td width=\"34\">26<\/td>\n<td style=\"text-align: justify\" width=\"486\">Fortalecimiento de la calidad de servicios de los clientes internos en las empresas hoteleras, tur\u00edsticas y gastron\u00f3micas, de los cantones Manta, Jaramij\u00f3 y Montecristi de la provincia de Manab\u00ed<\/td>\n<td style=\"text-align: justify\" width=\"82\">Hoteler\u00eda y Turismo<\/td>\n<\/tr>\n<tr style=\"text-align: justify\">\n<td width=\"34\">27<\/td>\n<td style=\"text-align: justify\" width=\"486\">Fortalecimiento de capacidades t\u00e9cnicas, habilidades y destrezas para maestros de construcci\u00f3n de edificaciones en la ciudad de Manta a trav\u00e9s de la capacitaci\u00f3n<\/td>\n<td style=\"text-align: justify\" width=\"82\">Ingenier\u00eda<\/td>\n<\/tr>\n<tr style=\"text-align: justify\">\n<td width=\"34\">28<\/td>\n<td style=\"text-align: justify\" width=\"486\">Implementaci\u00f3n de una vaca mec\u00e1nica para la producci\u00f3n de leche de soya para la comunidad San Jos\u00e9 del barrio 1 de diciembre de la ciudad de Manta 2016-2019<\/td>\n<td style=\"text-align: justify\" width=\"82\">Ingenier\u00eda industrial<\/td>\n<\/tr>\n<tr style=\"text-align: justify\">\n<td width=\"34\">29<\/td>\n<td style=\"text-align: justify\" width=\"486\">Mejora continua en el proceso de la microempresa \u00abNATUPAL\u00bb de San Miguel de Palo Largo de la parroquia Ayacucho del cant\u00f3n Santa Ana.<\/td>\n<td style=\"text-align: justify\" width=\"82\">Ingenier\u00eda industrial<\/td>\n<\/tr>\n<tr style=\"text-align: justify\">\n<td width=\"34\">30<\/td>\n<td style=\"text-align: justify\" width=\"486\">Rehabilitaci\u00f3n odontol\u00f3gica a personas con discapacidad de San Mateo &#8211; Manta<\/td>\n<td style=\"text-align: justify\" width=\"82\">Odontolog\u00eda<\/td>\n<\/tr>\n<tr style=\"text-align: justify\">\n<td width=\"34\">31<\/td>\n<td style=\"text-align: justify\" width=\"486\">Prevenci\u00f3n de la drogadicci\u00f3n en ni\u00f1os, ni\u00f1as y adolescentes de la comunas Los Bajos del cant\u00f3n Montecristi 2017-2020<\/td>\n<td style=\"text-align: justify\" width=\"82\">Trabajo Social<\/td>\n<\/tr>\n<\/tbody>\n<\/table>\n","protected":false},"excerpt":{"rendered":"<p>Proyectos de Vinculaci\u00f3n Matriz y Extensiones 2019 N\u00b0 Proyecto Facultad 1 Mejora del h\u00e1bitad de los residentes de los barrios vulnerables de Manta a trav\u00e9s de la potenciaci\u00f3n de las condiciones urbano-arquitect\u00f3nica.<a class=\"moretag\" href=\"https:\/\/departamentos.uleam.edu.ec\/vinculacion-colectividad\/proyectos-de-vinculacion-2019\/\">Leer m\u00e1s&#8230;<\/a><\/p>\n","protected":false},"author":111,"featured_media":0,"parent":0,"menu_order":0,"comment_status":"closed","ping_status":"closed","template":"","meta":{"footnotes":"","_links_to":"","_links_to_target":""},"class_list":["post-3083","page","type-page","status-publish","hentry"],"_links":{"self":[{"href":"https:\/\/departamentos.uleam.edu.ec\/vinculacion-colectividad\/wp-json\/wp\/v2\/pages\/3083","targetHints":{"allow":["GET"]}}],"collection":[{"href":"https:\/\/departamentos.uleam.edu.ec\/vinculacion-colectividad\/wp-json\/wp\/v2\/pages"}],"about":[{"href":"https:\/\/departamentos.uleam.edu.ec\/vinculacion-colectividad\/wp-json\/wp\/v2\/types\/page"}],"author":[{"embeddable":true,"href":"https:\/\/departamentos.uleam.edu.ec\/vinculacion-colectividad\/wp-json\/wp\/v2\/users\/111"}],"replies":[{"embeddable":true,"href":"https:\/\/departamentos.uleam.edu.ec\/vinculacion-colectividad\/wp-json\/wp\/v2\/comments?post=3083"}],"version-history":[{"count":10,"href":"https:\/\/departamentos.uleam.edu.ec\/vinculacion-colectividad\/wp-json\/wp\/v2\/pages\/3083\/revisions"}],"predecessor-version":[{"id":3533,"href":"https:\/\/departamentos.uleam.edu.ec\/vinculacion-colectividad\/wp-json\/wp\/v2\/pages\/3083\/revisions\/3533"}],"wp:attachment":[{"href":"https:\/\/departamentos.uleam.edu.ec\/vinculacion-colectividad\/wp-json\/wp\/v2\/media?parent=3083"}],"curies":[{"name":"wp","href":"https:\/\/api.w.org\/{rel}","templated":true}]}}