{"id":31,"date":"2012-08-16T15:29:19","date_gmt":"2012-08-16T15:29:19","guid":{"rendered":"http:\/\/departamentos.uleam.edu.ec\/vinculacion-colectividad\/?page_id=31"},"modified":"2019-02-05T11:40:20","modified_gmt":"2019-02-05T16:40:20","slug":"objetivos","status":"publish","type":"page","link":"https:\/\/departamentos.uleam.edu.ec\/vinculacion-colectividad\/objetivos\/","title":{"rendered":"Objetivos"},"content":{"rendered":"<p><span style=\"color: #000000\">Objetivos.- Son objetivos de este reglamento:<\/span><\/p>\n<ol>\n<li style=\"text-align: justify\"><span style=\"color: #000000\">Regular y orientar el desarrollo de las actividades cooperaci\u00f3n y asistencia t\u00e9cnica, social, y de consultor\u00eda especializada a la ULEAm, dirigidas a los sectores p\u00fablicos, privados y comunitarios, promoviendo la democratizaci\u00f3n \u00a0y difusi\u00f3n de los conocimientos cient\u00edficos y las tecnolog\u00edas propias de la actividad universitaria, entre los actores sociales.<\/span><\/li>\n<li style=\"text-align: justify\"><span style=\"color: #000000\">Apoyar el desarrollo social, productivo y cultural de las comunidades y grupos de atenci\u00f3n\u00a0\u00a0prioritarias,\u00a0tanto en los sectores urbanos, rurales \u00a0 y marginados, mediante convenios y acuerdos de cooperaci\u00f3n.<\/span><\/li>\n<li style=\"text-align: justify\"><span style=\"color: #000000\">Constituir a las comunidades, empresas e instituciones en general, en ambientes de aprendizaje para los estudiantes dela ULEAM.<\/span><\/li>\n<\/ol>\n<p style=\"text-align: justify\"><span style=\"color: #000000\">\u00a0<\/span><\/p>\n","protected":false},"excerpt":{"rendered":"<p>Objetivos.- Son objetivos de este reglamento: Regular y orientar el desarrollo de las actividades cooperaci\u00f3n y asistencia t\u00e9cnica, social, y de consultor\u00eda especializada a la ULEAm, dirigidas a los sectores p\u00fablicos, privados<a class=\"moretag\" href=\"https:\/\/departamentos.uleam.edu.ec\/vinculacion-colectividad\/objetivos\/\">Leer m\u00e1s&#8230;<\/a><\/p>\n","protected":false},"author":56,"featured_media":0,"parent":0,"menu_order":6,"comment_status":"closed","ping_status":"closed","template":"","meta":{"footnotes":"","_links_to":"","_links_to_target":""},"class_list":["post-31","page","type-page","status-publish","hentry"],"_links":{"self":[{"href":"https:\/\/departamentos.uleam.edu.ec\/vinculacion-colectividad\/wp-json\/wp\/v2\/pages\/31","targetHints":{"allow":["GET"]}}],"collection":[{"href":"https:\/\/departamentos.uleam.edu.ec\/vinculacion-colectividad\/wp-json\/wp\/v2\/pages"}],"about":[{"href":"https:\/\/departamentos.uleam.edu.ec\/vinculacion-colectividad\/wp-json\/wp\/v2\/types\/page"}],"author":[{"embeddable":true,"href":"https:\/\/departamentos.uleam.edu.ec\/vinculacion-colectividad\/wp-json\/wp\/v2\/users\/56"}],"replies":[{"embeddable":true,"href":"https:\/\/departamentos.uleam.edu.ec\/vinculacion-colectividad\/wp-json\/wp\/v2\/comments?post=31"}],"version-history":[{"count":19,"href":"https:\/\/departamentos.uleam.edu.ec\/vinculacion-colectividad\/wp-json\/wp\/v2\/pages\/31\/revisions"}],"predecessor-version":[{"id":2888,"href":"https:\/\/departamentos.uleam.edu.ec\/vinculacion-colectividad\/wp-json\/wp\/v2\/pages\/31\/revisions\/2888"}],"wp:attachment":[{"href":"https:\/\/departamentos.uleam.edu.ec\/vinculacion-colectividad\/wp-json\/wp\/v2\/media?parent=31"}],"curies":[{"name":"wp","href":"https:\/\/api.w.org\/{rel}","templated":true}]}}