{"id":3186,"date":"2020-06-02T12:20:51","date_gmt":"2020-06-02T17:20:51","guid":{"rendered":"http:\/\/departamentos.uleam.edu.ec\/vinculacion-colectividad\/?page_id=3186"},"modified":"2020-06-02T13:33:51","modified_gmt":"2020-06-02T18:33:51","slug":"proyectos-de-vinculacion-matriz-2019","status":"publish","type":"page","link":"https:\/\/departamentos.uleam.edu.ec\/vinculacion-colectividad\/proyectos-de-vinculacion-matriz-2019\/","title":{"rendered":"Proyectos de Vinculaci\u00f3n (Matriz) 2019"},"content":{"rendered":"\n<p style=\"text-align:center\"><strong>Proyectos de Vinculaci\u00f3n (matriz) 2019<\/strong><\/p>\n\n\n\n<table class=\"wp-block-table\"><tbody><tr><td><strong>N\u00b0<\/strong><\/td><td><strong>Proyecto<\/strong><\/td><td><strong>Carrera<\/strong><\/td><\/tr><tr><td><strong>1<\/strong><\/td><td>Mejora del h\u00e1bitad de los residentes de los barrios vulnerables de Manta a trav\u00e9s de la potenciaci\u00f3n de las condiciones urbano-arquitect\u00f3nica<\/td><td>Arquitectura<\/td><\/tr><tr><td><strong>2<\/strong><\/td><td>Fortalecimiento socioecon\u00f3mico a los emprendimientos y comercios formales e informales del cant\u00f3n Jipijapa y sus parroquias para reactivar la econom\u00eda empresarial y familiar 2018-2020<\/td><td>Ciencias Administrativas<\/td><\/tr><tr><td><strong>3<\/strong><\/td><td>Mejoramiento de las potencialidades en mercadotecnia, atenci\u00f3n y servicio al cliente, con el sector artesanal y las asociaciones de comerciantes de los cantones Manta, Jaramij\u00f3 y Montecristi de la provincia de Manab\u00ed<\/td><td>Ciencias Administrativas<\/td><\/tr><tr><td><strong>4<\/strong><\/td><td>Creaci\u00f3n y fortalecimiento de las actividades productivas y sociales en el Sitio San Juan de Manta, periodo 2019-2021<\/td><td>Ciencias Agropecuarias<\/td><\/tr><tr><td><strong>5<\/strong><\/td><td>Crianza de especies menores e implementaci\u00f3n de huertos org\u00e1nicos en los sectores m\u00e1s despose\u00eddos de la provincia de Manab\u00ed<\/td><td>Ciencias Agropecuarias<\/td><\/tr><tr><td><strong>6<\/strong><\/td><td>Asesoramiento t\u00e9cnico y legislativo para la conservaci\u00f3n de los ecosistemas terrestres y marinos en la franja costera de los cantones de Manta y Jaramij\u00f3<\/td><td>Ciencias Agropecuarias<\/td><\/tr><tr><td><strong>7<\/strong><\/td><td>Creaci\u00f3n y fortalecimiento de las actividades productivas y sociales en el Sitio San Juan de Manta, periodo 2019-2021<\/td><td>Ciencias de la Comunicaci\u00f3n<\/td><\/tr><tr><td><strong>8<\/strong><\/td><td>Proyecto interdisciplinario de asesor\u00eda pedag\u00f3gica con componentes de investigaci\u00f3n, vinculaci\u00f3n y desarrollo<\/td><td>Ciencias de la Educaci\u00f3n<\/td><\/tr><tr><td><strong>9<\/strong><\/td><td>Actividad f\u00edsica deportes y recreaci\u00f3n para la detecci\u00f3n de talentos deportivos en ni\u00f1os-as de la educaci\u00f3n b\u00e1sica general de las escuelas de los cantones Manta, Montecristi y Jaramij\u00f3<\/td><td>Ciencias de la Educaci\u00f3n<\/td><\/tr><tr><td><strong>10<\/strong><\/td><td>Actividad f\u00edsica y recreativas en el adulto mayor del cant\u00f3n Manta<\/td><td>Ciencias de la Educaci\u00f3n<\/td><\/tr><tr><td><strong>11<\/strong><\/td><td>Asesoramiento t\u00e9cnico y legislativo para la conservaci\u00f3n de los ecosistemas terrestres y marinos en la franja costera de los cantones de Manta y Jaramij\u00f3<\/td><td>Ciencias del Mar<\/td><\/tr><tr><td><strong>12<\/strong><\/td><td>Implementaci\u00f3n de una vaca mec\u00e1nica para la producci\u00f3n de leche de soya para la comunidad San Jos\u00e9 del barrio 1 de diciembre de la ciudad de Manta 2016-2019<\/td><td>Ciencias Econ\u00f3micas&nbsp;<\/td><\/tr><tr><td><strong>13<\/strong><\/td><td>Creaci\u00f3n y fortalecimiento de las actividades productivas y sociales en el Sitio San Juan de Manta, periodo 2019-2021<\/td><td>Ciencias Econ\u00f3micas&nbsp;<\/td><\/tr><tr><td><strong>14<\/strong><\/td><td>Desarrollo, implementaci\u00f3n y asesoramiento de software o aplicativos web dirigido a los comerciantes y artesanos de Manta, Montecristi y Jaramij\u00f3 de la provincia de Manab\u00ed<\/td><td>Ciencias Inform\u00e1ticas&nbsp;<\/td><\/tr><tr><td><strong>15<\/strong><\/td><td>Promoci\u00f3n ciudadana en el autocuidado durante el ciclo de vida, en los cantones de Manta, Montecristi y Jaramij\u00f3, a\u00f1o 2016-2020<\/td><td>Ciencias M\u00e9dicas<\/td><\/tr><tr><td><strong>16<\/strong><\/td><td>Promoci\u00f3n de la salud y prevenci\u00f3n de enfermedades prevalentes en los cantones de Manta, Montecristi y Jaramij\u00f3<\/td><td>Ciencias M\u00e9dicas<\/td><\/tr><tr><td><strong>17<\/strong><\/td><td>Creaci\u00f3n y fortalecimiento de las actividades productivas y sociales en el Sitio San Juan de Manta, periodo 2019-2021<\/td><td>Contabilidad y Auditoria<\/td><\/tr><tr><td><strong>18<\/strong><\/td><td>Creaci\u00f3n y fortalecimiento de las actividades productivas y sociales en el Sitio San Juan de Manta, periodo 2019-2021<\/td><td>Derecho<\/td><\/tr><tr><td><strong>19<\/strong><\/td><td>Promoci\u00f3n ciudadana en el autocuidado durante el ciclo de vida, en los cantones de Manta, Montecristi y Jaramij\u00f3, a\u00f1o 2016-2020<\/td><td>Enfermer\u00eda<\/td><\/tr><tr><td><strong>20<\/strong><\/td><td>Promoci\u00f3n de la salud y prevenci\u00f3n de enfermedades prevalentes en los cantones de Manta, Montecristi y Jaramij\u00f3<\/td><td>Enfermer\u00eda<\/td><\/tr><tr><td><strong>21<\/strong><\/td><td>Seguridad Alimentaria en los cantones de Manta, Montecristi y Jaramij\u00f3 2016-2020<\/td><td>Enfermer\u00eda<\/td><\/tr><tr><td><strong>22<\/strong><\/td><td>Desarrollo de competencias laborales en la gesti\u00f3n secretarial dirigido a la parroquia Ni\u00f1o Jes\u00fas del Cant\u00f3n Manta<\/td><td>Gesti\u00f3n, Desarrollo y Secretariado Ejecutivo<\/td><\/tr><tr><td><strong>23<\/strong><\/td><td>Fortalecimiento de la calidad de servicios de los clientes internos en las empresas hoteleras, tur\u00edsticas y gastron\u00f3micas, de los cantones Manta, Jaramij\u00f3 y Montecristi de la provincia de Manab\u00ed<\/td><td>Hoteler\u00eda y Turismo<\/td><\/tr><tr><td><strong>24<\/strong><\/td><td>Asesor\u00eda en procesos de ingenier\u00eda manufactura avanzada, mantenimiento, procesos constructivos, eficiencia energ\u00e9tica y energ\u00eda renovable a grupos vulnerables y empresas del sector productivo<\/td><td>Ingenier\u00eda<\/td><\/tr><tr><td><strong>25<\/strong><\/td><td>Creaci\u00f3n y fortalecimiento de las actividades productivas y sociales de la Comuna San Juan de la ciudad de Manta, periodo 2019-2021<\/td><td>Ingenier\u00eda Industrial<\/td><\/tr><tr><td><strong>26<\/strong><\/td><td>Mejora continua en el proceso de la microempresa \u00bb Natupal\u00bb de san Miguel de palo largo de la parroquia de Ayacucho del Cant\u00f3n Santa Ana&nbsp;<\/td><td>Ingenier\u00eda Industrial<\/td><\/tr><tr><td><strong>27<\/strong><\/td><td>Atenci\u00f3n odontol\u00f3gica a personas con discapacidad de San Mateo &#8211; Manta<\/td><td>Odontolog\u00eda<\/td><\/tr><tr><td><strong>28<\/strong><\/td><td>Promoci\u00f3n de salud bucal en Centro de Desarrollo Infantil (CDI) de Manta, Periodo 2019<\/td><td>Odontolog\u00eda<\/td><\/tr><tr><td><strong>29<\/strong><\/td><td>Creaci\u00f3n y fortalecimiento de las actividades productivas y sociales en el Sitio San Juan de Manta, periodo 2019-2021<\/td><td>Psicolog\u00eda<\/td><\/tr><tr><td><strong>30<\/strong><\/td><td>Creaci\u00f3n y fortalecimiento de las actividades productivas y sociales en el Sitio San Juan de Manta, periodo 2019-2021<\/td><td>Trabajo Social<\/td><\/tr><tr><td><strong>31<\/strong><\/td><td>Prevenci\u00f3n de la drogadicci\u00f3n en ni\u00f1os, ni\u00f1as y adolescentes de la comunas del cant\u00f3n Montecristi 2017-2020<\/td><td>Trabajo Social<\/td><\/tr><\/tbody><\/table>\n","protected":false},"excerpt":{"rendered":"<p>Proyectos de Vinculaci\u00f3n (matriz) 2019 N\u00b0 Proyecto Carrera 1 Mejora del h\u00e1bitad de los residentes de los barrios vulnerables de Manta a trav\u00e9s de la potenciaci\u00f3n de las condiciones urbano-arquitect\u00f3nica Arquitectura 2<a class=\"moretag\" href=\"https:\/\/departamentos.uleam.edu.ec\/vinculacion-colectividad\/proyectos-de-vinculacion-matriz-2019\/\">Leer m\u00e1s&#8230;<\/a><\/p>\n","protected":false},"author":111,"featured_media":0,"parent":0,"menu_order":0,"comment_status":"closed","ping_status":"closed","template":"","meta":{"footnotes":"","_links_to":"","_links_to_target":""},"class_list":["post-3186","page","type-page","status-publish","hentry"],"_links":{"self":[{"href":"https:\/\/departamentos.uleam.edu.ec\/vinculacion-colectividad\/wp-json\/wp\/v2\/pages\/3186","targetHints":{"allow":["GET"]}}],"collection":[{"href":"https:\/\/departamentos.uleam.edu.ec\/vinculacion-colectividad\/wp-json\/wp\/v2\/pages"}],"about":[{"href":"https:\/\/departamentos.uleam.edu.ec\/vinculacion-colectividad\/wp-json\/wp\/v2\/types\/page"}],"author":[{"embeddable":true,"href":"https:\/\/departamentos.uleam.edu.ec\/vinculacion-colectividad\/wp-json\/wp\/v2\/users\/111"}],"replies":[{"embeddable":true,"href":"https:\/\/departamentos.uleam.edu.ec\/vinculacion-colectividad\/wp-json\/wp\/v2\/comments?post=3186"}],"version-history":[{"count":8,"href":"https:\/\/departamentos.uleam.edu.ec\/vinculacion-colectividad\/wp-json\/wp\/v2\/pages\/3186\/revisions"}],"predecessor-version":[{"id":3203,"href":"https:\/\/departamentos.uleam.edu.ec\/vinculacion-colectividad\/wp-json\/wp\/v2\/pages\/3186\/revisions\/3203"}],"wp:attachment":[{"href":"https:\/\/departamentos.uleam.edu.ec\/vinculacion-colectividad\/wp-json\/wp\/v2\/media?parent=3186"}],"curies":[{"name":"wp","href":"https:\/\/api.w.org\/{rel}","templated":true}]}}