{"id":3197,"date":"2020-06-02T13:27:57","date_gmt":"2020-06-02T18:27:57","guid":{"rendered":"http:\/\/departamentos.uleam.edu.ec\/vinculacion-colectividad\/?page_id=3197"},"modified":"2020-06-02T13:33:13","modified_gmt":"2020-06-02T18:33:13","slug":"proyectos-de-vinculacion-extension-bahia-de-caraquez-2019","status":"publish","type":"page","link":"https:\/\/departamentos.uleam.edu.ec\/vinculacion-colectividad\/proyectos-de-vinculacion-extension-bahia-de-caraquez-2019\/","title":{"rendered":"Proyectos de vinculaci\u00f3n (Extensi\u00f3n Bah\u00eda de Car\u00e1quez) 2019"},"content":{"rendered":"\n<p style=\"text-align:center\"><strong>Proyectos de Vinculaci\u00f3n (Extensi\u00f3n Bah\u00eda de Car\u00e1quez) 2019<\/strong><\/p>\n\n\n\n<table class=\"wp-block-table\"><tbody><tr><td><strong>N\u00b0<\/strong><\/td><td><strong>Proyecto<\/strong><\/td><td><strong>Carrera<\/strong><\/td><\/tr><tr><td><strong>1<\/strong><\/td><td>Desarrollo Socioecon\u00f3mico en los negocios del mercado de la Ciudad de Bah\u00eda de Car\u00e1quez<\/td><td>Licenciatura en Mercadotecnia<\/td><\/tr><tr><td><strong>2<\/strong><\/td><td>Redise\u00f1o de imagen comercial y de servicio para el desarrollo sustentable socioecon\u00f3mico empresarial de los peque\u00f1os negocios  de la parroquia Le\u00f3nidas Plaza del cant\u00f3n Sucre, a\u00f1o 2015-2019<\/td><td>Ciencias Administrativas<\/td><\/tr><\/tbody><\/table>\n","protected":false},"excerpt":{"rendered":"<p>Proyectos de Vinculaci\u00f3n (Extensi\u00f3n Bah\u00eda de Car\u00e1quez) 2019 N\u00b0 Proyecto Carrera 1 Desarrollo Socioecon\u00f3mico en los negocios del mercado de la Ciudad de Bah\u00eda de Car\u00e1quez Licenciatura en Mercadotecnia 2 Redise\u00f1o de<a class=\"moretag\" href=\"https:\/\/departamentos.uleam.edu.ec\/vinculacion-colectividad\/proyectos-de-vinculacion-extension-bahia-de-caraquez-2019\/\">Leer m\u00e1s&#8230;<\/a><\/p>\n","protected":false},"author":111,"featured_media":0,"parent":0,"menu_order":0,"comment_status":"closed","ping_status":"closed","template":"","meta":{"footnotes":"","_links_to":"","_links_to_target":""},"class_list":["post-3197","page","type-page","status-publish","hentry"],"_links":{"self":[{"href":"https:\/\/departamentos.uleam.edu.ec\/vinculacion-colectividad\/wp-json\/wp\/v2\/pages\/3197","targetHints":{"allow":["GET"]}}],"collection":[{"href":"https:\/\/departamentos.uleam.edu.ec\/vinculacion-colectividad\/wp-json\/wp\/v2\/pages"}],"about":[{"href":"https:\/\/departamentos.uleam.edu.ec\/vinculacion-colectividad\/wp-json\/wp\/v2\/types\/page"}],"author":[{"embeddable":true,"href":"https:\/\/departamentos.uleam.edu.ec\/vinculacion-colectividad\/wp-json\/wp\/v2\/users\/111"}],"replies":[{"embeddable":true,"href":"https:\/\/departamentos.uleam.edu.ec\/vinculacion-colectividad\/wp-json\/wp\/v2\/comments?post=3197"}],"version-history":[{"count":3,"href":"https:\/\/departamentos.uleam.edu.ec\/vinculacion-colectividad\/wp-json\/wp\/v2\/pages\/3197\/revisions"}],"predecessor-version":[{"id":3201,"href":"https:\/\/departamentos.uleam.edu.ec\/vinculacion-colectividad\/wp-json\/wp\/v2\/pages\/3197\/revisions\/3201"}],"wp:attachment":[{"href":"https:\/\/departamentos.uleam.edu.ec\/vinculacion-colectividad\/wp-json\/wp\/v2\/media?parent=3197"}],"curies":[{"name":"wp","href":"https:\/\/api.w.org\/{rel}","templated":true}]}}