{"id":3204,"date":"2020-06-02T13:36:13","date_gmt":"2020-06-02T18:36:13","guid":{"rendered":"http:\/\/departamentos.uleam.edu.ec\/vinculacion-colectividad\/?page_id=3204"},"modified":"2020-06-02T13:36:41","modified_gmt":"2020-06-02T18:36:41","slug":"proyectos-de-vinculacion-extension-chone-2019","status":"publish","type":"page","link":"https:\/\/departamentos.uleam.edu.ec\/vinculacion-colectividad\/proyectos-de-vinculacion-extension-chone-2019\/","title":{"rendered":"Proyectos de vinculaci\u00f3n (Extensi\u00f3n Chone) 2019"},"content":{"rendered":"\n<p style=\"text-align:center\"><strong>Proyectos de Vinculaci\u00f3n (Extensi\u00f3n Chone) 2019<\/strong><\/p>\n\n\n\n<table class=\"wp-block-table\"><tbody><tr><td><strong>N\u00b0<\/strong><\/td><td><strong>Proyecto<\/strong><\/td><td><strong>Carrera<\/strong><\/td><\/tr><tr><td><strong>1<\/strong><\/td><td>Establecimiento de huertos org\u00e1nicos y compostaje en hogares de la zona rural y urbano marginal de la ciudad de Chone, como alternativa para la reducci\u00f3n del uso de agro qu\u00edmicos en la producci\u00f3n de hortalizas.<\/td><td>Ciencias Agropecuarias<\/td><\/tr><tr><td><strong>2<\/strong><\/td><td>T\u00e9cnicas de propagaci\u00f3n y mantenimiento de viveros de especies vegetales de inter\u00e9s agro productivo y ancestral en parcelas familiares de la zona rural y urbano marginal para la producci\u00f3n agroforestal y la recuperaci\u00f3n de especies ancestrales.&nbsp;<\/td><td>Ciencias Agropecuarias<\/td><\/tr><tr><td><strong>3<\/strong><\/td><td>El pensamiento computacional y la ense\u00f1anza del idioma ingl\u00e9s para el desarrollo de competencias en los estudiantes de la educaci\u00f3n basica media<\/td><td>Ciencias Inform\u00e1ticas y  y Ciencias de la Educaci\u00f3n <\/td><\/tr><\/tbody><\/table>\n","protected":false},"excerpt":{"rendered":"<p>Proyectos de Vinculaci\u00f3n (Extensi\u00f3n Chone) 2019 N\u00b0 Proyecto Carrera 1 Establecimiento de huertos org\u00e1nicos y compostaje en hogares de la zona rural y urbano marginal de la ciudad de Chone, como alternativa<a class=\"moretag\" href=\"https:\/\/departamentos.uleam.edu.ec\/vinculacion-colectividad\/proyectos-de-vinculacion-extension-chone-2019\/\">Leer m\u00e1s&#8230;<\/a><\/p>\n","protected":false},"author":111,"featured_media":0,"parent":0,"menu_order":0,"comment_status":"closed","ping_status":"closed","template":"","meta":{"footnotes":"","_links_to":"","_links_to_target":""},"class_list":["post-3204","page","type-page","status-publish","hentry"],"_links":{"self":[{"href":"https:\/\/departamentos.uleam.edu.ec\/vinculacion-colectividad\/wp-json\/wp\/v2\/pages\/3204","targetHints":{"allow":["GET"]}}],"collection":[{"href":"https:\/\/departamentos.uleam.edu.ec\/vinculacion-colectividad\/wp-json\/wp\/v2\/pages"}],"about":[{"href":"https:\/\/departamentos.uleam.edu.ec\/vinculacion-colectividad\/wp-json\/wp\/v2\/types\/page"}],"author":[{"embeddable":true,"href":"https:\/\/departamentos.uleam.edu.ec\/vinculacion-colectividad\/wp-json\/wp\/v2\/users\/111"}],"replies":[{"embeddable":true,"href":"https:\/\/departamentos.uleam.edu.ec\/vinculacion-colectividad\/wp-json\/wp\/v2\/comments?post=3204"}],"version-history":[{"count":3,"href":"https:\/\/departamentos.uleam.edu.ec\/vinculacion-colectividad\/wp-json\/wp\/v2\/pages\/3204\/revisions"}],"predecessor-version":[{"id":3207,"href":"https:\/\/departamentos.uleam.edu.ec\/vinculacion-colectividad\/wp-json\/wp\/v2\/pages\/3204\/revisions\/3207"}],"wp:attachment":[{"href":"https:\/\/departamentos.uleam.edu.ec\/vinculacion-colectividad\/wp-json\/wp\/v2\/media?parent=3204"}],"curies":[{"name":"wp","href":"https:\/\/api.w.org\/{rel}","templated":true}]}}