{"id":3212,"date":"2020-06-02T13:41:43","date_gmt":"2020-06-02T18:41:43","guid":{"rendered":"http:\/\/departamentos.uleam.edu.ec\/vinculacion-colectividad\/?page_id=3212"},"modified":"2020-06-02T13:41:43","modified_gmt":"2020-06-02T18:41:43","slug":"proyectos-de-vinculacion-extension-el-carmen-2019","status":"publish","type":"page","link":"https:\/\/departamentos.uleam.edu.ec\/vinculacion-colectividad\/proyectos-de-vinculacion-extension-el-carmen-2019\/","title":{"rendered":"Proyectos de vinculaci\u00f3n (Extensi\u00f3n El Carmen) 2019"},"content":{"rendered":"\n<p style=\"text-align:center\"><strong>Proyectos de Vinculaci\u00f3n (Extensi\u00f3n El Carmen) 2019<\/strong><\/p>\n\n\n\n<table class=\"wp-block-table\"><tbody><tr><td><strong>N\u00b0<\/strong><\/td><td><strong>Proyecto<\/strong><\/td><td><strong>Carrera<\/strong><\/td><\/tr><tr><td><strong>1<\/strong><\/td><td>Acompa\u00f1amiento psicopedag\u00f3gico en la formaci\u00f3n integral, inclusiva e intercultural en las instituciones educativas del cant\u00f3n el Carmen<\/td><td>Ciencias de la Educaci\u00f3n<\/td><\/tr><tr><td><strong>2<\/strong><\/td><td>Desarrollo y fortalecimiento de destrezas y habilidades empresariales de grupos organizados del cant\u00f3n El Carmen y su zona de influencia en el periodo 2015-2018<\/td><td>Contabilidad y Auditoria<\/td><\/tr><tr><td><strong>3<\/strong><\/td><td>Asistencia t\u00e9cnica en agricultura sostenible mediante la construcci\u00f3n de huertos hort\u00edcolas a grupos organizados del cant\u00f3n El Carmen<\/td><td>Ingenier\u00eda Agropecuaria<\/td><\/tr><tr><td><strong>4<\/strong><\/td><td>Mejoramiento de manejo nutricional, sanitario y reproductivo en hatos bovinos de parroquias ganaderas del cant\u00f3n El Carmen<\/td><td>Ingenier\u00eda Agropecuaria<\/td><\/tr><tr><td><strong>5<\/strong><\/td><td>Programaci\u00f3n de cosecha, nutrici\u00f3n y control de plagas y enfermedades en los cultivos de pl\u00e1tano en las asociaciones de productores del cant\u00f3n El Carmen<\/td><td>Ingenier\u00eda Agropecuaria<\/td><\/tr><tr><td><strong>6<\/strong><\/td><td>Alfabetizaci\u00f3n digital a grupos del cant\u00f3n El Carmen y su zona de influencia<\/td><td>Ingenier\u00eda en Sistemas<\/td><\/tr><\/tbody><\/table>\n","protected":false},"excerpt":{"rendered":"<p>Proyectos de Vinculaci\u00f3n (Extensi\u00f3n El Carmen) 2019 N\u00b0 Proyecto Carrera 1 Acompa\u00f1amiento psicopedag\u00f3gico en la formaci\u00f3n integral, inclusiva e intercultural en las instituciones educativas del cant\u00f3n el Carmen Ciencias de la Educaci\u00f3n<a class=\"moretag\" href=\"https:\/\/departamentos.uleam.edu.ec\/vinculacion-colectividad\/proyectos-de-vinculacion-extension-el-carmen-2019\/\">Leer m\u00e1s&#8230;<\/a><\/p>\n","protected":false},"author":111,"featured_media":0,"parent":0,"menu_order":0,"comment_status":"closed","ping_status":"closed","template":"","meta":{"footnotes":"","_links_to":"","_links_to_target":""},"class_list":["post-3212","page","type-page","status-publish","hentry"],"_links":{"self":[{"href":"https:\/\/departamentos.uleam.edu.ec\/vinculacion-colectividad\/wp-json\/wp\/v2\/pages\/3212","targetHints":{"allow":["GET"]}}],"collection":[{"href":"https:\/\/departamentos.uleam.edu.ec\/vinculacion-colectividad\/wp-json\/wp\/v2\/pages"}],"about":[{"href":"https:\/\/departamentos.uleam.edu.ec\/vinculacion-colectividad\/wp-json\/wp\/v2\/types\/page"}],"author":[{"embeddable":true,"href":"https:\/\/departamentos.uleam.edu.ec\/vinculacion-colectividad\/wp-json\/wp\/v2\/users\/111"}],"replies":[{"embeddable":true,"href":"https:\/\/departamentos.uleam.edu.ec\/vinculacion-colectividad\/wp-json\/wp\/v2\/comments?post=3212"}],"version-history":[{"count":1,"href":"https:\/\/departamentos.uleam.edu.ec\/vinculacion-colectividad\/wp-json\/wp\/v2\/pages\/3212\/revisions"}],"predecessor-version":[{"id":3213,"href":"https:\/\/departamentos.uleam.edu.ec\/vinculacion-colectividad\/wp-json\/wp\/v2\/pages\/3212\/revisions\/3213"}],"wp:attachment":[{"href":"https:\/\/departamentos.uleam.edu.ec\/vinculacion-colectividad\/wp-json\/wp\/v2\/media?parent=3212"}],"curies":[{"name":"wp","href":"https:\/\/api.w.org\/{rel}","templated":true}]}}