{"id":3215,"date":"2020-06-02T13:45:13","date_gmt":"2020-06-02T18:45:13","guid":{"rendered":"http:\/\/departamentos.uleam.edu.ec\/vinculacion-colectividad\/?page_id=3215"},"modified":"2020-06-02T13:45:13","modified_gmt":"2020-06-02T18:45:13","slug":"proyectos-de-vinculacion-campus-pedernales-2019","status":"publish","type":"page","link":"https:\/\/departamentos.uleam.edu.ec\/vinculacion-colectividad\/proyectos-de-vinculacion-campus-pedernales-2019\/","title":{"rendered":"Proyectos de vinculaci\u00f3n (Campus Pedernales) 2019"},"content":{"rendered":"\n<p style=\"text-align:center\"><strong>Proyectos de Vinculaci\u00f3n (Extensi\u00f3n Pedernales) 2018<\/strong><\/p>\n\n\n\n<table class=\"wp-block-table\"><tbody><tr><td><strong>N\u00b0<\/strong><\/td><td><strong>Proyecto<\/strong><\/td><td><strong>Carrera<\/strong><\/td><\/tr><tr><td><strong>1<\/strong><\/td><td>Fomento al emprendimiento e innovaci\u00f3n en las zonas urbanas del cant\u00f3n Pedernales<\/td><td>Ciencias Administrativas<\/td><\/tr><tr><td><strong>2<\/strong><\/td><td>Fortalecimiento de las capacidades para el desarrollo local mediante la reforestaci\u00f3n y conservaci\u00f3n de especies nativas en el cant\u00f3n Pedernales (2019-2020)<\/td><td>Ingenier\u00eda Agropecuaria<\/td><\/tr><\/tbody><\/table>\n","protected":false},"excerpt":{"rendered":"<p>Proyectos de Vinculaci\u00f3n (Extensi\u00f3n Pedernales) 2018 N\u00b0 Proyecto Carrera 1 Fomento al emprendimiento e innovaci\u00f3n en las zonas urbanas del cant\u00f3n Pedernales Ciencias Administrativas 2 Fortalecimiento de las capacidades para el desarrollo<a class=\"moretag\" href=\"https:\/\/departamentos.uleam.edu.ec\/vinculacion-colectividad\/proyectos-de-vinculacion-campus-pedernales-2019\/\">Leer m\u00e1s&#8230;<\/a><\/p>\n","protected":false},"author":111,"featured_media":0,"parent":0,"menu_order":0,"comment_status":"closed","ping_status":"closed","template":"","meta":{"footnotes":"","_links_to":"","_links_to_target":""},"class_list":["post-3215","page","type-page","status-publish","hentry"],"_links":{"self":[{"href":"https:\/\/departamentos.uleam.edu.ec\/vinculacion-colectividad\/wp-json\/wp\/v2\/pages\/3215","targetHints":{"allow":["GET"]}}],"collection":[{"href":"https:\/\/departamentos.uleam.edu.ec\/vinculacion-colectividad\/wp-json\/wp\/v2\/pages"}],"about":[{"href":"https:\/\/departamentos.uleam.edu.ec\/vinculacion-colectividad\/wp-json\/wp\/v2\/types\/page"}],"author":[{"embeddable":true,"href":"https:\/\/departamentos.uleam.edu.ec\/vinculacion-colectividad\/wp-json\/wp\/v2\/users\/111"}],"replies":[{"embeddable":true,"href":"https:\/\/departamentos.uleam.edu.ec\/vinculacion-colectividad\/wp-json\/wp\/v2\/comments?post=3215"}],"version-history":[{"count":1,"href":"https:\/\/departamentos.uleam.edu.ec\/vinculacion-colectividad\/wp-json\/wp\/v2\/pages\/3215\/revisions"}],"predecessor-version":[{"id":3216,"href":"https:\/\/departamentos.uleam.edu.ec\/vinculacion-colectividad\/wp-json\/wp\/v2\/pages\/3215\/revisions\/3216"}],"wp:attachment":[{"href":"https:\/\/departamentos.uleam.edu.ec\/vinculacion-colectividad\/wp-json\/wp\/v2\/media?parent=3215"}],"curies":[{"name":"wp","href":"https:\/\/api.w.org\/{rel}","templated":true}]}}