{"id":3219,"date":"2020-06-02T13:51:10","date_gmt":"2020-06-02T18:51:10","guid":{"rendered":"http:\/\/departamentos.uleam.edu.ec\/vinculacion-colectividad\/?page_id=3219"},"modified":"2020-06-02T14:04:30","modified_gmt":"2020-06-02T19:04:30","slug":"proyectos-de-vinculacion-matriz-2020","status":"publish","type":"page","link":"https:\/\/departamentos.uleam.edu.ec\/vinculacion-colectividad\/proyectos-de-vinculacion-matriz-2020\/","title":{"rendered":"Proyectos de Vinculaci\u00f3n (Matriz) 2020"},"content":{"rendered":"<p><!--StartFragment--><\/p>\n\n\n<p style=\"text-align:center\"><strong>Proyectos de Vinculaci\u00f3n (matriz) 2020<\/strong><\/p>\n\n\n\n<table class=\"wp-block-table\"><tbody><tr><td><strong>N\u00b0<\/strong><\/td><td><strong>Proyecto<\/strong><\/td><td><strong>Carrera<\/strong><\/td><\/tr><tr><td><strong>1<\/strong><\/td><td>H\u00e1bitat saludable y diagn\u00f3stico de apoyo log\u00edstico territorial en per\u00edodo de contingencia<\/td><td>Arquitectura<\/td><\/tr><tr><td><strong>2<\/strong><\/td><td>Fortalecimiento socioecon\u00f3mico a emprendimientos del cant\u00f3n Jipijapa y Manta<\/td><td>Ciencias Administrativas<\/td><\/tr><tr><td><strong>3<\/strong><\/td><td>Empoderamiento tur\u00edstico y comercial de Manta<\/td><td>Ciencias Administrativas<\/td><\/tr><tr><td><strong>4<\/strong><\/td><td>Fortalecimiento de la red de atenci\u00f3n y prevenci\u00f3n de la violencia intrafamiliar Manta <\/td><td> Ciencias Administrativas <\/td><\/tr><tr><td><strong>5<\/strong><\/td><td>No ejecutan Proyectos<\/td><td>Ciencias Agropecuarias<\/td><\/tr><tr><td><strong>6<\/strong><\/td><td> No ejecutan Proyectos <\/td><td>Ciencias de la Educaci\u00f3n <\/td><\/tr><tr><td><strong>7<\/strong><\/td><td>Fortalecimiento de organizaciones pesqueras en la provincia de Manab\u00ed <\/td><td>Ciencias del Mar<\/td><\/tr><tr><td><strong>8<\/strong><\/td><td>Actividades de diagn\u00f3stico dentro del plan de reactivaci\u00f3n econ\u00f3mica de Manta <\/td><td>Ciencias Econ\u00f3micas <\/td><\/tr><tr><td><strong>9<\/strong><\/td><td>Propuesta para el desarrollo de estudios socioecon\u00f3mico que aporten al plan de sostenibilidad y reactivaci\u00f3n econ\u00f3mica del cant\u00f3n Manta <\/td><td> Ciencias Econ\u00f3micas  <\/td><\/tr><tr><td><strong>10<\/strong><\/td><td>An\u00e1lisis y desarrollo de software \u201caplicaciones web dirigido a los comerciantes y artesanos de los cantones Manta, Jaramij\u00f3 y Montecristi de la provincia de Manab\u00ed\u00bb <\/td><td>Ciencias Inform\u00e1ticas<\/td><\/tr><tr><td><strong>11<\/strong><\/td><td>Fomento de la salud en tiempos de COVID-19<\/td><td>Ciencias M\u00e9dicas<\/td><\/tr><tr><td><strong>12<\/strong><\/td><td>Creaci\u00f3n y fortalecimiento de las actividades productivas y sociales de la comuna San Juan de Manta, periodo 2019-2021.<\/td><td>Contabilidad y Auditor\u00eda<\/td><\/tr><tr><td><strong>13<\/strong><\/td><td>Fortalecimiento de la equidad y lucha contra la violencia de g\u00e9nero de las mujeres de la provincia de Manab\u00ed, a trav\u00e9s del derecho a la informaci\u00f3n<\/td><td>Derecho<\/td><\/tr><tr><td><strong>14<\/strong><\/td><td>Promoci\u00f3n ciudadana en el autocuidado de la salud durante el ciclo de vida de los cantones Manta Montecristi Jaramij\u00f3 2016-2020<\/td><td>Enfermer\u00eda<\/td><\/tr><tr><td><strong>15<\/strong><\/td><td>Promoci\u00f2n de Salud y prevenci\u00f2n de enfermedades prevalentes en los cantones de Manta, Montecristi <br> Jaramijo, 2016-2020<\/td><td>Enfermer\u00eda <\/td><\/tr><tr><td><strong>16<\/strong><\/td><td>Seguridad alimentaria en los cantones de Manta, Montecristi Jaramij\u00f3, 2016-2020<\/td><td> Enfermer\u00eda  <\/td><\/tr><tr><td><strong>17<\/strong><\/td><td> Desarrollo de competencias laborales en la gesti\u00f3n secretarial dirigido a la parroquia Ni\u00f1o Jes\u00fas del Cant\u00f3n Manta <\/td><td> Gesti\u00f3n, Desarrollo y Secretariado Ejecutivo <\/td><\/tr><tr><td><strong>18<\/strong><\/td><td>Programa de capacitaci\u00f3n para prestadores de servicios tur\u00edsticos de la parroquia San Mateo del cant\u00f3n Manta<\/td><td>Hoteler\u00eda y Turismo<\/td><\/tr><tr><td><strong>19<\/strong><\/td><td>No ejecutan Proyectos  <\/td><td>Ingenier\u00eda<\/td><\/tr><tr><td><strong>20<\/strong><\/td><td>No ejecutan Proyectos<\/td><td> Ingenier\u00eda Industrial<\/td><\/tr><tr><td><strong>21<\/strong><\/td><td>Cuidados orales en tiempos de COVID-19<\/td><td>Odontolog\u00eda<\/td><\/tr><tr><td><strong>22<\/strong><\/td><td>Atenci\u00f3n en salud mental a la comuidad Universitaria-Uleam<\/td><td>Psicolog\u00eda<\/td><\/tr><tr><td><strong>23<\/strong><\/td><td>Red de informaci\u00f3n de ayudas ante la situaci\u00f3n del COVID-19<\/td><td>Trabajo Social<\/td><\/tbody><\/table>\n\n\n<p><!--EndFragment--><\/p>","protected":false},"excerpt":{"rendered":"<p>Proyectos de Vinculaci\u00f3n (matriz) 2020 N\u00b0 Proyecto Carrera 1 H\u00e1bitat saludable y diagn\u00f3stico de apoyo log\u00edstico territorial en per\u00edodo de contingencia Arquitectura 2 Fortalecimiento socioecon\u00f3mico a emprendimientos del cant\u00f3n Jipijapa y Manta<a class=\"moretag\" href=\"https:\/\/departamentos.uleam.edu.ec\/vinculacion-colectividad\/proyectos-de-vinculacion-matriz-2020\/\">Leer m\u00e1s&#8230;<\/a><\/p>\n","protected":false},"author":111,"featured_media":0,"parent":0,"menu_order":0,"comment_status":"closed","ping_status":"closed","template":"","meta":{"footnotes":"","_links_to":"","_links_to_target":""},"class_list":["post-3219","page","type-page","status-publish","hentry"],"_links":{"self":[{"href":"https:\/\/departamentos.uleam.edu.ec\/vinculacion-colectividad\/wp-json\/wp\/v2\/pages\/3219","targetHints":{"allow":["GET"]}}],"collection":[{"href":"https:\/\/departamentos.uleam.edu.ec\/vinculacion-colectividad\/wp-json\/wp\/v2\/pages"}],"about":[{"href":"https:\/\/departamentos.uleam.edu.ec\/vinculacion-colectividad\/wp-json\/wp\/v2\/types\/page"}],"author":[{"embeddable":true,"href":"https:\/\/departamentos.uleam.edu.ec\/vinculacion-colectividad\/wp-json\/wp\/v2\/users\/111"}],"replies":[{"embeddable":true,"href":"https:\/\/departamentos.uleam.edu.ec\/vinculacion-colectividad\/wp-json\/wp\/v2\/comments?post=3219"}],"version-history":[{"count":8,"href":"https:\/\/departamentos.uleam.edu.ec\/vinculacion-colectividad\/wp-json\/wp\/v2\/pages\/3219\/revisions"}],"predecessor-version":[{"id":3228,"href":"https:\/\/departamentos.uleam.edu.ec\/vinculacion-colectividad\/wp-json\/wp\/v2\/pages\/3219\/revisions\/3228"}],"wp:attachment":[{"href":"https:\/\/departamentos.uleam.edu.ec\/vinculacion-colectividad\/wp-json\/wp\/v2\/media?parent=3219"}],"curies":[{"name":"wp","href":"https:\/\/api.w.org\/{rel}","templated":true}]}}