{"id":33,"date":"2012-08-16T15:30:01","date_gmt":"2012-08-16T15:30:01","guid":{"rendered":"http:\/\/departamentos.uleam.edu.ec\/vinculacion-colectividad\/?page_id=33"},"modified":"2022-09-21T08:47:58","modified_gmt":"2022-09-21T13:47:58","slug":"estrategias","status":"publish","type":"page","link":"https:\/\/departamentos.uleam.edu.ec\/vinculacion-colectividad\/estrategias\/","title":{"rendered":"Objetivos Estrat\u00e9gicos"},"content":{"rendered":"<ol>\n<li><span style=\"color: #000000\">Gestionar procesos de planificaci\u00f3n, organizaci\u00f3n, ejecuci\u00f3n y evaluaci\u00f3n de la gesti\u00f3n social, productiva, tecnol\u00f3gica pol\u00edtica y cultural del conocimiento en respuesta a las expectativas y necesidades de la sociedad, en el marco de la Planificaci\u00f3n Nacional del Buen Vivir y el R\u00e9gimen de desarrollo, con base a la corresponsabilidad Social Universitaria.<\/span><\/li>\n<li>Fortalecer la articulaci\u00f3n de la Universidad Laica Eloy Alfaro de Manab\u00ed, a trav\u00e9s de la suscripci\u00f3n de convenios de cooperaci\u00f3n, desarrollo y emprendimiento institucionales, con los sectores sociales, productivos, t\u00e9cnicos y culturales, para establecer las conexiones que permitir\u00e1n las interacciones relacionadas con la transferencia del conocimiento, programas y proyectos de\u00a0 investigaci\u00f3n social, de educaci\u00f3n continua, la gesti\u00f3n acad\u00e9mica, servicios y consultor\u00eda especializada relacionados con la vida y la corresponsabilidad social universitaria.<\/li>\n<li><span style=\"color: #000000\">Promover la integraci\u00f3n de las funciones de docencia, investigaci\u00f3n y\u00a0 vinculaci\u00f3n con la sociedad como proyectos conjuntos a trav\u00e9s de normativas y lineamientos cuyos logros se consoliden a trav\u00e9s de la integralidad del subsistema de vinculaci\u00f3n con el sistema universitario.<\/span><\/li>\n<\/ol>\n","protected":false},"excerpt":{"rendered":"<p>Gestionar procesos de planificaci\u00f3n, organizaci\u00f3n, ejecuci\u00f3n y evaluaci\u00f3n de la gesti\u00f3n social, productiva, tecnol\u00f3gica pol\u00edtica y cultural del conocimiento en respuesta a las expectativas y necesidades de la sociedad, en el marco<a class=\"moretag\" href=\"https:\/\/departamentos.uleam.edu.ec\/vinculacion-colectividad\/estrategias\/\">Leer m\u00e1s&#8230;<\/a><\/p>\n","protected":false},"author":56,"featured_media":0,"parent":0,"menu_order":7,"comment_status":"closed","ping_status":"closed","template":"","meta":{"footnotes":"","_links_to":"","_links_to_target":""},"class_list":["post-33","page","type-page","status-publish","hentry"],"_links":{"self":[{"href":"https:\/\/departamentos.uleam.edu.ec\/vinculacion-colectividad\/wp-json\/wp\/v2\/pages\/33","targetHints":{"allow":["GET"]}}],"collection":[{"href":"https:\/\/departamentos.uleam.edu.ec\/vinculacion-colectividad\/wp-json\/wp\/v2\/pages"}],"about":[{"href":"https:\/\/departamentos.uleam.edu.ec\/vinculacion-colectividad\/wp-json\/wp\/v2\/types\/page"}],"author":[{"embeddable":true,"href":"https:\/\/departamentos.uleam.edu.ec\/vinculacion-colectividad\/wp-json\/wp\/v2\/users\/56"}],"replies":[{"embeddable":true,"href":"https:\/\/departamentos.uleam.edu.ec\/vinculacion-colectividad\/wp-json\/wp\/v2\/comments?post=33"}],"version-history":[{"count":19,"href":"https:\/\/departamentos.uleam.edu.ec\/vinculacion-colectividad\/wp-json\/wp\/v2\/pages\/33\/revisions"}],"predecessor-version":[{"id":5099,"href":"https:\/\/departamentos.uleam.edu.ec\/vinculacion-colectividad\/wp-json\/wp\/v2\/pages\/33\/revisions\/5099"}],"wp:attachment":[{"href":"https:\/\/departamentos.uleam.edu.ec\/vinculacion-colectividad\/wp-json\/wp\/v2\/media?parent=33"}],"curies":[{"name":"wp","href":"https:\/\/api.w.org\/{rel}","templated":true}]}}