{"id":4142,"date":"2022-07-06T14:44:17","date_gmt":"2022-07-06T19:44:17","guid":{"rendered":"https:\/\/departamentos.uleam.edu.ec\/vinculacion-colectividad\/?page_id=4142"},"modified":"2022-09-12T11:41:29","modified_gmt":"2022-09-12T16:41:29","slug":"ano-2022","status":"publish","type":"page","link":"https:\/\/departamentos.uleam.edu.ec\/vinculacion-colectividad\/ano-2022\/","title":{"rendered":"A\u00d1O 2022"},"content":{"rendered":"\n<p class=\"has-black-color has-text-color\"><a rel=\"noreferrer noopener\" href=\"https:\/\/departamentos.uleam.edu.ec\/vinculacion-colectividad\/2022\/07\/06\/convenios-marco\/\" target=\"_blank\">Convenio Marco<\/a><\/p>\n\n\n\n<p class=\"has-black-color has-text-color\"><a rel=\"noreferrer noopener\" href=\"https:\/\/departamentos.uleam.edu.ec\/vinculacion-colectividad\/2022\/07\/06\/convenio-de-cooperacion\/\" target=\"_blank\">Convenio de Cooperaci\u00f3n<\/a><\/p>\n\n\n\n<p class=\"has-black-color has-text-color\"><a href=\"https:\/\/departamentos.uleam.edu.ec\/vinculacion-colectividad\/2022\/07\/06\/memorandum\/\" target=\"_blank\" rel=\"noreferrer noopener\">Memor\u00e1ndum<\/a><\/p>\n\n\n\n<p class=\"has-black-color has-text-color\"><a rel=\"noreferrer noopener\" href=\"https:\/\/departamentos.uleam.edu.ec\/vinculacion-colectividad\/acuerdos\/\" target=\"_blank\">Acuerdos<\/a><\/p>\n\n\n\n<p class=\"has-black-color has-text-color\"><a rel=\"noreferrer noopener\" href=\"https:\/\/departamentos.uleam.edu.ec\/vinculacion-colectividad\/2022\/07\/06\/convenio-especificos\/\" target=\"_blank\">Convenios Espec\u00edficos<\/a><\/p>\n","protected":false},"excerpt":{"rendered":"<p>Convenio Marco Convenio de Cooperaci\u00f3n Memor\u00e1ndum Acuerdos Convenios Espec\u00edficos<\/p>\n","protected":false},"author":124,"featured_media":0,"parent":0,"menu_order":0,"comment_status":"closed","ping_status":"closed","template":"","meta":{"footnotes":"","_links_to":"","_links_to_target":""},"class_list":["post-4142","page","type-page","status-publish","hentry"],"_links":{"self":[{"href":"https:\/\/departamentos.uleam.edu.ec\/vinculacion-colectividad\/wp-json\/wp\/v2\/pages\/4142","targetHints":{"allow":["GET"]}}],"collection":[{"href":"https:\/\/departamentos.uleam.edu.ec\/vinculacion-colectividad\/wp-json\/wp\/v2\/pages"}],"about":[{"href":"https:\/\/departamentos.uleam.edu.ec\/vinculacion-colectividad\/wp-json\/wp\/v2\/types\/page"}],"author":[{"embeddable":true,"href":"https:\/\/departamentos.uleam.edu.ec\/vinculacion-colectividad\/wp-json\/wp\/v2\/users\/124"}],"replies":[{"embeddable":true,"href":"https:\/\/departamentos.uleam.edu.ec\/vinculacion-colectividad\/wp-json\/wp\/v2\/comments?post=4142"}],"version-history":[{"count":8,"href":"https:\/\/departamentos.uleam.edu.ec\/vinculacion-colectividad\/wp-json\/wp\/v2\/pages\/4142\/revisions"}],"predecessor-version":[{"id":4959,"href":"https:\/\/departamentos.uleam.edu.ec\/vinculacion-colectividad\/wp-json\/wp\/v2\/pages\/4142\/revisions\/4959"}],"wp:attachment":[{"href":"https:\/\/departamentos.uleam.edu.ec\/vinculacion-colectividad\/wp-json\/wp\/v2\/media?parent=4142"}],"curies":[{"name":"wp","href":"https:\/\/api.w.org\/{rel}","templated":true}]}}