{"id":4145,"date":"2022-07-06T14:48:59","date_gmt":"2022-07-06T19:48:59","guid":{"rendered":"https:\/\/departamentos.uleam.edu.ec\/vinculacion-colectividad\/?page_id=4145"},"modified":"2022-09-12T11:20:14","modified_gmt":"2022-09-12T16:20:14","slug":"acuerdos","status":"publish","type":"page","link":"https:\/\/departamentos.uleam.edu.ec\/vinculacion-colectividad\/acuerdos\/","title":{"rendered":"ACUERDOS"},"content":{"rendered":"\n<p class=\"has-normal-font-size\">1.-<a rel=\"noreferrer noopener\" href=\"https:\/\/departamentos.uleam.edu.ec\/procuraduria\/files\/2022\/06\/ULEAM-Y-FUNDACION-CRISALIDA-SAMSUNG.pdf\" target=\"_blank\">Acuerdo de Alianza Estrat\u00e9gica Universidad Laica Eloy Alfaro de Manab\u00ed Uleam y Fundaci\u00f3n Cris\u00e1lida Internacional-Samsung Electronics Latinoam\u00e9rica<\/a><\/p>\n\n\n\n<p class=\"has-normal-font-size\">2.-&nbsp;<a href=\"https:\/\/departamentos.uleam.edu.ec\/procuraduria\/files\/2022\/06\/ULEAM-Y-KANSAS-ACTA-ACUERDO.pdf\" target=\"_blank\" rel=\"noreferrer noopener\">Acta de Acuerdo-Universidad Estatal de Kansas y Universidad Laica Eloy Alfaro de Manab\u00ed.<\/a><\/p>\n","protected":false},"excerpt":{"rendered":"<p>1.-Acuerdo de Alianza Estrat\u00e9gica Universidad Laica Eloy Alfaro de Manab\u00ed Uleam y Fundaci\u00f3n Cris\u00e1lida Internacional-Samsung Electronics Latinoam\u00e9rica 2.-&nbsp;Acta de Acuerdo-Universidad Estatal de Kansas y Universidad Laica Eloy Alfaro de Manab\u00ed.<\/p>\n","protected":false},"author":124,"featured_media":0,"parent":0,"menu_order":0,"comment_status":"closed","ping_status":"closed","template":"","meta":{"footnotes":"","_links_to":"","_links_to_target":""},"class_list":["post-4145","page","type-page","status-publish","hentry"],"_links":{"self":[{"href":"https:\/\/departamentos.uleam.edu.ec\/vinculacion-colectividad\/wp-json\/wp\/v2\/pages\/4145","targetHints":{"allow":["GET"]}}],"collection":[{"href":"https:\/\/departamentos.uleam.edu.ec\/vinculacion-colectividad\/wp-json\/wp\/v2\/pages"}],"about":[{"href":"https:\/\/departamentos.uleam.edu.ec\/vinculacion-colectividad\/wp-json\/wp\/v2\/types\/page"}],"author":[{"embeddable":true,"href":"https:\/\/departamentos.uleam.edu.ec\/vinculacion-colectividad\/wp-json\/wp\/v2\/users\/124"}],"replies":[{"embeddable":true,"href":"https:\/\/departamentos.uleam.edu.ec\/vinculacion-colectividad\/wp-json\/wp\/v2\/comments?post=4145"}],"version-history":[{"count":6,"href":"https:\/\/departamentos.uleam.edu.ec\/vinculacion-colectividad\/wp-json\/wp\/v2\/pages\/4145\/revisions"}],"predecessor-version":[{"id":4948,"href":"https:\/\/departamentos.uleam.edu.ec\/vinculacion-colectividad\/wp-json\/wp\/v2\/pages\/4145\/revisions\/4948"}],"wp:attachment":[{"href":"https:\/\/departamentos.uleam.edu.ec\/vinculacion-colectividad\/wp-json\/wp\/v2\/media?parent=4145"}],"curies":[{"name":"wp","href":"https:\/\/api.w.org\/{rel}","templated":true}]}}