{"id":4291,"date":"2022-08-05T08:55:49","date_gmt":"2022-08-05T13:55:49","guid":{"rendered":"https:\/\/departamentos.uleam.edu.ec\/vinculacion-colectividad\/?page_id=4291"},"modified":"2024-04-09T09:00:37","modified_gmt":"2024-04-09T14:00:37","slug":"https-departamentos-uleam-edu-ec-vinculacion-colectividad-proyectos2022-asistencia-tecnica-para-la-instalacion-de-sistemas-de-riego-y-produccion-agricola-en-el-canton-tosagua","status":"publish","type":"page","link":"https:\/\/departamentos.uleam.edu.ec\/vinculacion-colectividad\/https-departamentos-uleam-edu-ec-vinculacion-colectividad-proyectos2022-asistencia-tecnica-para-la-instalacion-de-sistemas-de-riego-y-produccion-agricola-en-el-canton-tosagua\/","title":{"rendered":"Asistencia T\u00e9cnica para la Instalaci\u00f3n de Sistemas de Riego y Producci\u00f3n Agr\u00edcola en el Cant\u00f3n Tosagua"},"content":{"rendered":"\n<p class=\"has-text-align-center\" style=\"font-size:24px\">PER\u00cdODO 2022 &#8211; 2024<\/p>\n\n\n\n<p style=\"font-size:18px\">Proyecto de Vinculaci\u00f3n y Emprendimiento<\/p>\n\n\n\n<p style=\"font-size:18px\"><strong><em>L\u00cdNEA DE VINCULACI\u00d3N:<\/em><\/strong> \u00abDesarrollo Econ\u00f3mico, Sostenible y Empresarial\u00bb.<\/p>\n\n\n\n<div style=\"height:70px\" aria-hidden=\"true\" class=\"wp-block-spacer\"><\/div>\n\n\n\n<figure class=\"wp-block-table is-style-regular\"><table><tbody><tr><td><strong>Autores: <\/strong><br>Ing. \u00c1ngel Cristian Mera Mac\u00edas <br>Ing. Jean Carlos V\u00e9lez Esperanza<\/td><\/tr><tr><\/tr><tr><\/tr><tr><\/tr><tr><\/tr><tr><\/tr><\/tbody><\/table><\/figure>\n\n\n\n<figure class=\"wp-block-table is-style-regular\"><table><tbody><tr><td><strong>Nombre de la Facultad o Unidad Acad\u00e9mica Responsable:<\/strong><br>Unidad Acad\u00e9mica de Formaci\u00f3n T\u00e9cnica y Tecnol\u00f3gica<br><\/td><td><strong>Carrera: <\/strong><br>Tecnolog\u00eda Superior en Riego y Producci\u00f3n Agr\u00edcola.<br>Electromec\u00e1nica.<\/td><td><strong>Tipo de proyecto: <\/strong><br>Vinculaci\u00f3n&nbsp;<\/td><\/tr><tr><\/tr><tr><\/tr><tr><\/tr><tr><td><strong>Dominio Acad\u00e9mico:<\/strong><br>Econom\u00eda social y solidaria para el buen vivir<\/td><td><strong>L\u00ednea de Investigaci\u00f3n:<\/strong><br>Econom\u00eda y desarrollo sustentable<br><\/td><td><strong>Convenio:<\/strong><br>Convenio espec\u00edfico de cooperaci\u00f3n interinstitucional acad\u00e9mico entre la Universidad Laica \u201cEloy Alfaro\u201d de Manab\u00ed y Asociaci\u00f3n de Mujeres<br>Comunitarias del Cant\u00f3n Tosagua (AMUCOMT).<\/td><\/tr><tr><\/tr><tr><\/tr><tr><\/tr><\/tbody><\/table><\/figure>\n\n\n\n<figure class=\"wp-block-table is-style-regular\"><table><tbody><tr><td><strong>L\u00ednea de vinculaci\u00f3n:<\/strong><br>Desarrollo econ\u00f3mico sostenible y empresarial.<\/td><\/tr><tr><\/tr><\/tbody><\/table><\/figure>\n\n\n\n<figure class=\"wp-block-table is-style-regular\"><table><tbody><tr><td><strong>Fecha inicio: <\/strong><br>Mayo 2022<\/td><td><strong>Fecha de Fin Planeado: <\/strong><br>Abril 2024<\/td><\/tr><tr><\/tr><\/tbody><\/table><\/figure>\n\n\n\n<p><strong>COBERTURA Y LOCALIZACI\u00d3N<\/strong><\/p>\n\n\n\n<figure class=\"wp-block-table is-style-regular\"><table><tbody><tr><td><strong>Cobertura:<\/strong><br>Provincial<\/td><td><strong>Zona de Planificaci\u00f3n: <\/strong><br>Zona 4: Manab\u00ed, Santo Domingo de los Ts\u00e1chilas.&nbsp;<\/td><td><strong>Provincia:<\/strong><br>Manab\u00ed&nbsp;<\/td><\/tr><tr><\/tr><tr><td><strong>Provincia: <\/strong><br>Tosagua<\/td><td><strong>Cant\u00f3n: <\/strong><br>Tosagua<br>Bachillero<br>\u00c1ngel Pedro Giler&nbsp;<\/td><td><strong>Barrio: <\/strong><br>Todos los de la zona rural&nbsp;<\/td><\/tr><tr><\/tr><\/tbody><\/table><\/figure>\n\n\n\n<p><strong>PRESUPUESTO<\/strong><\/p>\n\n\n\n<figure class=\"wp-block-table is-style-regular\"><table><tbody><tr><td><strong>Presupuesto aporte ULEAM: <\/strong><br>US$ 6.840,00<\/td><td><strong>Presupuesto entidad auspiciante\/beneficiaria: <\/strong><br>$00,00<\/td><td><strong>Presupuesto Total: <\/strong><br>US$ 6.840,00<\/td><\/tr><tr><\/tr><tr><\/tr><tr><\/tr><\/tbody><\/table><\/figure>\n\n\n\n<div style=\"height:38px\" aria-hidden=\"true\" class=\"wp-block-spacer\"><\/div>\n\n\n\n<p><strong>OBJETIVO DEL PROYECTO<\/strong><\/p>\n\n\n\n<p class=\"has-text-align-center\"><strong><em>OBJETIVO GENERAL<\/em><\/strong><\/p>\n\n\n\n<figure class=\"wp-block-table is-style-regular\"><table><tbody><tr><td>Proveer asistencia t\u00e9cnica para la instalaci\u00f3n de sistemas de riego y producci\u00f3n agr\u00edcola en el Cant\u00f3n Tosagua.<\/td><\/tr><tr><\/tr><tr><\/tr><\/tbody><\/table><\/figure>\n\n\n\n<p class=\"has-text-align-center\"><strong><em>OBJETIVOS ESPEC\u00ccFICOS<\/em><\/strong><\/p>\n\n\n\n<figure class=\"wp-block-table is-style-regular\"><table><tbody><tr><td><strong>O.E1:<\/strong> Determinar la situaci\u00f3n actual sobre los sistemas de riego y producci\u00f3n agr\u00edcola.<br><br><strong>O.E2:<\/strong> Capacitar a la poblaci\u00f3n involucrada por medio de pr\u00e1cticas en parcelas demostrativas sobre la instalaci\u00f3n de sistemas de riego y producci\u00f3n agr\u00edcola.<br><br><strong>O.E3:<\/strong> Brindar soporte en la instalaci\u00f3n de sistemas de riego y producci\u00f3n agr\u00edcola.&nbsp;<\/td><\/tr><tr><\/tr><tr><\/tr><tr><\/tr><tr><\/tr><tr><\/tr><\/tbody><\/table><\/figure>\n\n\n\n<div style=\"height:38px\" aria-hidden=\"true\" class=\"wp-block-spacer\"><\/div>\n\n\n\n<div class=\"wp-block-file aligncenter\"><a href=\"https:\/\/departamentos.uleam.edu.ec\/vinculacion-colectividad\/files\/2022\/08\/PROYECTO-RIEGO-TOSAGUA-1.pdf\" class=\"wp-block-file__button wp-element-button\" download>Descarga<\/a><\/div>\n\n\n\n<h2 class=\"wp-block-heading\"><\/h2>\n","protected":false},"excerpt":{"rendered":"<p>PER\u00cdODO 2022 &#8211; 2024 Proyecto de Vinculaci\u00f3n y Emprendimiento L\u00cdNEA DE VINCULACI\u00d3N: \u00abDesarrollo Econ\u00f3mico, Sostenible y Empresarial\u00bb. Autores: Ing. \u00c1ngel Cristian Mera Mac\u00edas Ing. Jean Carlos V\u00e9lez Esperanza Nombre de la Facultad<a class=\"moretag\" href=\"https:\/\/departamentos.uleam.edu.ec\/vinculacion-colectividad\/https-departamentos-uleam-edu-ec-vinculacion-colectividad-proyectos2022-asistencia-tecnica-para-la-instalacion-de-sistemas-de-riego-y-produccion-agricola-en-el-canton-tosagua\/\">Leer m\u00e1s&#8230;<\/a><\/p>\n","protected":false},"author":124,"featured_media":0,"parent":0,"menu_order":0,"comment_status":"closed","ping_status":"closed","template":"","meta":{"footnotes":"","_links_to":"","_links_to_target":""},"class_list":["post-4291","page","type-page","status-publish","hentry"],"_links":{"self":[{"href":"https:\/\/departamentos.uleam.edu.ec\/vinculacion-colectividad\/wp-json\/wp\/v2\/pages\/4291","targetHints":{"allow":["GET"]}}],"collection":[{"href":"https:\/\/departamentos.uleam.edu.ec\/vinculacion-colectividad\/wp-json\/wp\/v2\/pages"}],"about":[{"href":"https:\/\/departamentos.uleam.edu.ec\/vinculacion-colectividad\/wp-json\/wp\/v2\/types\/page"}],"author":[{"embeddable":true,"href":"https:\/\/departamentos.uleam.edu.ec\/vinculacion-colectividad\/wp-json\/wp\/v2\/users\/124"}],"replies":[{"embeddable":true,"href":"https:\/\/departamentos.uleam.edu.ec\/vinculacion-colectividad\/wp-json\/wp\/v2\/comments?post=4291"}],"version-history":[{"count":6,"href":"https:\/\/departamentos.uleam.edu.ec\/vinculacion-colectividad\/wp-json\/wp\/v2\/pages\/4291\/revisions"}],"predecessor-version":[{"id":5706,"href":"https:\/\/departamentos.uleam.edu.ec\/vinculacion-colectividad\/wp-json\/wp\/v2\/pages\/4291\/revisions\/5706"}],"wp:attachment":[{"href":"https:\/\/departamentos.uleam.edu.ec\/vinculacion-colectividad\/wp-json\/wp\/v2\/media?parent=4291"}],"curies":[{"name":"wp","href":"https:\/\/api.w.org\/{rel}","templated":true}]}}