{"id":4316,"date":"2022-08-05T09:07:37","date_gmt":"2022-08-05T14:07:37","guid":{"rendered":"https:\/\/departamentos.uleam.edu.ec\/vinculacion-colectividad\/?page_id=4316"},"modified":"2022-08-18T11:06:37","modified_gmt":"2022-08-18T16:06:37","slug":"https-departamentos-uleam-edu-ec-vinculacion-colectividad-proyectos2022-productos-comunicacionales-y-estrategicos-para-la-reactivacion-economica-y-social-de-los-sectores-priorizados-de-manta","status":"publish","type":"page","link":"https:\/\/departamentos.uleam.edu.ec\/vinculacion-colectividad\/https-departamentos-uleam-edu-ec-vinculacion-colectividad-proyectos2022-productos-comunicacionales-y-estrategicos-para-la-reactivacion-economica-y-social-de-los-sectores-priorizados-de-manta\/","title":{"rendered":"Productos comunicacionales y estrat\u00e9gicos para la reactivaci\u00f3n econ\u00f3mica y social de los sectores priorizados de Manta."},"content":{"rendered":"\n<p class=\"has-text-align-center\" style=\"font-size:24px\">PER\u00cdODO ACAD\u00c9MICO 2020-2022<\/p>\n\n\n\n<p style=\"font-size:18px\">Proyecto de Vinculaci\u00f3n con la Sociedad<\/p>\n\n\n\n<p style=\"font-size:18px\"><em><strong>L\u00cdNEA DE VINCULACI<em>\u00d3N<\/em>:<\/strong><\/em> \u00abComunicaci\u00f3n, inform\u00e1tica y tecnolog\u00edas de la informaci\u00f3n y comunicaci\u00f3n\u00bb.<\/p>\n\n\n\n<div style=\"height:60px\" aria-hidden=\"true\" class=\"wp-block-spacer\"><\/div>\n\n\n\n<figure class=\"wp-block-table is-style-regular\"><table><tbody><tr><td><strong>Autores:<\/strong><br>Lic. Jaqueline Pin Carvajal, Mg.<\/td><\/tr><tr><\/tr><tr><\/tr><tr><\/tr><tr><\/tr><tr><\/tr><tr><td><strong>Autoridades:<\/strong><br>Lic. Mauro Andino Chancay, Mg <br>Lic.&nbsp; Carlos Cede\u00f1o Moreira Mg.<\/td><\/tr><tr><\/tr><tr><\/tr><tr><\/tr><tr><\/tr><tr><\/tr><\/tbody><\/table><\/figure>\n\n\n\n<figure class=\"wp-block-table is-style-regular\"><table><tbody><tr><td><strong>Campos Amplios: <\/strong><br>3. Ciencias sociales, periodismo, informaci\u00f3n y derecho<\/td><td><strong>Campos Espec\u00edficos:<\/strong>&nbsp; <br>32. Periodismo e informaci\u00f3n<\/td><td><strong>Campos Detallados: <\/strong><br>Periodismo,&nbsp;&nbsp; comunicaci\u00f3n&nbsp;&nbsp; y publicidad<\/td><\/tr><tr><\/tr><tr><\/tr><tr><\/tr><tr><td><strong>L\u00ednea de Vinculaci\u00f3n:<\/strong><br>Comunicaci\u00f3n, inform\u00e1tica y tecnolog\u00edas de la&nbsp; informaci\u00f3n y comunicaci\u00f3n.<\/td><td><strong>Estado del Proyecto:<\/strong><br>Nuevo<\/td><td><strong>C\u00f3digo de Proyecto: <\/strong><br>P-VIN-1003737-2020<\/td><\/tr><tr><\/tr><tr><\/tr><tr><\/tr><\/tbody><\/table><\/figure>\n\n\n\n<figure class=\"wp-block-table is-style-regular\"><table><tbody><tr><td><strong>L\u00ednea de Investigaci\u00f3n: <\/strong><br>Comunicaci\u00f3n,&nbsp;Inform\u00e1tica y Tecnolog\u00edas de la informaci\u00f3n y comunicaci\u00f3n<\/td><\/tr><tr><\/tr><\/tbody><\/table><\/figure>\n\n\n\n<figure class=\"wp-block-table is-style-regular\"><table><tbody><tr><td><strong>Fecha Inicio Planificado: <\/strong><br>Octubre de 2020<\/td><td><strong>Fecha de Fin Planeado: <\/strong><br>Marzo de 2021<\/td><td><strong>Fecha de Fin Real: <\/strong><br>Marzo 2022<\/td><\/tr><tr><\/tr><tr><\/tr><\/tbody><\/table><\/figure>\n\n\n\n<figure class=\"wp-block-table is-style-regular\"><table><tbody><tr><td><strong>Convenios:<\/strong> <br>Gobierno Aut\u00f3nomo Descentralizado de Manta<\/td><\/tr><tr><\/tr><tr><\/tr><tr><td><strong>Beneficiarios: <\/strong><br>124 comerciantes de la red de tiendas de barrios Manta <br>82 comit\u00e9s comunitarios dela Unidad de Prevenci\u00f3n en Seguridad-Manta<\/td><\/tr><tr><\/tr><tr><\/tr><tr><\/tr><\/tbody><\/table><\/figure>\n\n\n\n<p class=\"has-normal-font-size\"><strong>FUENTE DE INFORMACI\u00d3N<\/strong><\/p>\n\n\n\n<figure class=\"wp-block-table is-style-regular\"><table><tbody><tr><td>&#8211; Plan de sostenibilidad y reactivaci\u00f3n econ\u00f3mica del cant\u00f3n Manta, mesa t\u00e9cnica # 4<br>&#8211; Objetivos Estrat\u00e9gicos del PEDI<br>&#8211; Reportajes period\u00edsticos, medios digitales.<br>&#8211; Redise\u00f1o Curricular Carrera de Comunicaci\u00f3n<br>&#8211; Objetivos de Desarrollo Sostenible<br>&#8211; Plan emergente Intercantonal de Seguridad 13D02<\/td><\/tr><tr><\/tr><tr><\/tr><tr><\/tr><tr><\/tr><tr><\/tr><\/tbody><\/table><\/figure>\n\n\n\n<p class=\"has-normal-font-size\"> <strong>COBERTURA Y LOCALIZACI\u00d3N<\/strong><\/p>\n\n\n\n<figure class=\"wp-block-table is-style-regular\"><table><tbody><tr><td><strong>Alcance territorial:<\/strong><br>Parroquial&nbsp;<\/td><td><strong>Provincia\/s:<\/strong><br>Manab\u00ed<\/td><\/tr><tr><\/tr><\/tbody><\/table><\/figure>\n\n\n\n<figure class=\"wp-block-table is-style-regular\"><table><tbody><tr><td><strong>Cant\u00f3n o Cantones:<\/strong><br>Manta<\/td><td><strong>Parroquia\/s:<\/strong><br>Manta, Tarqui, Los Esteros, Eloy Alfaro, San Mateo<\/td><td><strong>Barrio\/s:<\/strong> <br>Comit\u00e9s&nbsp;Comunitarios de Seguridad Ciudadana conformados por la Unidad de Prevenci\u00f3n en seguridad de la Direcci\u00f3n de Seguridad&nbsp; Ciudadana&nbsp;de la ciudad de Manta.&nbsp;<\/td><\/tr><tr><\/tr><\/tbody><\/table><\/figure>\n\n\n\n<p class=\"has-normal-font-size\"><strong>PRESUPUESTO<\/strong><\/p>\n\n\n\n<figure class=\"wp-block-table is-style-regular\"><table><tbody><tr><td><strong>Presupuesto financiar por la IES: <\/strong><br>$ 00,00<\/td><td><strong>Presupuesto total de aliados estrat\u00e9gicos:&nbsp; <\/strong><br>$ 00,00<\/td><\/tr><tr><\/tr><\/tbody><\/table><\/figure>\n\n\n\n<div style=\"height:43px\" aria-hidden=\"true\" class=\"wp-block-spacer\"><\/div>\n\n\n\n<p><strong>OBJETIVO DEL PROYECTO<\/strong><\/p>\n\n\n\n<p class=\"has-text-align-center\"><strong><em>OBJETIVO GENERAL<\/em><\/strong><\/p>\n\n\n\n<figure class=\"wp-block-table is-style-regular\"><table><tbody><tr><td>Fortalecer el manejode productos comunicacionales y estrat\u00e9gicos digitalese incentivar&nbsp; el inter\u00e9s para preservar la reactivaci\u00f3n econ\u00f3mica y social de sectores priorizados de Manta.<\/td><\/tr><tr><\/tr><tr><\/tr><\/tbody><\/table><\/figure>\n\n\n\n<p class=\"has-text-align-center\"> <strong><em>OBJETIVOS ESPEC\u00cdFICOS<\/em><\/strong><\/p>\n\n\n\n<figure class=\"wp-block-table is-style-regular\"><table><tbody><tr><td><strong>O.E1:<\/strong> Dise\u00f1ar&nbsp; nuevos&nbsp; productos&nbsp; comunicacionales estrat\u00e9gicos&nbsp; digitales promocionando&nbsp; ala&nbsp; Red de Tiendas de barrios de Manta. <br><br><strong>O.E2:<\/strong> Difundir&nbsp; a&nbsp; trav\u00e9s&nbsp; de una&nbsp; campa\u00f1a&nbsp; de&nbsp; Marketing&nbsp; Social, las normativas y&nbsp;ordenanzas para contribuir al Plan Emergente Intercantonal de Seguridad -13D02-2020. <br><br><strong>O.E3:<\/strong> Evaluar&nbsp; el&nbsp; impacto&nbsp; social&nbsp; y&nbsp; econ\u00f3mico con la&nbsp; intervenci\u00f3n&nbsp; de&nbsp; la&nbsp; Facultad&nbsp; Ciencias&nbsp; de&nbsp; la Comunicaci\u00f3n&nbsp; en&nbsp; los&nbsp; grupos&nbsp; priorizados&nbsp; de&nbsp; la&nbsp; Red&nbsp; de&nbsp; Tiendas&nbsp; de&nbsp; Barrios&nbsp; ya&nbsp; los grupos&nbsp; de atenci\u00f3n prioritaria determinados en el Plan Emergente Intercantonal de Seguridad 13D02-2020<\/td><\/tr><tr><\/tr><tr><\/tr><tr><\/tr><tr><\/tr><tr><\/tr><\/tbody><\/table><\/figure>\n\n\n\n<div style=\"height:35px\" aria-hidden=\"true\" class=\"wp-block-spacer\"><\/div>\n\n\n\n<div class=\"wp-block-file aligncenter\"><a href=\"https:\/\/departamentos.uleam.edu.ec\/vinculacion-colectividad\/files\/2022\/08\/PROYECTO-DE-VINCULACION-FACCO-20202022-ULEAM.pdf\" class=\"wp-block-file__button\" download>Descarga<\/a><\/div>\n","protected":false},"excerpt":{"rendered":"<p>PER\u00cdODO ACAD\u00c9MICO 2020-2022 Proyecto de Vinculaci\u00f3n con la Sociedad L\u00cdNEA DE VINCULACI\u00d3N: \u00abComunicaci\u00f3n, inform\u00e1tica y tecnolog\u00edas de la informaci\u00f3n y comunicaci\u00f3n\u00bb. Autores:Lic. Jaqueline Pin Carvajal, Mg. Autoridades:Lic. Mauro Andino Chancay, Mg Lic.&nbsp;<a class=\"moretag\" href=\"https:\/\/departamentos.uleam.edu.ec\/vinculacion-colectividad\/https-departamentos-uleam-edu-ec-vinculacion-colectividad-proyectos2022-productos-comunicacionales-y-estrategicos-para-la-reactivacion-economica-y-social-de-los-sectores-priorizados-de-manta\/\">Leer m\u00e1s&#8230;<\/a><\/p>\n","protected":false},"author":124,"featured_media":0,"parent":0,"menu_order":0,"comment_status":"closed","ping_status":"closed","template":"","meta":{"footnotes":"","_links_to":"","_links_to_target":""},"class_list":["post-4316","page","type-page","status-publish","hentry"],"_links":{"self":[{"href":"https:\/\/departamentos.uleam.edu.ec\/vinculacion-colectividad\/wp-json\/wp\/v2\/pages\/4316","targetHints":{"allow":["GET"]}}],"collection":[{"href":"https:\/\/departamentos.uleam.edu.ec\/vinculacion-colectividad\/wp-json\/wp\/v2\/pages"}],"about":[{"href":"https:\/\/departamentos.uleam.edu.ec\/vinculacion-colectividad\/wp-json\/wp\/v2\/types\/page"}],"author":[{"embeddable":true,"href":"https:\/\/departamentos.uleam.edu.ec\/vinculacion-colectividad\/wp-json\/wp\/v2\/users\/124"}],"replies":[{"embeddable":true,"href":"https:\/\/departamentos.uleam.edu.ec\/vinculacion-colectividad\/wp-json\/wp\/v2\/comments?post=4316"}],"version-history":[{"count":3,"href":"https:\/\/departamentos.uleam.edu.ec\/vinculacion-colectividad\/wp-json\/wp\/v2\/pages\/4316\/revisions"}],"predecessor-version":[{"id":4751,"href":"https:\/\/departamentos.uleam.edu.ec\/vinculacion-colectividad\/wp-json\/wp\/v2\/pages\/4316\/revisions\/4751"}],"wp:attachment":[{"href":"https:\/\/departamentos.uleam.edu.ec\/vinculacion-colectividad\/wp-json\/wp\/v2\/media?parent=4316"}],"curies":[{"name":"wp","href":"https:\/\/api.w.org\/{rel}","templated":true}]}}