{"id":4319,"date":"2022-08-05T09:08:47","date_gmt":"2022-08-05T14:08:47","guid":{"rendered":"https:\/\/departamentos.uleam.edu.ec\/vinculacion-colectividad\/?page_id=4319"},"modified":"2023-06-06T09:50:56","modified_gmt":"2023-06-06T14:50:56","slug":"https-departamentos-uleam-edu-ec-vinculacion-colectividad-proyectos2022-proyecto-aprendizaje-en-la-diversidad-para-el-fortalecimiento-de-la-inclusion-educativa","status":"publish","type":"page","link":"https:\/\/departamentos.uleam.edu.ec\/vinculacion-colectividad\/https-departamentos-uleam-edu-ec-vinculacion-colectividad-proyectos2022-proyecto-aprendizaje-en-la-diversidad-para-el-fortalecimiento-de-la-inclusion-educativa\/","title":{"rendered":"Aprendizaje en la diversidad para el fortalecimiento de la inclusi\u00f3n educativa"},"content":{"rendered":"\n<p class=\"has-text-align-center\" style=\"font-size:24px\">PER\u00cdODO 2021-2023<\/p>\n\n\n\n<p style=\"font-size:18px\">Proyecto de Transferencia Social del Conocimiento<\/p>\n\n\n\n<p style=\"font-size:18px\"><em><strong>L\u00cdNEA DE VINCULACI<em>\u00d3N<\/em>:<\/strong><\/em> \u00abEducaci\u00f3n, ciudadan\u00eda, diversidad e interculturalidad\u00bb<\/p>\n\n\n\n<div style=\"height:50px\" aria-hidden=\"true\" class=\"wp-block-spacer\"><\/div>\n\n\n\n<figure class=\"wp-block-table is-style-regular\"><table><tbody><tr><td><strong>Autores:<\/strong><br>Ing. Arturo Rodr\u00edguez<br>Lic. Karen Corral, Mg.<br>Lic. Anabel Alc\u00edvar, Mg.<br>Psi. M\u00f3nica Garc\u00eda, Mg.<br>Psi. Yisela Pantale\u00f3n, Mg.<br>Lic. Rosa Cede\u00f1o, Mg.<br>Eco. Karen Ponce.<\/td><\/tr><tr><\/tr><tr><\/tr><tr><\/tr><tr><\/tr><tr><\/tr><\/tbody><\/table><\/figure>\n\n\n\n<figure class=\"wp-block-table is-style-regular\"><table><tbody><tr><td><strong>Campos Amplios: <\/strong><br>Ciencias Sociales<\/td><td><strong>Campos Espec\u00edficos:&nbsp; <\/strong><br>Educaci\u00f3n&nbsp;<\/td><td><strong>Campos Detallados: <\/strong><br>Inclusi\u00f3n<\/td><\/tr><tr><\/tr><tr><\/tr><tr><\/tr><\/tbody><\/table><\/figure>\n\n\n\n<figure class=\"wp-block-table is-style-regular\"><table><tbody><tr><td><strong>L\u00ednea de Investigaci\u00f3n:<\/strong> <br>Educaci\u00f3n, Formaci\u00f3n de profesionales<\/td><td><strong>L\u00ednea de Vinculaci\u00f3n:<\/strong> <br>Educaci\u00f3n, ciudadan\u00eda, diversidad e interculturalidad<\/td><\/tr><tr><\/tr><tr><td><strong>Fecha Inicio Planificado: <\/strong><br>01 Mayo 2021<\/td><td><strong>Fecha de Fin Planeado: <\/strong><br>01 Mayo 2023<\/td><\/tr><tr><\/tr><\/tbody><\/table><\/figure>\n\n\n\n<figure class=\"wp-block-table is-style-regular\"><table><tbody><tr><td><strong>Convenios: <\/strong><br>Convenio de cooperaci\u00f3n interinstitucional Zona 4 del Ministerio de Educaci\u00f3n \u2013ULEAM, firmado en diciembre del 2020.<\/td><\/tr><tr><\/tr><tr><\/tr><tr><td><strong>Beneficiarios:<\/strong><br>Comunidad Educativa de 10 escuelas regulares del Distrito Manab\u00ed-Santo Domingo Dentro de este grupo de beneficiarios se encuentran docentes, estudiantes, directivos y padres de familia.<\/td><\/tr><tr><\/tr><tr><\/tr><tr><\/tr><\/tbody><\/table><\/figure>\n\n\n\n<p class=\"has-normal-font-size\"><strong>FUENTE DE INFORMACI\u00d3N<\/strong><\/p>\n\n\n\n<figure class=\"wp-block-table is-style-regular\"><table><tbody><tr><td>&#8211; Indicadores INEC (2017) del Programa Nacional de Estad\u00edsticas 2017-2021.<br>&#8211; Estad\u00edsticas del Conseja Nacional de Discapacidad (CONADIS, 2020).<br>&#8211; Plan Nacional de Desarrollo Toda una vida (SENPLADES, 2017)<br>&#8211; Plan de Reactivaci\u00f3n Econ\u00f3mica de Manta (Comit\u00e9 de reconstrucci\u00f3n y reactivaci\u00f3n productiva, 2018)<\/td><\/tr><tr><\/tr><tr><\/tr><tr><\/tr><tr><\/tr><tr><\/tr><\/tbody><\/table><\/figure>\n\n\n\n<p><strong>COBERTURA Y LOCALIZACI\u00d3N<\/strong><\/p>\n\n\n\n<figure class=\"wp-block-table is-style-regular\"><table><tbody><tr><td><strong>Alcance territorial:<\/strong> <br>Distrito 13D02 Zona 4 -Ministerio de Educaci\u00f3n<\/td><td><strong>Provincia\/s:<\/strong><br>Manab\u00ed<\/td><\/tr><tr><\/tr><\/tbody><\/table><\/figure>\n\n\n\n<figure class=\"wp-block-table is-style-regular\"><table><tbody><tr><td><strong>Cant\u00f3n o Cantones:<\/strong><br>Manta, Montecristi y Jaramij\u00f3<\/td><td><strong>Parroquia\/s: <\/strong><br>N\/A<\/td><td><strong>Barrio\/s:<\/strong> <br>N\/A<\/td><\/tr><tr><\/tr><\/tbody><\/table><\/figure>\n\n\n\n<p class=\"has-normal-font-size\"><strong>PRESUPUESTO<\/strong><\/p>\n\n\n\n<figure class=\"wp-block-table is-style-regular\"><table><tbody><tr><td><strong>Presupuesto financiar por la IES: <\/strong><br>$ 00,00<\/td><td><strong>Presupuesto total de aliados estrat\u00e9gicos:&nbsp;<\/strong><br>$ 00,00<\/td><\/tr><tr><\/tr><\/tbody><\/table><\/figure>\n\n\n\n<div style=\"height:48px\" aria-hidden=\"true\" class=\"wp-block-spacer\"><\/div>\n\n\n\n<p><strong>OBJETIVO DEL PROYECTO<\/strong><\/p>\n\n\n\n<p class=\"has-text-align-center\"><strong><em>OBJETIVO GENERAL<\/em><\/strong><\/p>\n\n\n\n<figure class=\"wp-block-table is-style-regular\"><table><tbody><tr><td>Brindar herramientas que favorezcan la educaci\u00f3n inclusiva, a trav\u00e9s de la asesor\u00eda, el acompa\u00f1amiento&nbsp; y&nbsp; la&nbsp; capacitaci\u00f3n&nbsp; en&nbsp; las&nbsp; instituciones&nbsp; educativas&nbsp; regulares&nbsp; Distrito 13D02.<\/td><\/tr><tr><\/tr><tr><\/tr><\/tbody><\/table><\/figure>\n\n\n\n<p class=\"has-text-align-center\"><strong><em>OBJETIVOS ESPEC\u00cdFICOS<\/em><\/strong><\/p>\n\n\n\n<figure class=\"wp-block-table is-style-regular\"><table><tbody><tr><td><strong>O.E1:<\/strong> Asesorar&nbsp; y&nbsp; acompa\u00f1ar&nbsp; a los&nbsp; docentes&nbsp; en&nbsp; el&nbsp; proceso&nbsp; de&nbsp; inclusi\u00f3n&nbsp; de&nbsp; estudiantes&nbsp; con necesidades educativas especiales. <br><br><strong>O.E2:<\/strong> Capacitar&nbsp; a&nbsp; docentes&nbsp; de&nbsp; las&nbsp; instituciones&nbsp; educativas&nbsp; en&nbsp;&nbsp; temas&nbsp; relacionados&nbsp; con educaci\u00f3n&nbsp; inclusiva&nbsp; y&nbsp; atenci\u00f3n&nbsp; a&nbsp; la&nbsp; diversidad,&nbsp; dentro&nbsp; del&nbsp; programa&nbsp; de&nbsp; formaci\u00f3n continua de la carrera.<\/td><\/tr><tr><\/tr><tr><\/tr><tr><\/tr><tr><\/tr><tr><\/tr><\/tbody><\/table><\/figure>\n\n\n\n<div style=\"height:48px\" aria-hidden=\"true\" class=\"wp-block-spacer\"><\/div>\n\n\n\n<div class=\"wp-block-file aligncenter\"><a href=\"https:\/\/departamentos.uleam.edu.ec\/vinculacion-colectividad\/files\/2022\/08\/Proyecto_Educacion_Especial_2021.pdf\" class=\"wp-block-file__button\" download>Descarga<\/a><\/div>\n","protected":false},"excerpt":{"rendered":"<p>PER\u00cdODO 2021-2023 Proyecto de Transferencia Social del Conocimiento L\u00cdNEA DE VINCULACI\u00d3N: \u00abEducaci\u00f3n, ciudadan\u00eda, diversidad e interculturalidad\u00bb Autores:Ing. Arturo Rodr\u00edguezLic. Karen Corral, Mg.Lic. Anabel Alc\u00edvar, Mg.Psi. M\u00f3nica Garc\u00eda, Mg.Psi. Yisela Pantale\u00f3n, Mg.Lic. Rosa<a class=\"moretag\" href=\"https:\/\/departamentos.uleam.edu.ec\/vinculacion-colectividad\/https-departamentos-uleam-edu-ec-vinculacion-colectividad-proyectos2022-proyecto-aprendizaje-en-la-diversidad-para-el-fortalecimiento-de-la-inclusion-educativa\/\">Leer m\u00e1s&#8230;<\/a><\/p>\n","protected":false},"author":124,"featured_media":0,"parent":0,"menu_order":0,"comment_status":"closed","ping_status":"closed","template":"","meta":{"footnotes":"","_links_to":"","_links_to_target":""},"class_list":["post-4319","page","type-page","status-publish","hentry"],"_links":{"self":[{"href":"https:\/\/departamentos.uleam.edu.ec\/vinculacion-colectividad\/wp-json\/wp\/v2\/pages\/4319","targetHints":{"allow":["GET"]}}],"collection":[{"href":"https:\/\/departamentos.uleam.edu.ec\/vinculacion-colectividad\/wp-json\/wp\/v2\/pages"}],"about":[{"href":"https:\/\/departamentos.uleam.edu.ec\/vinculacion-colectividad\/wp-json\/wp\/v2\/types\/page"}],"author":[{"embeddable":true,"href":"https:\/\/departamentos.uleam.edu.ec\/vinculacion-colectividad\/wp-json\/wp\/v2\/users\/124"}],"replies":[{"embeddable":true,"href":"https:\/\/departamentos.uleam.edu.ec\/vinculacion-colectividad\/wp-json\/wp\/v2\/comments?post=4319"}],"version-history":[{"count":4,"href":"https:\/\/departamentos.uleam.edu.ec\/vinculacion-colectividad\/wp-json\/wp\/v2\/pages\/4319\/revisions"}],"predecessor-version":[{"id":5219,"href":"https:\/\/departamentos.uleam.edu.ec\/vinculacion-colectividad\/wp-json\/wp\/v2\/pages\/4319\/revisions\/5219"}],"wp:attachment":[{"href":"https:\/\/departamentos.uleam.edu.ec\/vinculacion-colectividad\/wp-json\/wp\/v2\/media?parent=4319"}],"curies":[{"name":"wp","href":"https:\/\/api.w.org\/{rel}","templated":true}]}}