{"id":4331,"date":"2022-08-05T09:14:55","date_gmt":"2022-08-05T14:14:55","guid":{"rendered":"https:\/\/departamentos.uleam.edu.ec\/vinculacion-colectividad\/?page_id=4331"},"modified":"2022-08-18T11:10:14","modified_gmt":"2022-08-18T16:10:14","slug":"https-departamentos-uleam-edu-ec-vinculacion-colectividad-proyectos2022-desarrollo-de-la-piscicultura-en-la-provincia-de-manabi","status":"publish","type":"page","link":"https:\/\/departamentos.uleam.edu.ec\/vinculacion-colectividad\/https-departamentos-uleam-edu-ec-vinculacion-colectividad-proyectos2022-desarrollo-de-la-piscicultura-en-la-provincia-de-manabi\/","title":{"rendered":"Desarrollo de la Piscicultura en la Provincia de Manab\u00ed"},"content":{"rendered":"\n<p class=\"has-text-align-center\" style=\"font-size:24px\">PER\u00cdODO ACAD\u00c9MICO 2020-2021<\/p>\n\n\n\n<p style=\"font-size:18px\">Proyecto Multidisciplinario de Vinculaci\u00f3n y Emprendimiento<\/p>\n\n\n\n<p style=\"font-size:18px\"><strong><em>L\u00cdNEA DE VINCULACI\u00d3N:<\/em><\/strong>&nbsp;Desarrollo econ\u00f3mico y sostenible empresarial.<\/p>\n\n\n\n<div style=\"height:75px\" aria-hidden=\"true\" class=\"wp-block-spacer\"><\/div>\n\n\n\n<figure class=\"wp-block-table is-style-regular\"><table><tbody><tr><td><strong>Autoridades:<\/strong><br>Blgo. Jaime S\u00e1nchez Moreira, Mg.A <br>Blgo. Kl\u00e9ver Mendoza Nieto, Mg. <br>Blgo. Xavier Pico Lozano, Mg.A. <br>Dr. Temistocles Bravo <br>Dr. Luis Madrid&nbsp;&nbsp;&nbsp;&nbsp;&nbsp;&nbsp;&nbsp;<\/td><\/tr><tr><\/tr><tr><\/tr><tr><\/tr><tr><\/tr><tr><\/tr><tr><td><strong>Colaboradores:<\/strong><br>Blga. Sandra Sol\u00f3rzano Barcia, Mg. <br>Ac. Jorge Centeno Ca\u00f1izares, Mg.<\/td><\/tr><tr><\/tr><tr><\/tr><tr><\/tr><tr><\/tr><tr><\/tr><\/tbody><\/table><\/figure>\n\n\n\n<figure class=\"wp-block-table is-style-regular\"><table><tbody><tr><td><strong>Campos Amplios:<\/strong><br>Acuacultura, silvicultura, pesca<\/td><td><strong>Campos Espec\u00edficos:<\/strong><br>Acuacultura<\/td><td><strong>Campos Detallados:<\/strong><br>Acuacultura<\/td><\/tr><tr><\/tr><tr><\/tr><tr><\/tr><tr><td><strong>L\u00ednea de Vinculaci\u00f3n:<\/strong><br>Desarrollo econ\u00f3mico y sostenible empresarial.<\/td><td><strong>Estado del Proyecto: <\/strong><br>En ejecuci\u00f3n<\/td><td><strong>C\u00f3digo de Proyecto:&nbsp;<\/strong><\/td><\/tr><tr><\/tr><tr><\/tr><tr><\/tr><\/tbody><\/table><\/figure>\n\n\n\n<figure class=\"wp-block-table is-style-regular\"><table><tbody><tr><td><strong>L\u00ednea de Investigaci\u00f3n:<\/strong> <br>Econom\u00eda y Desarrollo sustentable<\/td><\/tr><tr><\/tr><\/tbody><\/table><\/figure>\n\n\n\n<figure class=\"wp-block-table is-style-regular\"><table><tbody><tr><td><strong>Fecha Inicio Planificado: <\/strong><br>Junio de 2020<\/td><td><strong>Fecha de Fin Planeado: <\/strong><br>Diciembre 2022<\/td><td><strong>Fecha de Fin Real: <\/strong><br>Marzo 2023<\/td><\/tr><tr><\/tr><tr><\/tr><\/tbody><\/table><\/figure>\n\n\n\n<figure class=\"wp-block-table is-style-regular\"><table><tbody><tr><td><strong>Convenios: <\/strong><br>Ministerio de producci\u00f3n, comercio exterior, inversiones y pesca.<br>Gobierno Aut\u00f3nomo Descentralizado de San Pablo de Manta<br>Escuela Polit\u00e9cnica Agraria de Manab\u00ed (ESPAM).<\/td><\/tr><tr><\/tr><tr><\/tr><tr><td><strong>Beneficiarios:<\/strong> <br>Estudiantes de la ULEAM y ESPAM, habitantes de Manta.<\/td><\/tr><tr><\/tr><tr><\/tr><tr><\/tr><\/tbody><\/table><\/figure>\n\n\n\n<p class=\"has-normal-font-size\"> <strong>FUENTES DE INFORMACI\u00d3N <\/strong> <\/p>\n\n\n\n<figure class=\"wp-block-table is-style-regular\"><table><tbody><tr><td>Plan de Estrategias de Reactivaci\u00f3n Econ\u00f3mica de Manta 2020 <br>Variables e Indicadores.<br>Plan Nacional de Desarrollo 2017-2021 -Toda una Vida <br>Agenda Zonal 4<br>Plan Estrat\u00e9gico de Desarrollo Institucional ULEAM 2016-2020 <br>L\u00edneas de Investigaci\u00f3n y L\u00edneas de Vinculaci\u00f3n ULEAM <br>Diagn\u00f3stico de Proyectos Integradores de saberes<\/td><\/tr><tr><\/tr><tr><\/tr><tr><\/tr><tr><\/tr><tr><\/tr><\/tbody><\/table><\/figure>\n\n\n\n<p class=\"has-normal-font-size\"> <strong>COBERTURA Y LOCALIZACI\u00d3N<\/strong><\/p>\n\n\n\n<figure class=\"wp-block-table is-style-regular\"><table><tbody><tr><td><strong>Alcance territorial:<\/strong><br>Parroquial&nbsp;<\/td><td><strong>Provincia\/s:<\/strong><br>Manab\u00ed<\/td><\/tr><tr><\/tr><\/tbody><\/table><\/figure>\n\n\n\n<figure class=\"wp-block-table is-style-regular\"><table><tbody><tr><td><strong>Cant\u00f3n o Cantones:<\/strong><br>Manta<\/td><td><strong>Parroquia\/s:<\/strong> <br>Tarqui, Los Esteros<\/td><td><strong>Barrio\/s: <\/strong><br>Varios<\/td><\/tr><tr><\/tr><\/tbody><\/table><\/figure>\n\n\n\n<p class=\"has-normal-font-size\"><strong>PRESUPUESTO<\/strong><\/p>\n\n\n\n<figure class=\"wp-block-table is-style-regular\"><table><tbody><tr><td><strong>Presupuesto financiar por la IES: <\/strong><br>$ 3000,00<\/td><td><strong>Presupuesto total de aliados estrat\u00e9gicos:&nbsp; <\/strong><br>$ 00,00<\/td><\/tr><tr><\/tr><\/tbody><\/table><\/figure>\n\n\n\n<div style=\"height:36px\" aria-hidden=\"true\" class=\"wp-block-spacer\"><\/div>\n\n\n\n<p class=\"has-normal-font-size\"><strong>OBJETIVO DEL PROYECTO<\/strong><\/p>\n\n\n\n<p class=\"has-text-align-center\"><strong><em>OBJETIVO GENERAL<\/em><\/strong><\/p>\n\n\n\n<figure class=\"wp-block-table is-style-regular\"><table><tbody><tr><td>Apoyarla econom\u00eda familiar y alimenticia de los habitantes de la provincia de Manab\u00ed, a trav\u00e9s del cultivo y comercializaci\u00f3n de tilapia roja.<\/td><\/tr><tr><\/tr><tr><\/tr><\/tbody><\/table><\/figure>\n\n\n\n<p class=\"has-text-align-center\"><em><b>OBJETIVOS <\/b><\/em><strong><em>ESPEC\u00cdFICOS<\/em><\/strong><\/p>\n\n\n\n<figure class=\"wp-block-table is-style-regular\"><table><tbody><tr><td><strong>O.E1:<\/strong> Capacitar&nbsp; a&nbsp; las&nbsp; personas interesadas&nbsp; en cultivar&nbsp; las&nbsp; tilapias&nbsp; en&nbsp; tanques caseros. <br><br><strong>O.E2:<\/strong> Desarrollar&nbsp; conocimientos&nbsp; sobre&nbsp; el&nbsp; cultivo&nbsp; de&nbsp; peces&nbsp; de&nbsp; agua&nbsp; dulce&nbsp; y&nbsp; su comercializaci\u00f3n en el mercado local e internacional.<\/td><\/tr><tr><\/tr><tr><\/tr><tr><\/tr><tr><\/tr><tr><\/tr><\/tbody><\/table><\/figure>\n\n\n\n<div style=\"height:36px\" aria-hidden=\"true\" class=\"wp-block-spacer\"><\/div>\n\n\n\n<div class=\"wp-block-file aligncenter\"><a href=\"https:\/\/departamentos.uleam.edu.ec\/vinculacion-colectividad\/files\/2022\/08\/PROYECTO-DE-CULTIVO-DE-TILAPIAS-ROJAS-2020.pdf\" class=\"wp-block-file__button\" download>Descarga<\/a><\/div>\n","protected":false},"excerpt":{"rendered":"<p>PER\u00cdODO ACAD\u00c9MICO 2020-2021 Proyecto Multidisciplinario de Vinculaci\u00f3n y Emprendimiento L\u00cdNEA DE VINCULACI\u00d3N:&nbsp;Desarrollo econ\u00f3mico y sostenible empresarial. Autoridades:Blgo. Jaime S\u00e1nchez Moreira, Mg.A Blgo. Kl\u00e9ver Mendoza Nieto, Mg. Blgo. Xavier Pico Lozano, Mg.A. Dr.<a class=\"moretag\" href=\"https:\/\/departamentos.uleam.edu.ec\/vinculacion-colectividad\/https-departamentos-uleam-edu-ec-vinculacion-colectividad-proyectos2022-desarrollo-de-la-piscicultura-en-la-provincia-de-manabi\/\">Leer m\u00e1s&#8230;<\/a><\/p>\n","protected":false},"author":124,"featured_media":0,"parent":0,"menu_order":0,"comment_status":"closed","ping_status":"closed","template":"","meta":{"footnotes":"","_links_to":"","_links_to_target":""},"class_list":["post-4331","page","type-page","status-publish","hentry"],"_links":{"self":[{"href":"https:\/\/departamentos.uleam.edu.ec\/vinculacion-colectividad\/wp-json\/wp\/v2\/pages\/4331","targetHints":{"allow":["GET"]}}],"collection":[{"href":"https:\/\/departamentos.uleam.edu.ec\/vinculacion-colectividad\/wp-json\/wp\/v2\/pages"}],"about":[{"href":"https:\/\/departamentos.uleam.edu.ec\/vinculacion-colectividad\/wp-json\/wp\/v2\/types\/page"}],"author":[{"embeddable":true,"href":"https:\/\/departamentos.uleam.edu.ec\/vinculacion-colectividad\/wp-json\/wp\/v2\/users\/124"}],"replies":[{"embeddable":true,"href":"https:\/\/departamentos.uleam.edu.ec\/vinculacion-colectividad\/wp-json\/wp\/v2\/comments?post=4331"}],"version-history":[{"count":4,"href":"https:\/\/departamentos.uleam.edu.ec\/vinculacion-colectividad\/wp-json\/wp\/v2\/pages\/4331\/revisions"}],"predecessor-version":[{"id":4755,"href":"https:\/\/departamentos.uleam.edu.ec\/vinculacion-colectividad\/wp-json\/wp\/v2\/pages\/4331\/revisions\/4755"}],"wp:attachment":[{"href":"https:\/\/departamentos.uleam.edu.ec\/vinculacion-colectividad\/wp-json\/wp\/v2\/media?parent=4331"}],"curies":[{"name":"wp","href":"https:\/\/api.w.org\/{rel}","templated":true}]}}