{"id":4340,"date":"2022-08-05T09:20:00","date_gmt":"2022-08-05T14:20:00","guid":{"rendered":"https:\/\/departamentos.uleam.edu.ec\/vinculacion-colectividad\/?page_id=4340"},"modified":"2022-10-25T10:04:31","modified_gmt":"2022-10-25T15:04:31","slug":"https-departamentos-uleam-edu-ec-vinculacion-colectividad-proyectos2022-analisis-diseno-e-implementacion-de-tiendas-online-de-e-commerce-para-pymes-o-emprendimientos-de-la-provincia-de-manabi","status":"publish","type":"page","link":"https:\/\/departamentos.uleam.edu.ec\/vinculacion-colectividad\/https-departamentos-uleam-edu-ec-vinculacion-colectividad-proyectos2022-analisis-diseno-e-implementacion-de-tiendas-online-de-e-commerce-para-pymes-o-emprendimientos-de-la-provincia-de-manabi\/","title":{"rendered":"An\u00e1lisis, dise\u00f1o e implementaci\u00f3n de tiendas online de E-Commerce para Pymes o emprendimientos de la provincia de Manab\u00ed."},"content":{"rendered":"\n<p class=\"has-text-align-center\" style=\"font-size:24px\">PER\u00cdODO 2021-2022<\/p>\n\n\n\n<p style=\"font-size:18px\"><strong><em>PROGRAMA:<\/em><\/strong> \u00abGesti\u00f3n de Proyectos y Servicios en Tecnolog\u00edas de la Informaci\u00f3n y la Comunicaci\u00f3n.\u00bb<\/p>\n\n\n\n<p style=\"font-size:18px\"><em><strong>L\u00cdNEA DE VINCULACI<em>\u00d3N<\/em>:<\/strong><\/em> \u00abServicios t\u00e9cnicos, transferencias tecnol\u00f3gicas y educaci\u00f3n continua comunitaria\u00bb<\/p>\n\n\n\n<div style=\"height:65px\" aria-hidden=\"true\" class=\"wp-block-spacer\"><\/div>\n\n\n\n<figure class=\"wp-block-table is-style-regular\"><table><tbody><tr><td><strong>Autor: <\/strong><br>Ing. Edison Ernesto Almeida Zambrano, Mg.<\/td><\/tr><tr><\/tr><tr><\/tr><tr><\/tr><tr><\/tr><tr><\/tr><tr><td><strong>Colaboradores:<\/strong><br>Ing. Adriana Virginia Mac\u00edas Espinales, Mg.<br>Ing. Elsa Patricia Vera Burgos, Mg.<\/td><\/tr><tr><\/tr><tr><\/tr><\/tbody><\/table><\/figure>\n\n\n\n<figure class=\"wp-block-table is-style-regular\"><table><tbody><tr><td><strong>Nombre de la Facultad o Unidad Acad\u00e9mica Responsable:<\/strong><br>Ciencias Inform\u00e1ticas<\/td><td><strong>Carrera:<\/strong> <br>Ingenier\u00eda en Sistemas, Ingenier\u00eda&nbsp;en Tecnolog\u00eda de la Informaci\u00f3n.<\/td><td><strong>Convenio:<\/strong>&nbsp;<br>1<\/td><\/tr><tr><\/tr><tr><\/tr><tr><\/tr><tr><td><strong>\u00c1rea del conocimiento:<\/strong><br>Programaci\u00f3n, gesti\u00f3n de base de datos.<\/td><td><strong>Sub\u00e1rea del conocimiento:<\/strong> <br>48 Inform\u00e1tica<\/td><td><strong>Sub\u00e1rea espec\u00edfica:<\/strong><\/td><\/tr><tr><\/tr><tr><\/tr><tr><\/tr><\/tbody><\/table><\/figure>\n\n\n\n<figure class=\"wp-block-table is-style-regular\"><table><tbody><tr><td><strong>L\u00ednea de Vinculaci\u00f3n:<\/strong><br>Servicios&nbsp; t\u00e9cnicos, transferencias&nbsp; tecnol\u00f3gicas y educaci\u00f3n continua comunitaria<\/td><td><strong>Tipo Proyecto:<\/strong><br>Vinculaci\u00f3n<\/td><\/tr><tr><\/tr><tr><td><strong>Campo amplio:<\/strong> <br>Las Tic (tecnolog\u00eda&nbsp; de&nbsp; la informaci\u00f3n y comunicaci\u00f3n).<\/td><td><strong>Campo espec\u00edfico: <\/strong><br>Software<\/td><\/tr><tr><\/tr><\/tbody><\/table><\/figure>\n\n\n\n<figure class=\"wp-block-table is-style-regular\"><table><tbody><tr><td><strong>Fecha Inicio Planificado: <\/strong><br>Mayo de 2021<\/td><td><strong>Fecha de Fin Planeado: <\/strong><br>Diciembre 2022<\/td><td><strong>Fecha de Fin Real: <\/strong><br>Marzo 2023<\/td><\/tr><tr><\/tr><tr><\/tr><\/tbody><\/table><\/figure>\n\n\n\n<p class=\"has-normal-font-size\"><strong>COBERTURA Y LOCALIZACI\u00d3N<\/strong><\/p>\n\n\n\n<figure class=\"wp-block-table is-style-regular\"><table><tbody><tr><td><strong>Cobertura: <\/strong><br>Provincial<\/td><td><strong>Zona de Planificaci\u00f3n:<\/strong><br><strong><em>Zona 4:<\/em><\/strong> Manab\u00ed, Santo Domingo de los Ts\u00e1chilas.<\/td><\/tr><tr><\/tr><\/tbody><\/table><\/figure>\n\n\n\n<figure class=\"wp-block-table is-style-regular\"><table><tbody><tr><td><strong>Provincia: <\/strong><br>Manab\u00ed<\/td><td><strong>Cant\u00f3n:<\/strong> <br>Manta<\/td><td><strong>Parroquia: <\/strong><br>San Mateo<\/td><\/tr><tr><\/tr><\/tbody><\/table><\/figure>\n\n\n\n<figure class=\"wp-block-table is-style-regular\"><table><tbody><tr><td><strong>Objetivos del Plan Nacional del Buen Vivir:<\/strong><br>10. Impulsar la transformaci\u00f3n de la matriz productiva.<\/td><\/tr><tr><\/tr><tr><\/tr><\/tbody><\/table><\/figure>\n\n\n\n<p class=\"has-normal-font-size\"><strong>PRESUPUESTO<\/strong><\/p>\n\n\n\n<figure class=\"wp-block-table is-style-regular\"><table><tbody><tr><td><strong>Presupuesto aporte ULEAM: <\/strong><br>US$ 00,00<\/td><td><strong>Presupuesto entidad auspiciante\/beneficiaria:<\/strong><br>0<\/td><td><strong>Presupuesto Total: <\/strong><br>US$ 00,00<\/td><\/tr><tr><\/tr><tr><\/tr><tr><\/tr><\/tbody><\/table><\/figure>\n\n\n\n<div style=\"height:38px\" aria-hidden=\"true\" class=\"wp-block-spacer\"><\/div>\n\n\n\n<p><strong>OBJETIVO DEL PROYECTO<\/strong><\/p>\n\n\n\n<p class=\"has-text-align-center\"><strong><em>OBJETIVO GENERAL<\/em><\/strong><\/p>\n\n\n\n<figure class=\"wp-block-table is-style-regular\"><table><tbody><tr><td>Dise\u00f1ar e implementar tiendas online de e-commerce para PyMES o emprendimientos de la provincia de Manab\u00ed.<\/td><\/tr><tr><\/tr><tr><\/tr><tr><\/tr><tr><\/tr><\/tbody><\/table><\/figure>\n\n\n\n<p class=\"has-text-align-center\"> <strong><em>OBJETIVOS ESPEC\u00cdFICOS<\/em><\/strong><\/p>\n\n\n\n<figure class=\"wp-block-table is-style-regular\"><table><tbody><tr><td><strong>OE1: <\/strong>Levantar una l\u00ednea base de las PyMES o emprendimientos seleccionados, para la implementaci\u00f3n de tiendas online. <br><br><strong>O.E2:<\/strong> Desarrollar e implementar las tiendas online de e-commerce.<br><br><strong>O.E3:<\/strong> Socializar el proceso de implementaci\u00f3n de tiendas online de e-commerce. <br><br><strong>O.E4:<\/strong> Evaluar y difundir el impacto de la aplicaci\u00f3n de tiendas online de e-commerce en las PyMES o emprendimientos seleccionados.<\/td><\/tr><tr><\/tr><tr><\/tr><tr><\/tr><tr><\/tr><tr><\/tr><tr><\/tr><tr><\/tr><tr><\/tr><tr><\/tr><tr><\/tr><\/tbody><\/table><\/figure>\n\n\n\n<div style=\"height:80px\" aria-hidden=\"true\" class=\"wp-block-spacer\"><\/div>\n\n\n\n<figure class=\"wp-block-gallery columns-3 is-cropped wp-block-gallery-1 is-layout-flex wp-block-gallery-is-layout-flex\"><ul class=\"blocks-gallery-grid\"><li class=\"blocks-gallery-item\"><figure><a href=\"https:\/\/departamentos.uleam.edu.ec\/vinculacion-colectividad\/files\/2022\/08\/WhatsApp-Image-2022-08-18-at-12.24.31-767x1024.jpeg\"><img fetchpriority=\"high\" decoding=\"async\" width=\"767\" height=\"1024\" src=\"https:\/\/departamentos.uleam.edu.ec\/vinculacion-colectividad\/files\/2022\/08\/WhatsApp-Image-2022-08-18-at-12.24.31-767x1024.jpeg\" alt=\"\" data-id=\"4793\" data-link=\"https:\/\/departamentos.uleam.edu.ec\/vinculacion-colectividad\/https-departamentos-uleam-edu-ec-vinculacion-colectividad-proyectos2022-analisis-diseno-e-implementacion-de-tiendas-online-de-e-commerce-para-pymes-o-emprendimientos-de-la-provincia-de-manabi\/whatsapp-image-2022-08-18-at-12-24-31\/\" class=\"wp-image-4793\" srcset=\"https:\/\/departamentos.uleam.edu.ec\/vinculacion-colectividad\/files\/2022\/08\/WhatsApp-Image-2022-08-18-at-12.24.31-767x1024.jpeg 767w, https:\/\/departamentos.uleam.edu.ec\/vinculacion-colectividad\/files\/2022\/08\/WhatsApp-Image-2022-08-18-at-12.24.31-225x300.jpeg 225w, https:\/\/departamentos.uleam.edu.ec\/vinculacion-colectividad\/files\/2022\/08\/WhatsApp-Image-2022-08-18-at-12.24.31-768x1025.jpeg 768w, https:\/\/departamentos.uleam.edu.ec\/vinculacion-colectividad\/files\/2022\/08\/WhatsApp-Image-2022-08-18-at-12.24.31.jpeg 959w\" sizes=\"(max-width: 767px) 100vw, 767px\" \/><\/a><\/figure><\/li><li class=\"blocks-gallery-item\"><figure><a href=\"https:\/\/departamentos.uleam.edu.ec\/vinculacion-colectividad\/files\/2022\/08\/WhatsApp-Image-2022-08-18-at-12.24.31-1-1024x768.jpeg\"><img decoding=\"async\" width=\"1024\" height=\"768\" src=\"https:\/\/departamentos.uleam.edu.ec\/vinculacion-colectividad\/files\/2022\/08\/WhatsApp-Image-2022-08-18-at-12.24.31-1-1024x768.jpeg\" alt=\"\" data-id=\"4796\" data-link=\"https:\/\/departamentos.uleam.edu.ec\/vinculacion-colectividad\/https-departamentos-uleam-edu-ec-vinculacion-colectividad-proyectos2022-analisis-diseno-e-implementacion-de-tiendas-online-de-e-commerce-para-pymes-o-emprendimientos-de-la-provincia-de-manabi\/whatsapp-image-2022-08-18-at-12-24-31-1\/\" class=\"wp-image-4796\" srcset=\"https:\/\/departamentos.uleam.edu.ec\/vinculacion-colectividad\/files\/2022\/08\/WhatsApp-Image-2022-08-18-at-12.24.31-1-1024x768.jpeg 1024w, https:\/\/departamentos.uleam.edu.ec\/vinculacion-colectividad\/files\/2022\/08\/WhatsApp-Image-2022-08-18-at-12.24.31-1-300x225.jpeg 300w, https:\/\/departamentos.uleam.edu.ec\/vinculacion-colectividad\/files\/2022\/08\/WhatsApp-Image-2022-08-18-at-12.24.31-1-768x576.jpeg 768w, https:\/\/departamentos.uleam.edu.ec\/vinculacion-colectividad\/files\/2022\/08\/WhatsApp-Image-2022-08-18-at-12.24.31-1.jpeg 1280w\" sizes=\"(max-width: 1024px) 100vw, 1024px\" \/><\/a><\/figure><\/li><li class=\"blocks-gallery-item\"><figure><a href=\"https:\/\/departamentos.uleam.edu.ec\/vinculacion-colectividad\/files\/2022\/08\/WhatsApp-Image-2022-08-18-at-12.24.33-1024x461.jpeg\"><img decoding=\"async\" width=\"1024\" height=\"461\" src=\"https:\/\/departamentos.uleam.edu.ec\/vinculacion-colectividad\/files\/2022\/08\/WhatsApp-Image-2022-08-18-at-12.24.33-1024x461.jpeg\" alt=\"\" data-id=\"4798\" data-link=\"https:\/\/departamentos.uleam.edu.ec\/vinculacion-colectividad\/https-departamentos-uleam-edu-ec-vinculacion-colectividad-proyectos2022-analisis-diseno-e-implementacion-de-tiendas-online-de-e-commerce-para-pymes-o-emprendimientos-de-la-provincia-de-manabi\/whatsapp-image-2022-08-18-at-12-24-33\/\" class=\"wp-image-4798\" srcset=\"https:\/\/departamentos.uleam.edu.ec\/vinculacion-colectividad\/files\/2022\/08\/WhatsApp-Image-2022-08-18-at-12.24.33-1024x461.jpeg 1024w, https:\/\/departamentos.uleam.edu.ec\/vinculacion-colectividad\/files\/2022\/08\/WhatsApp-Image-2022-08-18-at-12.24.33-300x135.jpeg 300w, https:\/\/departamentos.uleam.edu.ec\/vinculacion-colectividad\/files\/2022\/08\/WhatsApp-Image-2022-08-18-at-12.24.33-768x346.jpeg 768w, https:\/\/departamentos.uleam.edu.ec\/vinculacion-colectividad\/files\/2022\/08\/WhatsApp-Image-2022-08-18-at-12.24.33.jpeg 1280w\" sizes=\"(max-width: 1024px) 100vw, 1024px\" \/><\/a><\/figure><\/li><li class=\"blocks-gallery-item\"><figure><a href=\"https:\/\/departamentos.uleam.edu.ec\/vinculacion-colectividad\/files\/2022\/08\/WhatsApp-Image-2022-08-18-at-12.24.31-3-1024x768.jpeg\"><img loading=\"lazy\" decoding=\"async\" width=\"1024\" height=\"768\" src=\"https:\/\/departamentos.uleam.edu.ec\/vinculacion-colectividad\/files\/2022\/08\/WhatsApp-Image-2022-08-18-at-12.24.31-3-1024x768.jpeg\" alt=\"\" data-id=\"4794\" data-link=\"https:\/\/departamentos.uleam.edu.ec\/vinculacion-colectividad\/https-departamentos-uleam-edu-ec-vinculacion-colectividad-proyectos2022-analisis-diseno-e-implementacion-de-tiendas-online-de-e-commerce-para-pymes-o-emprendimientos-de-la-provincia-de-manabi\/whatsapp-image-2022-08-18-at-12-24-31-3\/\" class=\"wp-image-4794\" srcset=\"https:\/\/departamentos.uleam.edu.ec\/vinculacion-colectividad\/files\/2022\/08\/WhatsApp-Image-2022-08-18-at-12.24.31-3-1024x768.jpeg 1024w, https:\/\/departamentos.uleam.edu.ec\/vinculacion-colectividad\/files\/2022\/08\/WhatsApp-Image-2022-08-18-at-12.24.31-3-300x225.jpeg 300w, https:\/\/departamentos.uleam.edu.ec\/vinculacion-colectividad\/files\/2022\/08\/WhatsApp-Image-2022-08-18-at-12.24.31-3-768x576.jpeg 768w, https:\/\/departamentos.uleam.edu.ec\/vinculacion-colectividad\/files\/2022\/08\/WhatsApp-Image-2022-08-18-at-12.24.31-3.jpeg 1280w\" sizes=\"(max-width: 1024px) 100vw, 1024px\" \/><\/a><\/figure><\/li><li class=\"blocks-gallery-item\"><figure><a href=\"https:\/\/departamentos.uleam.edu.ec\/vinculacion-colectividad\/files\/2022\/08\/WhatsApp-Image-2022-08-18-at-12.24.34-1024x768.jpeg\"><img loading=\"lazy\" decoding=\"async\" width=\"1024\" height=\"768\" src=\"https:\/\/departamentos.uleam.edu.ec\/vinculacion-colectividad\/files\/2022\/08\/WhatsApp-Image-2022-08-18-at-12.24.34-1024x768.jpeg\" alt=\"\" data-id=\"4799\" data-link=\"https:\/\/departamentos.uleam.edu.ec\/vinculacion-colectividad\/https-departamentos-uleam-edu-ec-vinculacion-colectividad-proyectos2022-analisis-diseno-e-implementacion-de-tiendas-online-de-e-commerce-para-pymes-o-emprendimientos-de-la-provincia-de-manabi\/whatsapp-image-2022-08-18-at-12-24-34\/\" class=\"wp-image-4799\" srcset=\"https:\/\/departamentos.uleam.edu.ec\/vinculacion-colectividad\/files\/2022\/08\/WhatsApp-Image-2022-08-18-at-12.24.34-1024x768.jpeg 1024w, https:\/\/departamentos.uleam.edu.ec\/vinculacion-colectividad\/files\/2022\/08\/WhatsApp-Image-2022-08-18-at-12.24.34-300x225.jpeg 300w, https:\/\/departamentos.uleam.edu.ec\/vinculacion-colectividad\/files\/2022\/08\/WhatsApp-Image-2022-08-18-at-12.24.34-768x576.jpeg 768w, https:\/\/departamentos.uleam.edu.ec\/vinculacion-colectividad\/files\/2022\/08\/WhatsApp-Image-2022-08-18-at-12.24.34.jpeg 1280w\" sizes=\"(max-width: 1024px) 100vw, 1024px\" \/><\/a><\/figure><\/li><li class=\"blocks-gallery-item\"><figure><a href=\"https:\/\/departamentos.uleam.edu.ec\/vinculacion-colectividad\/files\/2022\/08\/WhatsApp-Image-2022-08-18-at-12.24.31-2-1024x449.jpeg\"><img loading=\"lazy\" decoding=\"async\" width=\"1024\" height=\"449\" src=\"https:\/\/departamentos.uleam.edu.ec\/vinculacion-colectividad\/files\/2022\/08\/WhatsApp-Image-2022-08-18-at-12.24.31-2-1024x449.jpeg\" alt=\"\" data-id=\"4795\" data-link=\"https:\/\/departamentos.uleam.edu.ec\/vinculacion-colectividad\/https-departamentos-uleam-edu-ec-vinculacion-colectividad-proyectos2022-analisis-diseno-e-implementacion-de-tiendas-online-de-e-commerce-para-pymes-o-emprendimientos-de-la-provincia-de-manabi\/whatsapp-image-2022-08-18-at-12-24-31-2\/\" class=\"wp-image-4795\" srcset=\"https:\/\/departamentos.uleam.edu.ec\/vinculacion-colectividad\/files\/2022\/08\/WhatsApp-Image-2022-08-18-at-12.24.31-2-1024x449.jpeg 1024w, https:\/\/departamentos.uleam.edu.ec\/vinculacion-colectividad\/files\/2022\/08\/WhatsApp-Image-2022-08-18-at-12.24.31-2-300x131.jpeg 300w, https:\/\/departamentos.uleam.edu.ec\/vinculacion-colectividad\/files\/2022\/08\/WhatsApp-Image-2022-08-18-at-12.24.31-2-768x337.jpeg 768w, https:\/\/departamentos.uleam.edu.ec\/vinculacion-colectividad\/files\/2022\/08\/WhatsApp-Image-2022-08-18-at-12.24.31-2.jpeg 1280w\" sizes=\"(max-width: 1024px) 100vw, 1024px\" \/><\/a><\/figure><\/li><li class=\"blocks-gallery-item\"><figure><a href=\"https:\/\/departamentos.uleam.edu.ec\/vinculacion-colectividad\/files\/2022\/08\/WhatsApp-Image-2022-08-18-at-12.24.35.jpeg\"><img loading=\"lazy\" decoding=\"async\" width=\"769\" height=\"1024\" src=\"https:\/\/departamentos.uleam.edu.ec\/vinculacion-colectividad\/files\/2022\/08\/WhatsApp-Image-2022-08-18-at-12.24.35-769x1024.jpeg\" alt=\"\" data-id=\"4800\" data-full-url=\"https:\/\/departamentos.uleam.edu.ec\/vinculacion-colectividad\/files\/2022\/08\/WhatsApp-Image-2022-08-18-at-12.24.35.jpeg\" data-link=\"https:\/\/departamentos.uleam.edu.ec\/vinculacion-colectividad\/https-departamentos-uleam-edu-ec-vinculacion-colectividad-proyectos2022-analisis-diseno-e-implementacion-de-tiendas-online-de-e-commerce-para-pymes-o-emprendimientos-de-la-provincia-de-manabi\/whatsapp-image-2022-08-18-at-12-24-35\/\" class=\"wp-image-4800\" srcset=\"https:\/\/departamentos.uleam.edu.ec\/vinculacion-colectividad\/files\/2022\/08\/WhatsApp-Image-2022-08-18-at-12.24.35-769x1024.jpeg 769w, https:\/\/departamentos.uleam.edu.ec\/vinculacion-colectividad\/files\/2022\/08\/WhatsApp-Image-2022-08-18-at-12.24.35-225x300.jpeg 225w, https:\/\/departamentos.uleam.edu.ec\/vinculacion-colectividad\/files\/2022\/08\/WhatsApp-Image-2022-08-18-at-12.24.35-768x1023.jpeg 768w, https:\/\/departamentos.uleam.edu.ec\/vinculacion-colectividad\/files\/2022\/08\/WhatsApp-Image-2022-08-18-at-12.24.35.jpeg 961w\" sizes=\"(max-width: 769px) 100vw, 769px\" \/><\/a><\/figure><\/li><li class=\"blocks-gallery-item\"><figure><a href=\"https:\/\/departamentos.uleam.edu.ec\/vinculacion-colectividad\/files\/2022\/08\/WhatsApp-Image-2022-08-18-at-12.24.30-768x1024.jpeg\"><img loading=\"lazy\" decoding=\"async\" width=\"768\" height=\"1024\" src=\"https:\/\/departamentos.uleam.edu.ec\/vinculacion-colectividad\/files\/2022\/08\/WhatsApp-Image-2022-08-18-at-12.24.30-768x1024.jpeg\" alt=\"\" data-id=\"4797\" data-link=\"https:\/\/departamentos.uleam.edu.ec\/vinculacion-colectividad\/https-departamentos-uleam-edu-ec-vinculacion-colectividad-proyectos2022-analisis-diseno-e-implementacion-de-tiendas-online-de-e-commerce-para-pymes-o-emprendimientos-de-la-provincia-de-manabi\/whatsapp-image-2022-08-18-at-12-24-30\/\" class=\"wp-image-4797\" srcset=\"https:\/\/departamentos.uleam.edu.ec\/vinculacion-colectividad\/files\/2022\/08\/WhatsApp-Image-2022-08-18-at-12.24.30-768x1024.jpeg 768w, https:\/\/departamentos.uleam.edu.ec\/vinculacion-colectividad\/files\/2022\/08\/WhatsApp-Image-2022-08-18-at-12.24.30-225x300.jpeg 225w, https:\/\/departamentos.uleam.edu.ec\/vinculacion-colectividad\/files\/2022\/08\/WhatsApp-Image-2022-08-18-at-12.24.30.jpeg 960w\" sizes=\"(max-width: 768px) 100vw, 768px\" \/><\/a><\/figure><\/li><\/ul><\/figure>\n\n\n\n<div style=\"height:38px\" aria-hidden=\"true\" class=\"wp-block-spacer\"><\/div>\n\n\n\n<div class=\"wp-block-file aligncenter\"><a href=\"https:\/\/departamentos.uleam.edu.ec\/vinculacion-colectividad\/files\/2022\/08\/1.-Proyecto-de-Vinculacion-2021-2022-restructurado.pdf\" class=\"wp-block-file__button\" download>Descarga<\/a><\/div>\n","protected":false},"excerpt":{"rendered":"<p>PER\u00cdODO 2021-2022 PROGRAMA: \u00abGesti\u00f3n de Proyectos y Servicios en Tecnolog\u00edas de la Informaci\u00f3n y la Comunicaci\u00f3n.\u00bb L\u00cdNEA DE VINCULACI\u00d3N: \u00abServicios t\u00e9cnicos, transferencias tecnol\u00f3gicas y educaci\u00f3n continua comunitaria\u00bb Autor: Ing. Edison Ernesto Almeida<a class=\"moretag\" href=\"https:\/\/departamentos.uleam.edu.ec\/vinculacion-colectividad\/https-departamentos-uleam-edu-ec-vinculacion-colectividad-proyectos2022-analisis-diseno-e-implementacion-de-tiendas-online-de-e-commerce-para-pymes-o-emprendimientos-de-la-provincia-de-manabi\/\">Leer m\u00e1s&#8230;<\/a><\/p>\n","protected":false},"author":124,"featured_media":0,"parent":0,"menu_order":0,"comment_status":"closed","ping_status":"closed","template":"","meta":{"footnotes":"","_links_to":"","_links_to_target":""},"class_list":["post-4340","page","type-page","status-publish","hentry"],"_links":{"self":[{"href":"https:\/\/departamentos.uleam.edu.ec\/vinculacion-colectividad\/wp-json\/wp\/v2\/pages\/4340","targetHints":{"allow":["GET"]}}],"collection":[{"href":"https:\/\/departamentos.uleam.edu.ec\/vinculacion-colectividad\/wp-json\/wp\/v2\/pages"}],"about":[{"href":"https:\/\/departamentos.uleam.edu.ec\/vinculacion-colectividad\/wp-json\/wp\/v2\/types\/page"}],"author":[{"embeddable":true,"href":"https:\/\/departamentos.uleam.edu.ec\/vinculacion-colectividad\/wp-json\/wp\/v2\/users\/124"}],"replies":[{"embeddable":true,"href":"https:\/\/departamentos.uleam.edu.ec\/vinculacion-colectividad\/wp-json\/wp\/v2\/comments?post=4340"}],"version-history":[{"count":7,"href":"https:\/\/departamentos.uleam.edu.ec\/vinculacion-colectividad\/wp-json\/wp\/v2\/pages\/4340\/revisions"}],"predecessor-version":[{"id":5137,"href":"https:\/\/departamentos.uleam.edu.ec\/vinculacion-colectividad\/wp-json\/wp\/v2\/pages\/4340\/revisions\/5137"}],"wp:attachment":[{"href":"https:\/\/departamentos.uleam.edu.ec\/vinculacion-colectividad\/wp-json\/wp\/v2\/media?parent=4340"}],"curies":[{"name":"wp","href":"https:\/\/api.w.org\/{rel}","templated":true}]}}