{"id":4391,"date":"2022-08-05T09:55:23","date_gmt":"2022-08-05T14:55:23","guid":{"rendered":"https:\/\/departamentos.uleam.edu.ec\/vinculacion-colectividad\/?page_id=4391"},"modified":"2022-08-18T11:22:42","modified_gmt":"2022-08-18T16:22:42","slug":"https-departamentos-uleam-edu-ec-vinculacion-colectividad-proyectos2022-capacitacion-en-el-mejoramiento-productivo-de-sistemas-pecuarios-en-el-sector-rural","status":"publish","type":"page","link":"https:\/\/departamentos.uleam.edu.ec\/vinculacion-colectividad\/https-departamentos-uleam-edu-ec-vinculacion-colectividad-proyectos2022-capacitacion-en-el-mejoramiento-productivo-de-sistemas-pecuarios-en-el-sector-rural\/","title":{"rendered":"Capacitaci\u00f3n en el mejoramiento productivo de sistemas pecuarios en el sector rural"},"content":{"rendered":"\n<p class=\"has-text-align-center\" style=\"font-size:24px\">PER\u00cdODO 2021 &#8211; 2024<\/p>\n\n\n\n<p style=\"font-size:18px\"><strong><em>PROGRAMA: <\/em><\/strong>Proyectos de Vinculaci\u00f3n con la Sociedad<\/p>\n\n\n\n<p style=\"font-size:18px\"><strong><em>L\u00cdNEA DE VINCULACI\u00d3N:<\/em><\/strong> \u00abProducci\u00f3n y conservaci\u00f3n ambiental\u00bb<\/p>\n\n\n\n<div style=\"height:76px\" aria-hidden=\"true\" class=\"wp-block-spacer\"><\/div>\n\n\n\n<figure class=\"wp-block-table is-style-regular\"><table><tbody><tr><td><strong>Autores: <\/strong><br>Ing. Renato Mendieta Vivas, Mg. <br>Vet. Paola Alvarado, Mg.<\/td><\/tr><tr><\/tr><tr><\/tr><tr><\/tr><tr><\/tr><tr><\/tr><\/tbody><\/table><\/figure>\n\n\n\n<figure class=\"wp-block-table is-style-regular\"><table><tbody><tr><td><strong>Nombre de la Facultad o Unidad Acad\u00e9mica Responsable: <\/strong><br>Extensi\u00f3n Pedernales&nbsp;<\/td><td><strong>Carrera:<\/strong> <br>Ingenier\u00eda Agropecuaria&nbsp;<\/td><td><strong>Convenio: <\/strong><br>Convenio con el GAD Municipal Pedernales<br>Convenio con el GAD parroquial de Atahualpa.<br>Convenio Asociaci\u00f3n de ganaderos parroquia Atahualpa<\/td><\/tr><tr><\/tr><tr><\/tr><tr><\/tr><tr><td><strong>\u00c1rea del conocimiento:<\/strong><br>Agricultura&nbsp;<\/td><td><strong>Sub \u00e1rea del conocimiento: <\/strong><br>Agricultura, silvicultura y pesca&nbsp;<\/td><td><strong>Sub \u00e1rea espec\u00edfica:<\/strong><br>Producci\u00f3n Pecuaria<\/td><\/tr><tr><\/tr><tr><\/tr><tr><\/tr><tr><td><strong>Campo Amplio: <\/strong><br>08 Agricultura, silvicultura, pesca y veterinaria.<\/td><td><strong>Campo espec\u00edfico:&nbsp;<\/strong> <br>081 Agricultura<\/td><td><strong>Campos detallados: <\/strong><br>0811 Producci\u00f3n agr\u00edcola y ganadera.<\/td><\/tr><tr><\/tr><tr><\/tr><tr><\/tr><\/tbody><\/table><\/figure>\n\n\n\n<figure class=\"wp-block-table is-style-regular\"><table><tbody><tr><td><strong>L\u00ednea de investigaci\u00f3n: <\/strong><br><strong><em>L\u00ednea 8:<\/em><\/strong> Desarrollo e innovaci\u00f3n en el sector agropecuario.\u00a0<\/td><td><strong>L\u00ednea de vinculaci\u00f3n: <\/strong><br>Producci\u00f3n y conservaci\u00f3n ambiental<\/td><\/tr><tr><\/tr><tr><\/tr><tr><\/tr><\/tbody><\/table><\/figure>\n\n\n\n<figure class=\"wp-block-table is-style-regular\"><table><tbody><tr><td><strong>Tipo de proyecto: <\/strong><br>Vinculaci\u00f3n&nbsp;<\/td><td><strong>Estado del proyecto:&nbsp;<\/strong><\/td><td><strong>C\u00f3digo del proyecto:<\/strong><\/td><\/tr><tr><\/tr><tr><td><strong>Fecha Inicio Planificado:&nbsp; <\/strong><br>Octubre del 2021<\/td><td><strong>Fecha de Fin Planeado: <\/strong><br>Septiembre 2023<\/td><td><strong>Fecha de Fin Real: <\/strong><br>Octubre 2023<\/td><\/tr><tr><\/tr><tr><\/tr><\/tbody><\/table><\/figure>\n\n\n\n<p><strong>FUENTES DE INFORMACI\u00d3N<\/strong><\/p>\n\n\n\n<figure class=\"wp-block-table is-style-regular\"><table><tbody><tr><td>Instituto Nacional de Estad\u00edstica y Censo \u2013 INEC Variables e Indicadores <br>Plan Nacional de Desarrollo 2017-2021 &#8211; Toda una Vida<br>Plan de Desarrollo y Ordenamiento Territorial de Pedernales 2018&nbsp;<br>Plan Estrat\u00e9gico de Desarrollo Institucional ULEAM 2016-2020 L\u00edneas de Investigaci\u00f3n y L\u00edneas de Vinculaci\u00f3n ULEAM<br>Forma Mesa de trabajo con funcionarios del GAD Parroquial de Atahualpa<\/td><\/tr><tr><\/tr><tr><\/tr><tr><\/tr><tr><\/tr><tr><\/tr><tr><\/tr><tr><\/tr><\/tbody><\/table><\/figure>\n\n\n\n<p><strong>COBERTURA Y LOCALIZACI\u00d3N<\/strong><\/p>\n\n\n\n<figure class=\"wp-block-table is-style-regular\"><table><tbody><tr><td><strong>Cobertura:<\/strong><br>Cantonal&nbsp;<\/td><td><strong>Zona de Planificaci\u00f3n:<\/strong><br><strong><em>Zona 4:<\/em><\/strong> Manab\u00ed, Santo Domingo de los Ts\u00e1chilas.<\/td><\/tr><tr><\/tr><\/tbody><\/table><\/figure>\n\n\n\n<figure class=\"wp-block-table is-style-regular\"><table><tbody><tr><td><strong>Provincia:<\/strong><br>Manab\u00ed&nbsp;<\/td><td><strong>Cant\u00f3n:<\/strong><br>Pedernales&nbsp;<\/td><td><strong>Parroquia:<\/strong><br>Atahualpa<\/td><\/tr><tr><\/tr><\/tbody><\/table><\/figure>\n\n\n\n<figure class=\"wp-block-table is-style-regular\"><table><tbody><tr><td><strong>Objetivos del Plan Nacional del Buen Vivir:&nbsp;<\/strong>&nbsp;&nbsp; <br>PLAN DE CREACI\u00d3N DE OPORTUNIDADES, ES LO VIGENTE<br>3. Mejorar la calidad de vida de la poblaci\u00f3n.<\/td><\/tr><tr><\/tr><\/tbody><\/table><\/figure>\n\n\n\n<p><strong>PRESUPUESTO<\/strong><\/p>\n\n\n\n<figure class=\"wp-block-table is-style-regular\"><table><tbody><tr><td><strong>Presupuesto aporte ULEAM US$<\/strong> 1270,60<\/td><td><strong>Presupuesto entidad auspiciante\/beneficiaria:<\/strong> $00,00<\/td><td><strong>Presupuesto Total:<\/strong><br>US$ 1270,60<\/td><\/tr><tr><\/tr><tr><\/tr><tr><\/tr><\/tbody><\/table><\/figure>\n\n\n\n<div style=\"height:32px\" aria-hidden=\"true\" class=\"wp-block-spacer\"><\/div>\n\n\n\n<p><strong>OBJETIVO DEL PROYECTO<\/strong><\/p>\n\n\n\n<p class=\"has-text-align-center\"><strong><em>OBJETIVO GENERAL<\/em><\/strong><\/p>\n\n\n\n<figure class=\"wp-block-table is-style-regular\"><table><tbody><tr><td>Ejecutar programas de capacitaciones y manejo para el mejoramiento productivo de Sistemas pecuarios en \u00e1rea rural.&nbsp;<\/td><\/tr><tr><\/tr><tr><\/tr><\/tbody><\/table><\/figure>\n\n\n\n<p class=\"has-text-align-center\"><strong><em>OBJETIVOS ESPEC\u00cdFICOS<\/em><\/strong><\/p>\n\n\n\n<figure class=\"wp-block-table is-style-regular\"><table><tbody><tr><td><strong>O.E1:<\/strong> Caracterizar los sistemas productivos de los socios activos de la ASOGAN de la parroquia Atahualpa.<br><br><strong>O.E2:<\/strong> Capacitar en el empleo de t\u00e9cnicas de manejo sostenibles para el mejoramiento de los sistemas pecuarios.<br><br><strong>O.E3:<\/strong> Socializar de resultados.<\/td><\/tr><tr><\/tr><tr><\/tr><tr><\/tr><tr><\/tr><tr><\/tr><\/tbody><\/table><\/figure>\n\n\n\n<div style=\"height:39px\" aria-hidden=\"true\" class=\"wp-block-spacer\"><\/div>\n\n\n\n<div class=\"wp-block-file aligncenter\"><a href=\"https:\/\/departamentos.uleam.edu.ec\/vinculacion-colectividad\/files\/2022\/08\/PROYECTO-MEJORAMIENTO-PRODUCTIVO.pdf\" class=\"wp-block-file__button\" download>Descarga<\/a><\/div>\n","protected":false},"excerpt":{"rendered":"<p>PER\u00cdODO 2021 &#8211; 2024 PROGRAMA: Proyectos de Vinculaci\u00f3n con la Sociedad L\u00cdNEA DE VINCULACI\u00d3N: \u00abProducci\u00f3n y conservaci\u00f3n ambiental\u00bb Autores: Ing. Renato Mendieta Vivas, Mg. Vet. Paola Alvarado, Mg. Nombre de la Facultad<a class=\"moretag\" href=\"https:\/\/departamentos.uleam.edu.ec\/vinculacion-colectividad\/https-departamentos-uleam-edu-ec-vinculacion-colectividad-proyectos2022-capacitacion-en-el-mejoramiento-productivo-de-sistemas-pecuarios-en-el-sector-rural\/\">Leer m\u00e1s&#8230;<\/a><\/p>\n","protected":false},"author":124,"featured_media":0,"parent":0,"menu_order":0,"comment_status":"closed","ping_status":"closed","template":"","meta":{"footnotes":"","_links_to":"","_links_to_target":""},"class_list":["post-4391","page","type-page","status-publish","hentry"],"_links":{"self":[{"href":"https:\/\/departamentos.uleam.edu.ec\/vinculacion-colectividad\/wp-json\/wp\/v2\/pages\/4391","targetHints":{"allow":["GET"]}}],"collection":[{"href":"https:\/\/departamentos.uleam.edu.ec\/vinculacion-colectividad\/wp-json\/wp\/v2\/pages"}],"about":[{"href":"https:\/\/departamentos.uleam.edu.ec\/vinculacion-colectividad\/wp-json\/wp\/v2\/types\/page"}],"author":[{"embeddable":true,"href":"https:\/\/departamentos.uleam.edu.ec\/vinculacion-colectividad\/wp-json\/wp\/v2\/users\/124"}],"replies":[{"embeddable":true,"href":"https:\/\/departamentos.uleam.edu.ec\/vinculacion-colectividad\/wp-json\/wp\/v2\/comments?post=4391"}],"version-history":[{"count":6,"href":"https:\/\/departamentos.uleam.edu.ec\/vinculacion-colectividad\/wp-json\/wp\/v2\/pages\/4391\/revisions"}],"predecessor-version":[{"id":4772,"href":"https:\/\/departamentos.uleam.edu.ec\/vinculacion-colectividad\/wp-json\/wp\/v2\/pages\/4391\/revisions\/4772"}],"wp:attachment":[{"href":"https:\/\/departamentos.uleam.edu.ec\/vinculacion-colectividad\/wp-json\/wp\/v2\/media?parent=4391"}],"curies":[{"name":"wp","href":"https:\/\/api.w.org\/{rel}","templated":true}]}}