{"id":4432,"date":"2022-08-05T10:19:06","date_gmt":"2022-08-05T15:19:06","guid":{"rendered":"https:\/\/departamentos.uleam.edu.ec\/vinculacion-colectividad\/?page_id=4432"},"modified":"2022-08-18T11:30:03","modified_gmt":"2022-08-18T16:30:03","slug":"https-departamentos-uleam-edu-ec-vinculacion-colectividad-proyectos2022-reingenieria-de-los-procesos-de-elaboracion-de-avena-de-la-empresa-quakifresh-ubicada-en-la-ciudad-de-chone-2022-2023","status":"publish","type":"page","link":"https:\/\/departamentos.uleam.edu.ec\/vinculacion-colectividad\/https-departamentos-uleam-edu-ec-vinculacion-colectividad-proyectos2022-reingenieria-de-los-procesos-de-elaboracion-de-avena-de-la-empresa-quakifresh-ubicada-en-la-ciudad-de-chone-2022-2023\/","title":{"rendered":"Reingenier\u00eda de los Procesos de elaboraci\u00f3n de avena de la Empresa QUAKIFRESH ubicada en la ciudad de Chone"},"content":{"rendered":"\n<p class=\"has-text-align-center\" style=\"font-size:24px\">PER\u00cdODO 2022 &#8211; 2023<\/p>\n\n\n\n<p style=\"font-size:18px\">Proyecto de Vinculaci\u00f3n y Emprendimiento <\/p>\n\n\n\n<p style=\"font-size:18px\"><strong><em>L\u00cdNEA DE VINCULACI\u00d3N:<\/em><\/strong>&nbsp;\u00abIngenier\u00eda, Industria, y Construcci\u00f3n para un desarrollo sustentable\u00bb<\/p>\n\n\n\n<div style=\"height:57px\" aria-hidden=\"true\" class=\"wp-block-spacer\"><\/div>\n\n\n\n<figure class=\"wp-block-table is-style-regular\"><table><tbody><tr><td><strong>Autores: <\/strong><br>Mg. Stalin Mendoza Orellana <br>Dr. Marcos Vera Mendoza<\/td><\/tr><tr><\/tr><tr><\/tr><tr><\/tr><tr><\/tr><tr><\/tr><\/tbody><\/table><\/figure>\n\n\n\n<figure class=\"wp-block-table is-style-regular\"><table><tbody><tr><td><strong>Nombre de la Facultad o Unidad Acad\u00e9mica responsable:<\/strong><br>Ingenier\u00eda Industrial&nbsp;<\/td><td><strong>Carrera:<\/strong><br>Ingenier\u00eda Industrial<\/td><td><strong>Tipo Proyecto:<\/strong><br>Vinculaci\u00f3n&nbsp;<\/td><\/tr><tr><\/tr><tr><\/tr><tr><\/tr><tr><td><strong>Dominio Acad\u00e9mico:<\/strong><br>Producci\u00f3n agroindustrial y mar\u00edtima&nbsp;<\/td><td><strong>L\u00ednea de Investigaci\u00f3n:<\/strong><br>Ingenier\u00eda, Industria, y Construcci\u00f3n para un desarrollo sustentable<\/td><td><strong>Convenio:<\/strong><br>Consejo Provincial de Manab\u00ed&nbsp;<\/td><\/tr><tr><\/tr><tr><\/tr><tr><\/tr><tr><td><strong>\u00c1rea del conocimiento:<\/strong><br>Ingenier\u00eda, industria y Construcci\u00f3n&nbsp;<\/td><td><strong>Sub\u00e1rea del conocimiento:<\/strong><br>Industria y producci\u00f3n<\/td><td><strong>Sub\u00e1rea especifica:<\/strong><br>Dise\u00f1o industrial&nbsp;<\/td><\/tr><tr><\/tr><tr><\/tr><tr><\/tr><\/tbody><\/table><\/figure>\n\n\n\n<figure class=\"wp-block-table is-style-regular\"><table><tbody><tr><td><strong>Fecha inicio: <\/strong><br>Mayo 2022<\/td><td><strong>Fecha de Fin Planeado: <\/strong><br>Febrero 2023<\/td><\/tr><tr><\/tr><\/tbody><\/table><\/figure>\n\n\n\n<figure class=\"wp-block-table is-style-regular\"><table><tbody><tr><td><strong>Objetivos del Plan Nacional del Buen Vivir:<\/strong><br>Objetivo 3. Mejorar la calidad del producto.&nbsp;<\/td><\/tr><tr><\/tr><tr><\/tr><\/tbody><\/table><\/figure>\n\n\n\n<p><strong>COBERTURA Y LOCALIZACI\u00d3N<\/strong><\/p>\n\n\n\n<figure class=\"wp-block-table is-style-regular\"><table><tbody><tr><td><strong>Cobertura:<\/strong><br>Cantonal&nbsp;<\/td><td><strong>Zona de Planificaci\u00f3n:<\/strong><br><strong><em>Zona 4:<\/em><\/strong> Manab\u00ed, Santo Domingo de los Ts\u00e1chilas.<\/td><td><strong>Provincia:<\/strong><br>Manab\u00ed&nbsp;<\/td><\/tr><tr><\/tr><tr><\/tr><tr><td><strong>Cant\u00f3n o Cantones: <\/strong><br>Chone<\/td><td><strong>Parroquia\/s:<\/strong> <br>Santa Rita<\/td><td><strong>Barrio\/s:<\/strong> <br>Santa Rita<\/td><\/tr><tr><\/tr><\/tbody><\/table><\/figure>\n\n\n\n<p><strong>PRESUPUESTO<\/strong><\/p>\n\n\n\n<figure class=\"wp-block-table is-style-regular\"><table><tbody><tr><td><strong>Presupuesto aporte ULEAM: <\/strong><br>No aplica<\/td><td><strong>Presupuesto entidad auspiciante\/beneficiaria: <\/strong><br>No aplica<\/td><td><strong>Presupuesto Total: <\/strong><br>US$ 2000 Externo<\/td><\/tr><tr><\/tr><tr><\/tr><tr><\/tr><\/tbody><\/table><\/figure>\n\n\n\n<div style=\"height:35px\" aria-hidden=\"true\" class=\"wp-block-spacer\"><\/div>\n\n\n\n<p><strong>OBJETIVO DEL PROYECTO<\/strong><\/p>\n\n\n\n<p class=\"has-text-align-center\"><strong><em>OBJETIVO GENERAL<\/em><\/strong><\/p>\n\n\n\n<figure class=\"wp-block-table is-style-regular\"><table><tbody><tr><td>Mejorar los procesos productivos de la microempresa QuakiFresh ubicada en la parroquia \u201cSanta Rita\u201d en el cant\u00f3n Chone.<\/td><\/tr><tr><\/tr><tr><\/tr><\/tbody><\/table><\/figure>\n\n\n\n<p class=\"has-text-align-center\"><strong><em>OBJETIVOS ESPEC\u00cdFICOS<\/em><\/strong><\/p>\n\n\n\n<figure class=\"wp-block-table is-style-regular\"><table><tbody><tr><td><strong>O.E1:<\/strong> Evaluar el estado de funcionamiento el\u00e9ctrico y mec\u00e1nico de la planta de producci\u00f3n QuakiFresh.<br><br><strong>O.E2:<\/strong> Dise\u00f1ar un plan de Mantenimiento de la planta QuakiFresh.<br><br><strong>O.E3:<\/strong> Reestructurar los procesos productivos de la planta QuakiFresh.&nbsp;<br><br><strong>O.E4:<\/strong> Elaborar un manual de Buenas Pr\u00e1cticas de Manufactura para la planta QuakiFresh.&nbsp;<\/td><\/tr><tr><\/tr><tr><\/tr><tr><\/tr><tr><\/tr><tr><\/tr><\/tbody><\/table><\/figure>\n\n\n\n<div style=\"height:60px\" aria-hidden=\"true\" class=\"wp-block-spacer\"><\/div>\n\n\n\n<figure class=\"wp-block-gallery columns-3 is-cropped wp-block-gallery-1 is-layout-flex wp-block-gallery-is-layout-flex\"><ul class=\"blocks-gallery-grid\"><li class=\"blocks-gallery-item\"><figure><a href=\"https:\/\/departamentos.uleam.edu.ec\/vinculacion-colectividad\/files\/2022\/08\/WhatsApp-Image-2022-08-11-at-9.30.10-AM-1.jpeg\"><img fetchpriority=\"high\" decoding=\"async\" width=\"768\" height=\"1024\" src=\"https:\/\/departamentos.uleam.edu.ec\/vinculacion-colectividad\/files\/2022\/08\/WhatsApp-Image-2022-08-11-at-9.30.10-AM-1.jpeg\" alt=\"\" data-id=\"4673\" data-link=\"https:\/\/departamentos.uleam.edu.ec\/vinculacion-colectividad\/https-departamentos-uleam-edu-ec-vinculacion-colectividad-proyectos2022-reingenieria-de-los-procesos-de-elaboracion-de-avena-de-la-empresa-quakifresh-ubicada-en-la-ciudad-de-chone-2022-2023\/whatsapp-image-2022-08-11-at-9-30-10-am-1\/\" class=\"wp-image-4673\" srcset=\"https:\/\/departamentos.uleam.edu.ec\/vinculacion-colectividad\/files\/2022\/08\/WhatsApp-Image-2022-08-11-at-9.30.10-AM-1.jpeg 768w, https:\/\/departamentos.uleam.edu.ec\/vinculacion-colectividad\/files\/2022\/08\/WhatsApp-Image-2022-08-11-at-9.30.10-AM-1-225x300.jpeg 225w\" sizes=\"(max-width: 768px) 100vw, 768px\" \/><\/a><\/figure><\/li><li class=\"blocks-gallery-item\"><figure><a href=\"https:\/\/departamentos.uleam.edu.ec\/vinculacion-colectividad\/files\/2022\/08\/WhatsApp-Image-2022-08-11-at-9.30.33-AM-2.jpeg\"><img decoding=\"async\" width=\"1024\" height=\"768\" src=\"https:\/\/departamentos.uleam.edu.ec\/vinculacion-colectividad\/files\/2022\/08\/WhatsApp-Image-2022-08-11-at-9.30.33-AM-2.jpeg\" alt=\"\" data-id=\"4676\" data-link=\"https:\/\/departamentos.uleam.edu.ec\/vinculacion-colectividad\/https-departamentos-uleam-edu-ec-vinculacion-colectividad-proyectos2022-reingenieria-de-los-procesos-de-elaboracion-de-avena-de-la-empresa-quakifresh-ubicada-en-la-ciudad-de-chone-2022-2023\/whatsapp-image-2022-08-11-at-9-30-33-am-2\/\" class=\"wp-image-4676\" srcset=\"https:\/\/departamentos.uleam.edu.ec\/vinculacion-colectividad\/files\/2022\/08\/WhatsApp-Image-2022-08-11-at-9.30.33-AM-2.jpeg 1024w, https:\/\/departamentos.uleam.edu.ec\/vinculacion-colectividad\/files\/2022\/08\/WhatsApp-Image-2022-08-11-at-9.30.33-AM-2-300x225.jpeg 300w, https:\/\/departamentos.uleam.edu.ec\/vinculacion-colectividad\/files\/2022\/08\/WhatsApp-Image-2022-08-11-at-9.30.33-AM-2-768x576.jpeg 768w\" sizes=\"(max-width: 1024px) 100vw, 1024px\" \/><\/a><\/figure><\/li><li class=\"blocks-gallery-item\"><figure><a href=\"https:\/\/departamentos.uleam.edu.ec\/vinculacion-colectividad\/files\/2022\/08\/WhatsApp-Image-2022-08-11-at-9.31.16-AM-1.jpeg\"><img decoding=\"async\" width=\"768\" height=\"1024\" src=\"https:\/\/departamentos.uleam.edu.ec\/vinculacion-colectividad\/files\/2022\/08\/WhatsApp-Image-2022-08-11-at-9.31.16-AM-1.jpeg\" alt=\"\" data-id=\"4678\" data-link=\"https:\/\/departamentos.uleam.edu.ec\/vinculacion-colectividad\/https-departamentos-uleam-edu-ec-vinculacion-colectividad-proyectos2022-reingenieria-de-los-procesos-de-elaboracion-de-avena-de-la-empresa-quakifresh-ubicada-en-la-ciudad-de-chone-2022-2023\/whatsapp-image-2022-08-11-at-9-31-16-am-1\/\" class=\"wp-image-4678\" srcset=\"https:\/\/departamentos.uleam.edu.ec\/vinculacion-colectividad\/files\/2022\/08\/WhatsApp-Image-2022-08-11-at-9.31.16-AM-1.jpeg 768w, https:\/\/departamentos.uleam.edu.ec\/vinculacion-colectividad\/files\/2022\/08\/WhatsApp-Image-2022-08-11-at-9.31.16-AM-1-225x300.jpeg 225w\" sizes=\"(max-width: 768px) 100vw, 768px\" \/><\/a><\/figure><\/li><li class=\"blocks-gallery-item\"><figure><a href=\"https:\/\/departamentos.uleam.edu.ec\/vinculacion-colectividad\/files\/2022\/08\/WhatsApp-Image-2022-08-11-at-9.31.16-AM.jpeg\"><img loading=\"lazy\" decoding=\"async\" width=\"768\" height=\"1024\" src=\"https:\/\/departamentos.uleam.edu.ec\/vinculacion-colectividad\/files\/2022\/08\/WhatsApp-Image-2022-08-11-at-9.31.16-AM.jpeg\" alt=\"\" data-id=\"4679\" data-link=\"https:\/\/departamentos.uleam.edu.ec\/vinculacion-colectividad\/https-departamentos-uleam-edu-ec-vinculacion-colectividad-proyectos2022-reingenieria-de-los-procesos-de-elaboracion-de-avena-de-la-empresa-quakifresh-ubicada-en-la-ciudad-de-chone-2022-2023\/whatsapp-image-2022-08-11-at-9-31-16-am\/\" class=\"wp-image-4679\" srcset=\"https:\/\/departamentos.uleam.edu.ec\/vinculacion-colectividad\/files\/2022\/08\/WhatsApp-Image-2022-08-11-at-9.31.16-AM.jpeg 768w, https:\/\/departamentos.uleam.edu.ec\/vinculacion-colectividad\/files\/2022\/08\/WhatsApp-Image-2022-08-11-at-9.31.16-AM-225x300.jpeg 225w\" sizes=\"(max-width: 768px) 100vw, 768px\" \/><\/a><\/figure><\/li><li class=\"blocks-gallery-item\"><figure><a href=\"https:\/\/departamentos.uleam.edu.ec\/vinculacion-colectividad\/files\/2022\/08\/WhatsApp-Image-2022-08-11-at-9.31.17-AM-1.jpeg\"><img loading=\"lazy\" decoding=\"async\" width=\"1024\" height=\"768\" src=\"https:\/\/departamentos.uleam.edu.ec\/vinculacion-colectividad\/files\/2022\/08\/WhatsApp-Image-2022-08-11-at-9.31.17-AM-1.jpeg\" alt=\"\" data-id=\"4680\" data-link=\"https:\/\/departamentos.uleam.edu.ec\/vinculacion-colectividad\/https-departamentos-uleam-edu-ec-vinculacion-colectividad-proyectos2022-reingenieria-de-los-procesos-de-elaboracion-de-avena-de-la-empresa-quakifresh-ubicada-en-la-ciudad-de-chone-2022-2023\/whatsapp-image-2022-08-11-at-9-31-17-am-1\/\" class=\"wp-image-4680\" srcset=\"https:\/\/departamentos.uleam.edu.ec\/vinculacion-colectividad\/files\/2022\/08\/WhatsApp-Image-2022-08-11-at-9.31.17-AM-1.jpeg 1024w, https:\/\/departamentos.uleam.edu.ec\/vinculacion-colectividad\/files\/2022\/08\/WhatsApp-Image-2022-08-11-at-9.31.17-AM-1-300x225.jpeg 300w, https:\/\/departamentos.uleam.edu.ec\/vinculacion-colectividad\/files\/2022\/08\/WhatsApp-Image-2022-08-11-at-9.31.17-AM-1-768x576.jpeg 768w\" sizes=\"(max-width: 1024px) 100vw, 1024px\" \/><\/a><\/figure><\/li><li class=\"blocks-gallery-item\"><figure><a href=\"https:\/\/departamentos.uleam.edu.ec\/vinculacion-colectividad\/files\/2022\/08\/WhatsApp-Image-2022-08-11-at-9.31.18-AM.jpeg\"><img loading=\"lazy\" decoding=\"async\" width=\"1024\" height=\"768\" src=\"https:\/\/departamentos.uleam.edu.ec\/vinculacion-colectividad\/files\/2022\/08\/WhatsApp-Image-2022-08-11-at-9.31.18-AM.jpeg\" alt=\"\" data-id=\"4681\" data-link=\"https:\/\/departamentos.uleam.edu.ec\/vinculacion-colectividad\/https-departamentos-uleam-edu-ec-vinculacion-colectividad-proyectos2022-reingenieria-de-los-procesos-de-elaboracion-de-avena-de-la-empresa-quakifresh-ubicada-en-la-ciudad-de-chone-2022-2023\/whatsapp-image-2022-08-11-at-9-31-18-am\/\" class=\"wp-image-4681\" srcset=\"https:\/\/departamentos.uleam.edu.ec\/vinculacion-colectividad\/files\/2022\/08\/WhatsApp-Image-2022-08-11-at-9.31.18-AM.jpeg 1024w, https:\/\/departamentos.uleam.edu.ec\/vinculacion-colectividad\/files\/2022\/08\/WhatsApp-Image-2022-08-11-at-9.31.18-AM-300x225.jpeg 300w, https:\/\/departamentos.uleam.edu.ec\/vinculacion-colectividad\/files\/2022\/08\/WhatsApp-Image-2022-08-11-at-9.31.18-AM-768x576.jpeg 768w\" sizes=\"(max-width: 1024px) 100vw, 1024px\" \/><\/a><\/figure><\/li><li class=\"blocks-gallery-item\"><figure><a href=\"https:\/\/departamentos.uleam.edu.ec\/vinculacion-colectividad\/files\/2022\/08\/WhatsApp-Image-2022-08-11-at-9.30.34-AM-1-1.jpeg\"><img loading=\"lazy\" decoding=\"async\" width=\"1024\" height=\"768\" src=\"https:\/\/departamentos.uleam.edu.ec\/vinculacion-colectividad\/files\/2022\/08\/WhatsApp-Image-2022-08-11-at-9.30.34-AM-1-1.jpeg\" alt=\"\" data-id=\"4682\" data-full-url=\"https:\/\/departamentos.uleam.edu.ec\/vinculacion-colectividad\/files\/2022\/08\/WhatsApp-Image-2022-08-11-at-9.30.34-AM-1-1.jpeg\" data-link=\"https:\/\/departamentos.uleam.edu.ec\/vinculacion-colectividad\/https-departamentos-uleam-edu-ec-vinculacion-colectividad-proyectos2022-reingenieria-de-los-procesos-de-elaboracion-de-avena-de-la-empresa-quakifresh-ubicada-en-la-ciudad-de-chone-2022-2023\/whatsapp-image-2022-08-11-at-9-30-34-am-1-1\/\" class=\"wp-image-4682\" srcset=\"https:\/\/departamentos.uleam.edu.ec\/vinculacion-colectividad\/files\/2022\/08\/WhatsApp-Image-2022-08-11-at-9.30.34-AM-1-1.jpeg 1024w, https:\/\/departamentos.uleam.edu.ec\/vinculacion-colectividad\/files\/2022\/08\/WhatsApp-Image-2022-08-11-at-9.30.34-AM-1-1-300x225.jpeg 300w, https:\/\/departamentos.uleam.edu.ec\/vinculacion-colectividad\/files\/2022\/08\/WhatsApp-Image-2022-08-11-at-9.30.34-AM-1-1-768x576.jpeg 768w\" sizes=\"(max-width: 1024px) 100vw, 1024px\" \/><\/a><\/figure><\/li><\/ul><\/figure>\n\n\n\n<div style=\"height:60px\" aria-hidden=\"true\" class=\"wp-block-spacer\"><\/div>\n\n\n\n<div class=\"wp-block-file aligncenter\"><a href=\"https:\/\/departamentos.uleam.edu.ec\/vinculacion-colectividad\/files\/2022\/08\/PVV-01-F-001-QUAKIFRESH.pdf\" class=\"wp-block-file__button\" download>Descarga<\/a><\/div>\n","protected":false},"excerpt":{"rendered":"<p>PER\u00cdODO 2022 &#8211; 2023 Proyecto de Vinculaci\u00f3n y Emprendimiento L\u00cdNEA DE VINCULACI\u00d3N:&nbsp;\u00abIngenier\u00eda, Industria, y Construcci\u00f3n para un desarrollo sustentable\u00bb Autores: Mg. Stalin Mendoza Orellana Dr. Marcos Vera Mendoza Nombre de la Facultad<a class=\"moretag\" href=\"https:\/\/departamentos.uleam.edu.ec\/vinculacion-colectividad\/https-departamentos-uleam-edu-ec-vinculacion-colectividad-proyectos2022-reingenieria-de-los-procesos-de-elaboracion-de-avena-de-la-empresa-quakifresh-ubicada-en-la-ciudad-de-chone-2022-2023\/\">Leer m\u00e1s&#8230;<\/a><\/p>\n","protected":false},"author":124,"featured_media":0,"parent":0,"menu_order":0,"comment_status":"closed","ping_status":"closed","template":"","meta":{"footnotes":"","_links_to":"","_links_to_target":""},"class_list":["post-4432","page","type-page","status-publish","hentry"],"_links":{"self":[{"href":"https:\/\/departamentos.uleam.edu.ec\/vinculacion-colectividad\/wp-json\/wp\/v2\/pages\/4432","targetHints":{"allow":["GET"]}}],"collection":[{"href":"https:\/\/departamentos.uleam.edu.ec\/vinculacion-colectividad\/wp-json\/wp\/v2\/pages"}],"about":[{"href":"https:\/\/departamentos.uleam.edu.ec\/vinculacion-colectividad\/wp-json\/wp\/v2\/types\/page"}],"author":[{"embeddable":true,"href":"https:\/\/departamentos.uleam.edu.ec\/vinculacion-colectividad\/wp-json\/wp\/v2\/users\/124"}],"replies":[{"embeddable":true,"href":"https:\/\/departamentos.uleam.edu.ec\/vinculacion-colectividad\/wp-json\/wp\/v2\/comments?post=4432"}],"version-history":[{"count":5,"href":"https:\/\/departamentos.uleam.edu.ec\/vinculacion-colectividad\/wp-json\/wp\/v2\/pages\/4432\/revisions"}],"predecessor-version":[{"id":4781,"href":"https:\/\/departamentos.uleam.edu.ec\/vinculacion-colectividad\/wp-json\/wp\/v2\/pages\/4432\/revisions\/4781"}],"wp:attachment":[{"href":"https:\/\/departamentos.uleam.edu.ec\/vinculacion-colectividad\/wp-json\/wp\/v2\/media?parent=4432"}],"curies":[{"name":"wp","href":"https:\/\/api.w.org\/{rel}","templated":true}]}}