{"id":5011,"date":"2022-09-13T11:49:23","date_gmt":"2022-09-13T16:49:23","guid":{"rendered":"https:\/\/departamentos.uleam.edu.ec\/vinculacion-colectividad\/?page_id=5011"},"modified":"2022-09-15T08:44:48","modified_gmt":"2022-09-15T13:44:48","slug":"https-departamentos-uleam-edu-ec-vinculacion-colectividad-proyectos2022-plan-vacuna-uleam-para-reducir-la-morbilidad-grave-y-la-mortalidad-causada-por-la-pandemia-del-covid-19","status":"publish","type":"page","link":"https:\/\/departamentos.uleam.edu.ec\/vinculacion-colectividad\/https-departamentos-uleam-edu-ec-vinculacion-colectividad-proyectos2022-plan-vacuna-uleam-para-reducir-la-morbilidad-grave-y-la-mortalidad-causada-por-la-pandemia-del-covid-19\/","title":{"rendered":"Plan vacuna ULEAM para reducir la morbilidad grave y la mortalidad causada por la pandemia del COVID 19."},"content":{"rendered":"\n<p class=\"has-text-align-center\" style=\"font-size:26px\">PER\u00cdODO ACAD\u00c9MICO 2021&nbsp;<\/p>\n\n\n\n<p style=\"font-size:18px\">Proyecto Institucional de Vinculaci\u00f3n con la Sociedad<\/p>\n\n\n\n<p style=\"font-size:18px\"><strong><em>L\u00cdNEA DE VINCULACI\u00d3N:<\/em><\/strong>&nbsp;\u201cAcciones preventivas de la salud\u201d<\/p>\n\n\n\n<div style=\"height:70px\" aria-hidden=\"true\" class=\"wp-block-spacer\"><\/div>\n\n\n\n<figure class=\"wp-block-table is-style-regular\"><table><tbody><tr><td><strong>Elaborado por: <\/strong><br>Dr. Marcos Tulio Zambrano Zambrano, Phd<br>Dra. C. Lourdes Mora Pisco<br>Dra. Natacha Pahola D\u00edaz Rodr\u00edguez<br>Dra. Daysi Beatriz Soto Calder\u00f3n<br>Dr. Nakin Alberto V\u00e9liz Mero, Mg<br>Lcda. Mirian Del Roc\u00edo Santos \u00c1lvarez, Mg<br>Lcda. Lourdes Bello Carrasco, Mg<br>Lcda. Magdalena Berm\u00fadez Villacreses, Mg<\/td><\/tr><tr><\/tr><tr><\/tr><tr><\/tr><tr><\/tr><tr><\/tr><\/tbody><\/table><\/figure>\n\n\n\n<figure class=\"wp-block-table is-style-regular\"><table><tbody><tr><td><strong>Nombre de la Facultad o Unidad Acad\u00e9mica Responsable:<\/strong><br>Direcci\u00f3n de Vinculaci\u00f3n y Emprendimiento ULEAM<\/td><td><strong>Carrera: <\/strong><br>Matriz y Extensiones<\/td><td><strong>Convenios:<\/strong> <br>MSP<\/td><\/tr><tr><\/tr><tr><\/tr><tr><\/tr><tr><td><strong>\u00c1rea del conocimiento:<\/strong><br>Salud y bienestar<\/td><td><strong>Sub\u00e1rea del<br>conocimiento:<\/strong><br>72 Medicina<\/td><td><strong>Sub\u00e1rea espec\u00edfica:<\/strong><br>Servicio de Salud<br>P\u00fablica<\/td><\/tr><tr><\/tr><tr><\/tr><tr><\/tr><tr><td><strong>L\u00ednea de Investigaci\u00f3n:<\/strong><br>Salud, Cultura F\u00edsica y Servicios Sociales<\/td><td><strong>L\u00ednea de<br>Vinculaci\u00f3n:<\/strong><br>Acciones preventivas<br>en salud<\/td><td><strong>Tipo de Proyecto:<\/strong><br>Intervenci\u00f3n Social<\/td><\/tr><tr><\/tr><tr><\/tr><tr><\/tr><tr><td><strong>Campo amplio:<\/strong><br>Salud y Bienestar<\/td><td><strong>Campo espec\u00edfico:<\/strong><br>Acciones Preventivas<\/td><td><strong>Dominio:<\/strong><br>Salud y Bienestar<br>Humano<\/td><\/tr><tr><\/tr><tr><\/tr><tr><\/tr><tr><td><strong>Objetivo de Desarrollo Sostenible: <\/strong><br><strong><em>Objetivo 3:<\/em><\/strong> Garantizar una vida sana y<br>promover el bienestar en todas las<br>edades.<\/td><td><strong>Fecha de Inicio Planificado:<\/strong><br> Junio 2021<\/td><td><strong>Fecha de Fin Planeado: <\/strong><br>Abril 2022<\/td><\/tr><tr><\/tr><tr><\/tr><tr><\/tr><\/tbody><\/table><\/figure>\n\n\n\n<p><strong>FUENTES DE INFORMACI\u00d3N<\/strong><\/p>\n\n\n\n<figure class=\"wp-block-table is-style-regular\"><table><tbody><tr><td>\u2022 Objetivos de Desarrollo Sostenible<br>\u2022 INEC Indicadores.<br>\u2022 Objetivos Estrat\u00e9gicos del PEDI<br>\u2022 Bolet\u00edn epidemiol\u00f3gico zonal 4<br>\u2022 Plan Creando Oportunidades<br>\u2022 Bolet\u00edn epidemiol\u00f3gico de la Secretar\u00eda de Gesti\u00f3n de Riesgos<\/td><\/tr><tr><\/tr><tr><\/tr><tr><\/tr><tr><\/tr><tr><\/tr><tr><\/tr><tr><\/tr><\/tbody><\/table><\/figure>\n\n\n\n<p><strong>COBERTURA Y LOCALIZACI\u00d3N<\/strong><\/p>\n\n\n\n<figure class=\"wp-block-table is-style-regular\"><table><tbody><tr><td><strong>Alcance territorial: <\/strong><br>Provincial&nbsp;<\/td><td><strong>Zona de Planificaci\u00f3n: <br><em>Zona 4:<\/em><\/strong> Manab\u00ed, Santo Domingo de los Ts\u00e1chilas.<\/td><\/tr><tr><\/tr><tr><td><strong>Cant\u00f3n o Cantones: <\/strong><br>Manta, El Carmen, Chone, Tosagua, Sucre<br>y Pedernales<\/td><td><strong>Provincia:<\/strong> <br>Manab\u00ed&nbsp;<\/td><\/tr><tr><\/tr><\/tbody><\/table><\/figure>\n\n\n\n<p><strong>PRESUPUESTO<\/strong><\/p>\n\n\n\n<figure class=\"wp-block-table is-style-regular\"><table><tbody><tr><td><strong>Presupuesto financiar por la IES: <\/strong><br>Desde los recursos en la asignaci\u00f3n de horas de gesti\u00f3n a docentes, personal administrativo y de servicios y autogesti\u00f3n desde cada facultad con los responsables de la comisi\u00f3n de vinculaci\u00f3n y decanos.<br>TOTAL: $ 300000,00<\/td><td><strong>Presupuesto total de aliados estrat\u00e9gicos: <\/strong><br>No aplica<\/td><\/tr><tr><\/tr><\/tbody><\/table><\/figure>\n\n\n\n<div style=\"height:39px\" aria-hidden=\"true\" class=\"wp-block-spacer\"><\/div>\n\n\n\n<p><strong>OBJETIVO DEL PROYECTO<\/strong><\/p>\n\n\n\n<p class=\"has-text-align-center\"><strong><em>OBJETIVO GENERAL<\/em><\/strong><\/p>\n\n\n\n<figure class=\"wp-block-table is-style-regular\"><table><tbody><tr><td>Contribuir con el Plan Nacional de Vacunaci\u00f3n, a trav\u00e9s de la Direcci\u00f3n de Vinculaci\u00f3n y Emprendimiento en conjunto con el colectivo Docente, Estudiantes, Personal Administrativo y de Servicios, de la Universidad Laica \u201cEloy Alfaro\u201d de Manab\u00ed en la matriz de Manta y en las Extensiones: El Carmen, Chone, Tosagua, Sucre y Pedernales, para reducir la morbilidad grave y la mortalidad causada por la pandemia de la COVID19.<\/td><\/tr><tr><\/tr><tr><\/tr><\/tbody><\/table><\/figure>\n\n\n\n<p class=\"has-text-align-center\"><strong><em>OBJETIVOS ESPEC\u00cdFICOS<\/em><\/strong><\/p>\n\n\n\n<figure class=\"wp-block-table is-style-regular\"><table><tbody><tr><td><strong>O.E1:<\/strong> Conformar la Mesa T\u00e9cnica para definir responsabilidades y organizaci\u00f3n log\u00edstica.<br><br><strong>O.E2:<\/strong> Inocular a la poblaci\u00f3n objetivo para reducir la morbilidad grave y la mortalidad causada por la pandemia de la Covid-19.<br><br><strong>O.E3:<\/strong> Evaluar el impacto de la aplicaci\u00f3n de las dosis seg\u00fan tipo de biol\u00f3gico, en la Universidad Laica Eloy Alfaro de Manab\u00ed.<\/td><\/tr><tr><\/tr><tr><\/tr><tr><\/tr><tr><\/tr><tr><\/tr><\/tbody><\/table><\/figure>\n\n\n\n<div style=\"height:40px\" aria-hidden=\"true\" class=\"wp-block-spacer\"><\/div>\n\n\n\n<div class=\"wp-block-file aligncenter\"><a href=\"https:\/\/departamentos.uleam.edu.ec\/vinculacion-colectividad\/files\/2022\/09\/DIRECCION-DE-VINCULACION-PLAN-VACUNACION-ULEAM-2-1.pdf\" class=\"wp-block-file__button\" download>Descarga<\/a><\/div>\n","protected":false},"excerpt":{"rendered":"<p>PER\u00cdODO ACAD\u00c9MICO 2021&nbsp; Proyecto Institucional de Vinculaci\u00f3n con la Sociedad L\u00cdNEA DE VINCULACI\u00d3N:&nbsp;\u201cAcciones preventivas de la salud\u201d Elaborado por: Dr. Marcos Tulio Zambrano Zambrano, PhdDra. C. Lourdes Mora PiscoDra. Natacha Pahola D\u00edaz<a class=\"moretag\" href=\"https:\/\/departamentos.uleam.edu.ec\/vinculacion-colectividad\/https-departamentos-uleam-edu-ec-vinculacion-colectividad-proyectos2022-plan-vacuna-uleam-para-reducir-la-morbilidad-grave-y-la-mortalidad-causada-por-la-pandemia-del-covid-19\/\">Leer m\u00e1s&#8230;<\/a><\/p>\n","protected":false},"author":124,"featured_media":0,"parent":0,"menu_order":0,"comment_status":"closed","ping_status":"closed","template":"","meta":{"footnotes":"","_links_to":"","_links_to_target":""},"class_list":["post-5011","page","type-page","status-publish","hentry"],"_links":{"self":[{"href":"https:\/\/departamentos.uleam.edu.ec\/vinculacion-colectividad\/wp-json\/wp\/v2\/pages\/5011","targetHints":{"allow":["GET"]}}],"collection":[{"href":"https:\/\/departamentos.uleam.edu.ec\/vinculacion-colectividad\/wp-json\/wp\/v2\/pages"}],"about":[{"href":"https:\/\/departamentos.uleam.edu.ec\/vinculacion-colectividad\/wp-json\/wp\/v2\/types\/page"}],"author":[{"embeddable":true,"href":"https:\/\/departamentos.uleam.edu.ec\/vinculacion-colectividad\/wp-json\/wp\/v2\/users\/124"}],"replies":[{"embeddable":true,"href":"https:\/\/departamentos.uleam.edu.ec\/vinculacion-colectividad\/wp-json\/wp\/v2\/comments?post=5011"}],"version-history":[{"count":7,"href":"https:\/\/departamentos.uleam.edu.ec\/vinculacion-colectividad\/wp-json\/wp\/v2\/pages\/5011\/revisions"}],"predecessor-version":[{"id":5049,"href":"https:\/\/departamentos.uleam.edu.ec\/vinculacion-colectividad\/wp-json\/wp\/v2\/pages\/5011\/revisions\/5049"}],"wp:attachment":[{"href":"https:\/\/departamentos.uleam.edu.ec\/vinculacion-colectividad\/wp-json\/wp\/v2\/media?parent=5011"}],"curies":[{"name":"wp","href":"https:\/\/api.w.org\/{rel}","templated":true}]}}