{"id":5080,"date":"2022-09-20T10:28:01","date_gmt":"2022-09-20T15:28:01","guid":{"rendered":"https:\/\/departamentos.uleam.edu.ec\/vinculacion-colectividad\/?page_id=5080"},"modified":"2022-09-20T11:52:05","modified_gmt":"2022-09-20T16:52:05","slug":"https-departamentos-uleam-edu-ec-vinculacion-colectividad-talento-humano-2-dra-c-lilia-lourdes-mora-piscos","status":"publish","type":"page","link":"https:\/\/departamentos.uleam.edu.ec\/vinculacion-colectividad\/https-departamentos-uleam-edu-ec-vinculacion-colectividad-talento-humano-2-dra-c-lilia-lourdes-mora-piscos\/","title":{"rendered":"Dra. C. Lilia Lourdes Mora Piscos"},"content":{"rendered":"\n<div class=\"wp-block-image\"><figure class=\"aligncenter size-large is-resized\"><a href=\"https:\/\/departamentos.uleam.edu.ec\/vinculacion-colectividad\/files\/2022\/09\/WhatsApp-Image-2022-09-20-at-08.50.17-1-1.jpeg\"><img fetchpriority=\"high\" decoding=\"async\" src=\"https:\/\/departamentos.uleam.edu.ec\/vinculacion-colectividad\/files\/2022\/09\/WhatsApp-Image-2022-09-20-at-08.50.17-1-1-1024x683.jpeg\" alt=\"\" class=\"wp-image-5070\" width=\"452\" height=\"301\" srcset=\"https:\/\/departamentos.uleam.edu.ec\/vinculacion-colectividad\/files\/2022\/09\/WhatsApp-Image-2022-09-20-at-08.50.17-1-1-1024x683.jpeg 1024w, https:\/\/departamentos.uleam.edu.ec\/vinculacion-colectividad\/files\/2022\/09\/WhatsApp-Image-2022-09-20-at-08.50.17-1-1-300x200.jpeg 300w, https:\/\/departamentos.uleam.edu.ec\/vinculacion-colectividad\/files\/2022\/09\/WhatsApp-Image-2022-09-20-at-08.50.17-1-1-768x512.jpeg 768w, https:\/\/departamentos.uleam.edu.ec\/vinculacion-colectividad\/files\/2022\/09\/WhatsApp-Image-2022-09-20-at-08.50.17-1-1-1536x1024.jpeg 1536w, https:\/\/departamentos.uleam.edu.ec\/vinculacion-colectividad\/files\/2022\/09\/WhatsApp-Image-2022-09-20-at-08.50.17-1-1.jpeg 1599w\" sizes=\"(max-width: 452px) 100vw, 452px\" \/><\/a><\/figure><\/div>\n\n\n\n<p style=\"font-size:18px\"><strong>NIVEL DE FORMACI\u00d3N A FIN A LA ASIGATURA: POSTGRADO<\/strong><\/p>\n\n\n\n<figure class=\"wp-block-table is-style-stripes\"><table><tbody><tr><td class=\"has-text-align-center\" data-align=\"center\"><strong>T\u00cdTULO<\/strong><\/td><td class=\"has-text-align-center\" data-align=\"center\"><strong>INSTITUCI\u00d3N<\/strong><\/td><td class=\"has-text-align-center\" data-align=\"center\"><strong>LUGAR DE OBTENCI\u00d3N DEL T\u00cdTULO<\/strong><\/td><td class=\"has-text-align-center\" data-align=\"center\"><strong>REGISTRO DEL SENESCYT<\/strong><\/td><\/tr><tr><td class=\"has-text-align-center\" data-align=\"center\">DOCTORA EN CIENCIAS<br>ECON\u00d3MICAS\/ESPECIALIDAD<br>TURISMO<\/td><td class=\"has-text-align-center\" data-align=\"center\">UNIVERSIDAD DE LA HABANA<\/td><td class=\"has-text-align-center\" data-align=\"center\">CUBA<\/td><td class=\"has-text-align-center\" data-align=\"center\">1921187283<\/td><\/tr><tr><td class=\"has-text-align-center\" data-align=\"center\">MASTER EN GESTI\u00d3N TUR\u00cdSTICA<\/td><td class=\"has-text-align-center\" data-align=\"center\">UNIVERSIDAD DE LA HABANA<\/td><td class=\"has-text-align-center\" data-align=\"center\">CUBA<\/td><td class=\"has-text-align-center\" data-align=\"center\">1921103724<\/td><\/tr><tr><td class=\"has-text-align-center\" data-align=\"center\">ESPECIALISTA EN DISE\u00d1O<br>CURRICULAR POR COMPETENCIA<\/td><td class=\"has-text-align-center\" data-align=\"center\">UNIVERSIDAD DEL MAR CHILE<\/td><td class=\"has-text-align-center\" data-align=\"center\">CHILE<\/td><td class=\"has-text-align-center\" data-align=\"center\">1016R-10-7449<\/td><\/tr><\/tbody><\/table><\/figure>\n\n\n\n<p> <strong>NIVEL DE FORMACI\u00d3N A FIN A LA ASIGATURA: GRADO<\/strong> <\/p>\n\n\n\n<figure class=\"wp-block-table is-style-stripes\"><table><tbody><tr><td class=\"has-text-align-center\" data-align=\"center\"><strong> T\u00cdTULO<\/strong> <\/td><td class=\"has-text-align-center\" data-align=\"center\"><strong> INSTITUCI\u00d3N <\/strong><\/td><td class=\"has-text-align-center\" data-align=\"center\"><strong>LUGAR DE OBTENCI\u00d3N DEL T\u00cdTULO <\/strong><\/td><td class=\"has-text-align-center\" data-align=\"center\"><strong>REGISTRO DEL SENESCYT<\/strong><\/td><\/tr><tr><td class=\"has-text-align-center\" data-align=\"center\">ING. ADMINISTRACI\u00d3N DE EMPRESAS HOTELERAS<\/td><td class=\"has-text-align-center\" data-align=\"center\">UNIVERSIDAD LAICA ELOY ALFARO DE MANAB\u00cd<\/td><td class=\"has-text-align-center\" data-align=\"center\">ECUADOR<\/td><td class=\"has-text-align-center\" data-align=\"center\">1016-08-829298<\/td><\/tr><tr><td class=\"has-text-align-center\" data-align=\"center\">SECRETARIA EJECUTIVA<\/td><td class=\"has-text-align-center\" data-align=\"center\"> UNIVERSIDAD LAICA ELOY ALFARO DE MANAB\u00cd <\/td><td class=\"has-text-align-center\" data-align=\"center\">ECUADOR<\/td><td class=\"has-text-align-center\" data-align=\"center\">1016-02-203497<\/td><\/tr><\/tbody><\/table><\/figure>\n\n\n\n<p style=\"font-size:18px\">Reconocimiento como GESTORA ACAD\u00c9MICA por ReinvenTUR c\u00e1pitulo Manab\u00ed 2022 <\/p>\n\n\n\n<p style=\"font-size:18px\">Trabajo de Titulaci\u00f3n previo a la obtenci\u00f3n de grado cient\u00edfico de Doctora, Tema<strong><em>: \u201cPROGRAMA DE DESARROLLO ESTRATEGICO DEL TURISMO INTERNACIONAL COMO FACTOR DE CAMBIO DE LA MATRIZ PRODUCTIVA DE ECUADOR\u201d<\/em><\/strong><\/p>\n","protected":false},"excerpt":{"rendered":"<p>NIVEL DE FORMACI\u00d3N A FIN A LA ASIGATURA: POSTGRADO T\u00cdTULO INSTITUCI\u00d3N LUGAR DE OBTENCI\u00d3N DEL T\u00cdTULO REGISTRO DEL SENESCYT DOCTORA EN CIENCIASECON\u00d3MICAS\/ESPECIALIDADTURISMO UNIVERSIDAD DE LA HABANA CUBA 1921187283 MASTER EN GESTI\u00d3N TUR\u00cdSTICA<a class=\"moretag\" href=\"https:\/\/departamentos.uleam.edu.ec\/vinculacion-colectividad\/https-departamentos-uleam-edu-ec-vinculacion-colectividad-talento-humano-2-dra-c-lilia-lourdes-mora-piscos\/\">Leer m\u00e1s&#8230;<\/a><\/p>\n","protected":false},"author":136,"featured_media":0,"parent":0,"menu_order":0,"comment_status":"closed","ping_status":"closed","template":"","meta":{"footnotes":"","_links_to":"","_links_to_target":""},"class_list":["post-5080","page","type-page","status-publish","hentry"],"_links":{"self":[{"href":"https:\/\/departamentos.uleam.edu.ec\/vinculacion-colectividad\/wp-json\/wp\/v2\/pages\/5080","targetHints":{"allow":["GET"]}}],"collection":[{"href":"https:\/\/departamentos.uleam.edu.ec\/vinculacion-colectividad\/wp-json\/wp\/v2\/pages"}],"about":[{"href":"https:\/\/departamentos.uleam.edu.ec\/vinculacion-colectividad\/wp-json\/wp\/v2\/types\/page"}],"author":[{"embeddable":true,"href":"https:\/\/departamentos.uleam.edu.ec\/vinculacion-colectividad\/wp-json\/wp\/v2\/users\/136"}],"replies":[{"embeddable":true,"href":"https:\/\/departamentos.uleam.edu.ec\/vinculacion-colectividad\/wp-json\/wp\/v2\/comments?post=5080"}],"version-history":[{"count":5,"href":"https:\/\/departamentos.uleam.edu.ec\/vinculacion-colectividad\/wp-json\/wp\/v2\/pages\/5080\/revisions"}],"predecessor-version":[{"id":5091,"href":"https:\/\/departamentos.uleam.edu.ec\/vinculacion-colectividad\/wp-json\/wp\/v2\/pages\/5080\/revisions\/5091"}],"wp:attachment":[{"href":"https:\/\/departamentos.uleam.edu.ec\/vinculacion-colectividad\/wp-json\/wp\/v2\/media?parent=5080"}],"curies":[{"name":"wp","href":"https:\/\/api.w.org\/{rel}","templated":true}]}}