{"id":5093,"date":"2022-09-20T11:54:31","date_gmt":"2022-09-20T16:54:31","guid":{"rendered":"https:\/\/departamentos.uleam.edu.ec\/vinculacion-colectividad\/?page_id=5093"},"modified":"2022-09-20T11:54:31","modified_gmt":"2022-09-20T16:54:31","slug":"dr-naki-alberto-veliz-mero","status":"publish","type":"page","link":"https:\/\/departamentos.uleam.edu.ec\/vinculacion-colectividad\/dr-naki-alberto-veliz-mero\/","title":{"rendered":"Dr. Naki Alberto Veliz Mero"},"content":{"rendered":"\n<div class=\"wp-block-image\"><figure class=\"aligncenter is-resized\"><img fetchpriority=\"high\" decoding=\"async\" src=\"https:\/\/departamentos.uleam.edu.ec\/vinculacion-colectividad\/files\/2022\/09\/WhatsApp-Image-2022-09-20-at-07.58.39-1-2-1024x682.jpeg\" alt=\"\" class=\"wp-image-5065\" width=\"454\" height=\"303\" srcset=\"https:\/\/departamentos.uleam.edu.ec\/vinculacion-colectividad\/files\/2022\/09\/WhatsApp-Image-2022-09-20-at-07.58.39-1-2-1024x682.jpeg 1024w, https:\/\/departamentos.uleam.edu.ec\/vinculacion-colectividad\/files\/2022\/09\/WhatsApp-Image-2022-09-20-at-07.58.39-1-2-300x200.jpeg 300w, https:\/\/departamentos.uleam.edu.ec\/vinculacion-colectividad\/files\/2022\/09\/WhatsApp-Image-2022-09-20-at-07.58.39-1-2-768x512.jpeg 768w, https:\/\/departamentos.uleam.edu.ec\/vinculacion-colectividad\/files\/2022\/09\/WhatsApp-Image-2022-09-20-at-07.58.39-1-2.jpeg 1280w\" sizes=\"(max-width: 454px) 100vw, 454px\" \/><\/figure><\/div>\n\n\n\n<p>Profesor titular Agregado, con titulaci\u00f3n de Doctor en Medicina y Cirug\u00eda, con t\u00edtulos de cuarto nivel en: Gerencia en Salud para el Desarrollo Local y Gesti\u00f3n y Desarrollo Social. Doctorante en Ciencias M\u00e9dicas en la Universidad del Zulia \u2013 Maracaibo, Venezuela. Investigador, l\u00edder de proyecto institucional y actual docente gestor de la Direcci\u00f3n de Vinculaci\u00f3n y Emprendimiento de la ULEAM. Autor de publicaciones en revistas indexadas. Ha cumplido funciones jer\u00e1rquicas en el Ministerio de Salud P\u00fablica como Coordinador Zonal 4 Salud y Director de distrito.<\/p>\n","protected":false},"excerpt":{"rendered":"<p>Profesor titular Agregado, con titulaci\u00f3n de Doctor en Medicina y Cirug\u00eda, con t\u00edtulos de cuarto nivel en: Gerencia en Salud para el Desarrollo Local y Gesti\u00f3n y Desarrollo Social. Doctorante en Ciencias<a class=\"moretag\" href=\"https:\/\/departamentos.uleam.edu.ec\/vinculacion-colectividad\/dr-naki-alberto-veliz-mero\/\">Leer m\u00e1s&#8230;<\/a><\/p>\n","protected":false},"author":124,"featured_media":0,"parent":0,"menu_order":0,"comment_status":"closed","ping_status":"closed","template":"","meta":{"footnotes":"","_links_to":"","_links_to_target":""},"class_list":["post-5093","page","type-page","status-publish","hentry"],"_links":{"self":[{"href":"https:\/\/departamentos.uleam.edu.ec\/vinculacion-colectividad\/wp-json\/wp\/v2\/pages\/5093","targetHints":{"allow":["GET"]}}],"collection":[{"href":"https:\/\/departamentos.uleam.edu.ec\/vinculacion-colectividad\/wp-json\/wp\/v2\/pages"}],"about":[{"href":"https:\/\/departamentos.uleam.edu.ec\/vinculacion-colectividad\/wp-json\/wp\/v2\/types\/page"}],"author":[{"embeddable":true,"href":"https:\/\/departamentos.uleam.edu.ec\/vinculacion-colectividad\/wp-json\/wp\/v2\/users\/124"}],"replies":[{"embeddable":true,"href":"https:\/\/departamentos.uleam.edu.ec\/vinculacion-colectividad\/wp-json\/wp\/v2\/comments?post=5093"}],"version-history":[{"count":1,"href":"https:\/\/departamentos.uleam.edu.ec\/vinculacion-colectividad\/wp-json\/wp\/v2\/pages\/5093\/revisions"}],"predecessor-version":[{"id":5094,"href":"https:\/\/departamentos.uleam.edu.ec\/vinculacion-colectividad\/wp-json\/wp\/v2\/pages\/5093\/revisions\/5094"}],"wp:attachment":[{"href":"https:\/\/departamentos.uleam.edu.ec\/vinculacion-colectividad\/wp-json\/wp\/v2\/media?parent=5093"}],"curies":[{"name":"wp","href":"https:\/\/api.w.org\/{rel}","templated":true}]}}