{"id":5095,"date":"2022-09-20T11:57:49","date_gmt":"2022-09-20T16:57:49","guid":{"rendered":"https:\/\/departamentos.uleam.edu.ec\/vinculacion-colectividad\/?page_id=5095"},"modified":"2022-09-20T11:58:27","modified_gmt":"2022-09-20T16:58:27","slug":"https-departamentos-uleam-edu-ec-vinculacion-colectividad-talento-humano-2-dra-c-natacha-pahola-de-las-mercedes-diaz-rodriguez","status":"publish","type":"page","link":"https:\/\/departamentos.uleam.edu.ec\/vinculacion-colectividad\/https-departamentos-uleam-edu-ec-vinculacion-colectividad-talento-humano-2-dra-c-natacha-pahola-de-las-mercedes-diaz-rodriguez\/","title":{"rendered":"Dra. C. Natacha Pahola de las Mercedes D\u00edaz Rodr\u00edguez"},"content":{"rendered":"\n<div class=\"wp-block-image\"><figure class=\"aligncenter is-resized\"><img fetchpriority=\"high\" decoding=\"async\" src=\"https:\/\/departamentos.uleam.edu.ec\/vinculacion-colectividad\/files\/2022\/09\/WhatsApp-Image-2022-09-20-at-07.58.38-1-1024x682.jpeg\" alt=\"\" class=\"wp-image-5068\" width=\"465\" height=\"310\" srcset=\"https:\/\/departamentos.uleam.edu.ec\/vinculacion-colectividad\/files\/2022\/09\/WhatsApp-Image-2022-09-20-at-07.58.38-1-1024x682.jpeg 1024w, https:\/\/departamentos.uleam.edu.ec\/vinculacion-colectividad\/files\/2022\/09\/WhatsApp-Image-2022-09-20-at-07.58.38-1-300x200.jpeg 300w, https:\/\/departamentos.uleam.edu.ec\/vinculacion-colectividad\/files\/2022\/09\/WhatsApp-Image-2022-09-20-at-07.58.38-1-768x512.jpeg 768w, https:\/\/departamentos.uleam.edu.ec\/vinculacion-colectividad\/files\/2022\/09\/WhatsApp-Image-2022-09-20-at-07.58.38-1.jpeg 1280w\" sizes=\"(max-width: 465px) 100vw, 465px\" \/><\/figure><\/div>\n\n\n\n<p>Docente titular Principal 1, con 28 a\u00f1os de experiencia docente. Doctora en Ciencias Pedag\u00f3gicas por la Universidad de Holgu\u00edn, Cuba, 2017. Ocho art\u00edculos cient\u00edficos publicados producto de trabajos de investigaci\u00f3n doctoral, cuatro ponencias presentadas en eventos nacionales e internacionales y un libro sobre Gesti\u00f3n Documental publicado en 2019. Acreditada como docente investigador Auxiliar 1 por la SENESCYT.<\/p>\n","protected":false},"excerpt":{"rendered":"<p>Docente titular Principal 1, con 28 a\u00f1os de experiencia docente. Doctora en Ciencias Pedag\u00f3gicas por la Universidad de Holgu\u00edn, Cuba, 2017. Ocho art\u00edculos cient\u00edficos publicados producto de trabajos de investigaci\u00f3n doctoral, cuatro<a class=\"moretag\" href=\"https:\/\/departamentos.uleam.edu.ec\/vinculacion-colectividad\/https-departamentos-uleam-edu-ec-vinculacion-colectividad-talento-humano-2-dra-c-natacha-pahola-de-las-mercedes-diaz-rodriguez\/\">Leer m\u00e1s&#8230;<\/a><\/p>\n","protected":false},"author":136,"featured_media":0,"parent":0,"menu_order":0,"comment_status":"closed","ping_status":"closed","template":"","meta":{"footnotes":"","_links_to":"","_links_to_target":""},"class_list":["post-5095","page","type-page","status-publish","hentry"],"_links":{"self":[{"href":"https:\/\/departamentos.uleam.edu.ec\/vinculacion-colectividad\/wp-json\/wp\/v2\/pages\/5095","targetHints":{"allow":["GET"]}}],"collection":[{"href":"https:\/\/departamentos.uleam.edu.ec\/vinculacion-colectividad\/wp-json\/wp\/v2\/pages"}],"about":[{"href":"https:\/\/departamentos.uleam.edu.ec\/vinculacion-colectividad\/wp-json\/wp\/v2\/types\/page"}],"author":[{"embeddable":true,"href":"https:\/\/departamentos.uleam.edu.ec\/vinculacion-colectividad\/wp-json\/wp\/v2\/users\/136"}],"replies":[{"embeddable":true,"href":"https:\/\/departamentos.uleam.edu.ec\/vinculacion-colectividad\/wp-json\/wp\/v2\/comments?post=5095"}],"version-history":[{"count":1,"href":"https:\/\/departamentos.uleam.edu.ec\/vinculacion-colectividad\/wp-json\/wp\/v2\/pages\/5095\/revisions"}],"predecessor-version":[{"id":5096,"href":"https:\/\/departamentos.uleam.edu.ec\/vinculacion-colectividad\/wp-json\/wp\/v2\/pages\/5095\/revisions\/5096"}],"wp:attachment":[{"href":"https:\/\/departamentos.uleam.edu.ec\/vinculacion-colectividad\/wp-json\/wp\/v2\/media?parent=5095"}],"curies":[{"name":"wp","href":"https:\/\/api.w.org\/{rel}","templated":true}]}}