{"id":5105,"date":"2022-09-22T08:45:16","date_gmt":"2022-09-22T13:45:16","guid":{"rendered":"https:\/\/departamentos.uleam.edu.ec\/vinculacion-colectividad\/?page_id=5105"},"modified":"2022-09-23T09:50:54","modified_gmt":"2022-09-23T14:50:54","slug":"https-departamentos-uleam-edu-ec-vinculacion-colectividad-talento-humano-2-ing-michael-stefanya-holguin-moreira","status":"publish","type":"page","link":"https:\/\/departamentos.uleam.edu.ec\/vinculacion-colectividad\/https-departamentos-uleam-edu-ec-vinculacion-colectividad-talento-humano-2-ing-michael-stefanya-holguin-moreira\/","title":{"rendered":"Ing. Michael Stefanya Holgu\u00edn Moreira"},"content":{"rendered":"\n<div class=\"wp-block-image\"><figure class=\"aligncenter is-resized\"><img fetchpriority=\"high\" decoding=\"async\" src=\"https:\/\/departamentos.uleam.edu.ec\/vinculacion-colectividad\/files\/2022\/09\/WhatsApp-Image-2022-09-20-at-10.01.17-2-1024x683.jpeg\" alt=\"\" class=\"wp-image-5077\" width=\"548\" height=\"365\" srcset=\"https:\/\/departamentos.uleam.edu.ec\/vinculacion-colectividad\/files\/2022\/09\/WhatsApp-Image-2022-09-20-at-10.01.17-2-1024x683.jpeg 1024w, https:\/\/departamentos.uleam.edu.ec\/vinculacion-colectividad\/files\/2022\/09\/WhatsApp-Image-2022-09-20-at-10.01.17-2-300x200.jpeg 300w, https:\/\/departamentos.uleam.edu.ec\/vinculacion-colectividad\/files\/2022\/09\/WhatsApp-Image-2022-09-20-at-10.01.17-2-768x512.jpeg 768w, https:\/\/departamentos.uleam.edu.ec\/vinculacion-colectividad\/files\/2022\/09\/WhatsApp-Image-2022-09-20-at-10.01.17-2-1536x1024.jpeg 1536w, https:\/\/departamentos.uleam.edu.ec\/vinculacion-colectividad\/files\/2022\/09\/WhatsApp-Image-2022-09-20-at-10.01.17-2.jpeg 1599w\" sizes=\"(max-width: 548px) 100vw, 548px\" \/><\/figure><\/div>\n\n\n\n<p>Ingeniera en Agropecuaria, esta comenzando su carrera en el \u00e1rea de Vinculaci\u00f3n, adem\u00e1s, esta participando como co-autora de un libro.<\/p>\n","protected":false},"excerpt":{"rendered":"<p>Ingeniera en Agropecuaria, esta comenzando su carrera en el \u00e1rea de Vinculaci\u00f3n, adem\u00e1s, esta participando como co-autora de un libro.<\/p>\n","protected":false},"author":136,"featured_media":0,"parent":0,"menu_order":0,"comment_status":"closed","ping_status":"closed","template":"","meta":{"footnotes":"","_links_to":"","_links_to_target":""},"class_list":["post-5105","page","type-page","status-publish","hentry"],"_links":{"self":[{"href":"https:\/\/departamentos.uleam.edu.ec\/vinculacion-colectividad\/wp-json\/wp\/v2\/pages\/5105","targetHints":{"allow":["GET"]}}],"collection":[{"href":"https:\/\/departamentos.uleam.edu.ec\/vinculacion-colectividad\/wp-json\/wp\/v2\/pages"}],"about":[{"href":"https:\/\/departamentos.uleam.edu.ec\/vinculacion-colectividad\/wp-json\/wp\/v2\/types\/page"}],"author":[{"embeddable":true,"href":"https:\/\/departamentos.uleam.edu.ec\/vinculacion-colectividad\/wp-json\/wp\/v2\/users\/136"}],"replies":[{"embeddable":true,"href":"https:\/\/departamentos.uleam.edu.ec\/vinculacion-colectividad\/wp-json\/wp\/v2\/comments?post=5105"}],"version-history":[{"count":4,"href":"https:\/\/departamentos.uleam.edu.ec\/vinculacion-colectividad\/wp-json\/wp\/v2\/pages\/5105\/revisions"}],"predecessor-version":[{"id":5115,"href":"https:\/\/departamentos.uleam.edu.ec\/vinculacion-colectividad\/wp-json\/wp\/v2\/pages\/5105\/revisions\/5115"}],"wp:attachment":[{"href":"https:\/\/departamentos.uleam.edu.ec\/vinculacion-colectividad\/wp-json\/wp\/v2\/media?parent=5105"}],"curies":[{"name":"wp","href":"https:\/\/api.w.org\/{rel}","templated":true}]}}