{"id":5117,"date":"2022-09-26T10:51:56","date_gmt":"2022-09-26T15:51:56","guid":{"rendered":"https:\/\/departamentos.uleam.edu.ec\/vinculacion-colectividad\/?page_id=5117"},"modified":"2022-09-26T10:56:14","modified_gmt":"2022-09-26T15:56:14","slug":"https-departamentos-uleam-edu-ec-vinculacion-colectividad-talento-humano-2-ing-pablo-emilio-macias-molina-mgs","status":"publish","type":"page","link":"https:\/\/departamentos.uleam.edu.ec\/vinculacion-colectividad\/https-departamentos-uleam-edu-ec-vinculacion-colectividad-talento-humano-2-ing-pablo-emilio-macias-molina-mgs\/","title":{"rendered":"Ing. Pablo Emilio Mac\u00edas Molina, Mgs"},"content":{"rendered":"\n<div class=\"wp-block-image\"><figure class=\"aligncenter is-resized\"><img fetchpriority=\"high\" decoding=\"async\" src=\"https:\/\/departamentos.uleam.edu.ec\/vinculacion-colectividad\/files\/2022\/09\/WhatsApp-Image-2022-09-20-at-09.24.50-1024x682.jpeg\" alt=\"\" class=\"wp-image-5071\" width=\"516\" height=\"344\" srcset=\"https:\/\/departamentos.uleam.edu.ec\/vinculacion-colectividad\/files\/2022\/09\/WhatsApp-Image-2022-09-20-at-09.24.50-1024x682.jpeg 1024w, https:\/\/departamentos.uleam.edu.ec\/vinculacion-colectividad\/files\/2022\/09\/WhatsApp-Image-2022-09-20-at-09.24.50-300x200.jpeg 300w, https:\/\/departamentos.uleam.edu.ec\/vinculacion-colectividad\/files\/2022\/09\/WhatsApp-Image-2022-09-20-at-09.24.50-768x512.jpeg 768w, https:\/\/departamentos.uleam.edu.ec\/vinculacion-colectividad\/files\/2022\/09\/WhatsApp-Image-2022-09-20-at-09.24.50.jpeg 1280w\" sizes=\"(max-width: 516px) 100vw, 516px\" \/><\/figure><\/div>\n\n\n\n<p>Magister en Administraci\u00f3n de Empresas con Diplomado en direcci\u00f3n en empresa realizados en la Pontificia Universidad Cat\u00f3lica de Valpara\u00edso. Magister en Programaci\u00f3n Neuroling\u00fc\u00edstica. Ingeniero en Marketing de la Universidad Cat\u00f3lica de Santiago de Guayaquil<\/p>\n","protected":false},"excerpt":{"rendered":"<p>Magister en Administraci\u00f3n de Empresas con Diplomado en direcci\u00f3n en empresa realizados en la Pontificia Universidad Cat\u00f3lica de Valpara\u00edso. Magister en Programaci\u00f3n Neuroling\u00fc\u00edstica. Ingeniero en Marketing de la Universidad Cat\u00f3lica de Santiago<a class=\"moretag\" href=\"https:\/\/departamentos.uleam.edu.ec\/vinculacion-colectividad\/https-departamentos-uleam-edu-ec-vinculacion-colectividad-talento-humano-2-ing-pablo-emilio-macias-molina-mgs\/\">Leer m\u00e1s&#8230;<\/a><\/p>\n","protected":false},"author":136,"featured_media":0,"parent":0,"menu_order":0,"comment_status":"closed","ping_status":"closed","template":"","meta":{"footnotes":"","_links_to":"","_links_to_target":""},"class_list":["post-5117","page","type-page","status-publish","hentry"],"_links":{"self":[{"href":"https:\/\/departamentos.uleam.edu.ec\/vinculacion-colectividad\/wp-json\/wp\/v2\/pages\/5117","targetHints":{"allow":["GET"]}}],"collection":[{"href":"https:\/\/departamentos.uleam.edu.ec\/vinculacion-colectividad\/wp-json\/wp\/v2\/pages"}],"about":[{"href":"https:\/\/departamentos.uleam.edu.ec\/vinculacion-colectividad\/wp-json\/wp\/v2\/types\/page"}],"author":[{"embeddable":true,"href":"https:\/\/departamentos.uleam.edu.ec\/vinculacion-colectividad\/wp-json\/wp\/v2\/users\/136"}],"replies":[{"embeddable":true,"href":"https:\/\/departamentos.uleam.edu.ec\/vinculacion-colectividad\/wp-json\/wp\/v2\/comments?post=5117"}],"version-history":[{"count":3,"href":"https:\/\/departamentos.uleam.edu.ec\/vinculacion-colectividad\/wp-json\/wp\/v2\/pages\/5117\/revisions"}],"predecessor-version":[{"id":5121,"href":"https:\/\/departamentos.uleam.edu.ec\/vinculacion-colectividad\/wp-json\/wp\/v2\/pages\/5117\/revisions\/5121"}],"wp:attachment":[{"href":"https:\/\/departamentos.uleam.edu.ec\/vinculacion-colectividad\/wp-json\/wp\/v2\/media?parent=5117"}],"curies":[{"name":"wp","href":"https:\/\/api.w.org\/{rel}","templated":true}]}}