{"id":912,"date":"2015-10-23T02:15:45","date_gmt":"2015-10-23T02:15:45","guid":{"rendered":"http:\/\/departamentos.uleam.edu.ec\/vinculacion-colectividad\/?page_id=912"},"modified":"2015-10-23T20:45:33","modified_gmt":"2015-10-23T20:45:33","slug":"area-ingenieria","status":"publish","type":"page","link":"https:\/\/departamentos.uleam.edu.ec\/vinculacion-colectividad\/area-ingenieria\/","title":{"rendered":"\u00c1rea Ingenier\u00eda"},"content":{"rendered":"<p>U<span style=\"color: #000000\">nidad Acad\u00e9mica\/Carrera<\/span><\/p>\n<ul>\n<li><span style=\"color: #000000\">Ingenier\u00eda<\/span><\/li>\n<\/ul>\n<p style=\"padding-left: 30px\"><span style=\"color: #000000\">\u00a0 \u00a0 \u00a0\u00a0<a style=\"color: #000000\" href=\"https:\/\/departamentos.uleam.edu.ec\/vinculacion-colectividad\/programa-ingenierias\/\">Mec\u00e1nica Naval<\/a><\/span><\/p>\n<p style=\"padding-left: 60px\"><span style=\"color: #000000\"><a style=\"color: #000000\" href=\"https:\/\/departamentos.uleam.edu.ec\/vinculacion-colectividad\/programa-ingenierias\/\">Ingenier\u00eda Civil<\/a><\/span><\/p>\n<p style=\"padding-left: 60px\"><span style=\"color: #000000\"><a style=\"color: #000000\" href=\"https:\/\/departamentos.uleam.edu.ec\/vinculacion-colectividad\/programa-ingenierias\/\">Ingenier\u00eda El\u00e9ctrica<\/a><\/span><\/p>\n<p style=\"padding-left: 60px\"><span style=\"color: #000000\"><a style=\"color: #000000\" href=\"https:\/\/departamentos.uleam.edu.ec\/vinculacion-colectividad\/programa-ingenierias\/\">Arquitectura<\/a><\/span><\/p>\n<ul>\n<li><span style=\"color: #000000\">Ciencias Inform\u00e1tica<\/span><\/li>\n<\/ul>\n<p style=\"padding-left: 60px\"><span style=\"color: #000000\">Ingenier\u00eda en Sistema<\/span><\/p>\n<ul>\n<li><span style=\"color: #000000\">Ciencias Agropecuarias<\/span><\/li>\n<\/ul>\n<p style=\"padding-left: 60px\"><span style=\"color: #000000\">Ciencias Agropecuaria<\/span><\/p>\n<ul>\n<li>Ingenier\u00eda Industrial<\/li>\n<\/ul>\n<p style=\"padding-left: 60px\">Ingenier\u00eda Industrial<\/p>\n<ul>\n<li>Ciencias del Mar<\/li>\n<\/ul>\n<p style=\"padding-left: 60px\">\n","protected":false},"excerpt":{"rendered":"<p>Unidad Acad\u00e9mica\/Carrera Ingenier\u00eda \u00a0 \u00a0 \u00a0\u00a0Mec\u00e1nica Naval Ingenier\u00eda Civil Ingenier\u00eda El\u00e9ctrica Arquitectura Ciencias Inform\u00e1tica Ingenier\u00eda en Sistema Ciencias Agropecuarias Ciencias Agropecuaria Ingenier\u00eda Industrial Ingenier\u00eda Industrial Ciencias del Mar<\/p>\n","protected":false},"author":14,"featured_media":0,"parent":0,"menu_order":0,"comment_status":"closed","ping_status":"closed","template":"","meta":{"footnotes":"","_links_to":"","_links_to_target":""},"class_list":["post-912","page","type-page","status-publish","hentry"],"_links":{"self":[{"href":"https:\/\/departamentos.uleam.edu.ec\/vinculacion-colectividad\/wp-json\/wp\/v2\/pages\/912","targetHints":{"allow":["GET"]}}],"collection":[{"href":"https:\/\/departamentos.uleam.edu.ec\/vinculacion-colectividad\/wp-json\/wp\/v2\/pages"}],"about":[{"href":"https:\/\/departamentos.uleam.edu.ec\/vinculacion-colectividad\/wp-json\/wp\/v2\/types\/page"}],"author":[{"embeddable":true,"href":"https:\/\/departamentos.uleam.edu.ec\/vinculacion-colectividad\/wp-json\/wp\/v2\/users\/14"}],"replies":[{"embeddable":true,"href":"https:\/\/departamentos.uleam.edu.ec\/vinculacion-colectividad\/wp-json\/wp\/v2\/comments?post=912"}],"version-history":[{"count":5,"href":"https:\/\/departamentos.uleam.edu.ec\/vinculacion-colectividad\/wp-json\/wp\/v2\/pages\/912\/revisions"}],"predecessor-version":[{"id":928,"href":"https:\/\/departamentos.uleam.edu.ec\/vinculacion-colectividad\/wp-json\/wp\/v2\/pages\/912\/revisions\/928"}],"wp:attachment":[{"href":"https:\/\/departamentos.uleam.edu.ec\/vinculacion-colectividad\/wp-json\/wp\/v2\/media?parent=912"}],"curies":[{"name":"wp","href":"https:\/\/api.w.org\/{rel}","templated":true}]}}