{"id":942,"date":"2015-10-23T21:53:44","date_gmt":"2015-10-23T21:53:44","guid":{"rendered":"http:\/\/departamentos.uleam.edu.ec\/vinculacion-colectividad\/?page_id=942"},"modified":"2015-10-27T15:32:50","modified_gmt":"2015-10-27T15:32:50","slug":"area-de-la-salud","status":"publish","type":"page","link":"https:\/\/departamentos.uleam.edu.ec\/vinculacion-colectividad\/area-de-la-salud\/","title":{"rendered":"\u00c1REA DE LA SALUD"},"content":{"rendered":"<p>Unidad Acad\u00e9mica\/Carrera<\/p>\n<ul>\n<li>Ciencias Medicas<\/li>\n<\/ul>\n<p style=\"padding-left: 60px\"><span style=\"color: #000000\"><a style=\"color: #000000\" href=\"https:\/\/departamentos.uleam.edu.ec\/vinculacion-colectividad\/proyecto-de-terapia-fisica\/\">Terapia F\u00edsica<\/a><\/span><\/p>\n<p style=\"padding-left: 60px\"><span style=\"color: #000000\"><a style=\"color: #000000\" href=\"https:\/\/departamentos.uleam.edu.ec\/vinculacion-colectividad\/proyecto-de-terapia-ocupacional\/\">Terapia Ocupacional<\/a><\/span><\/p>\n<p style=\"padding-left: 60px\"><span style=\"color: #000000\"><a style=\"color: #000000\" href=\"https:\/\/departamentos.uleam.edu.ec\/vinculacion-colectividad\/proyecto-de-terapia-de-lenguaje\/\">Terapia\u00a0de Lenguaje<\/a><\/span><\/p>\n<p style=\"padding-left: 60px\">Radiolog\u00eda \u00a0e Imagenolog\u00eda<\/p>\n<ul>\n<li>Medicina<\/li>\n<li><span style=\"color: #000000\"><a style=\"color: #000000\" href=\"https:\/\/departamentos.uleam.edu.ec\/vinculacion-colectividad\/programa-de-odontologia\/\">Odontolog\u00eda<\/a><\/span><\/li>\n<li><span style=\"color: #000000\"><a style=\"color: #000000\" href=\"https:\/\/departamentos.uleam.edu.ec\/vinculacion-colectividad\/programa-de-enfermeria\/\">Enfermer\u00eda<\/a><\/span><\/li>\n<\/ul>\n","protected":false},"excerpt":{"rendered":"<p>Unidad Acad\u00e9mica\/Carrera Ciencias Medicas Terapia F\u00edsica Terapia Ocupacional Terapia\u00a0de Lenguaje Radiolog\u00eda \u00a0e Imagenolog\u00eda Medicina Odontolog\u00eda Enfermer\u00eda<\/p>\n","protected":false},"author":14,"featured_media":0,"parent":0,"menu_order":0,"comment_status":"closed","ping_status":"closed","template":"","meta":{"footnotes":"","_links_to":"","_links_to_target":""},"class_list":["post-942","page","type-page","status-publish","hentry"],"_links":{"self":[{"href":"https:\/\/departamentos.uleam.edu.ec\/vinculacion-colectividad\/wp-json\/wp\/v2\/pages\/942","targetHints":{"allow":["GET"]}}],"collection":[{"href":"https:\/\/departamentos.uleam.edu.ec\/vinculacion-colectividad\/wp-json\/wp\/v2\/pages"}],"about":[{"href":"https:\/\/departamentos.uleam.edu.ec\/vinculacion-colectividad\/wp-json\/wp\/v2\/types\/page"}],"author":[{"embeddable":true,"href":"https:\/\/departamentos.uleam.edu.ec\/vinculacion-colectividad\/wp-json\/wp\/v2\/users\/14"}],"replies":[{"embeddable":true,"href":"https:\/\/departamentos.uleam.edu.ec\/vinculacion-colectividad\/wp-json\/wp\/v2\/comments?post=942"}],"version-history":[{"count":7,"href":"https:\/\/departamentos.uleam.edu.ec\/vinculacion-colectividad\/wp-json\/wp\/v2\/pages\/942\/revisions"}],"predecessor-version":[{"id":1095,"href":"https:\/\/departamentos.uleam.edu.ec\/vinculacion-colectividad\/wp-json\/wp\/v2\/pages\/942\/revisions\/1095"}],"wp:attachment":[{"href":"https:\/\/departamentos.uleam.edu.ec\/vinculacion-colectividad\/wp-json\/wp\/v2\/media?parent=942"}],"curies":[{"name":"wp","href":"https:\/\/api.w.org\/{rel}","templated":true}]}}