{"id":977,"date":"2015-10-24T00:27:00","date_gmt":"2015-10-24T00:27:00","guid":{"rendered":"http:\/\/departamentos.uleam.edu.ec\/vinculacion-colectividad\/?page_id=977"},"modified":"2015-10-30T16:30:28","modified_gmt":"2015-10-30T16:30:28","slug":"campus-pedernales","status":"publish","type":"page","link":"https:\/\/departamentos.uleam.edu.ec\/vinculacion-colectividad\/campus-pedernales\/","title":{"rendered":"Campus Pedernales"},"content":{"rendered":"<p>Proyecto sin Programa<\/p>\n<p style=\"text-align: justify\">Asesor\u00eda t\u00e9cnica a la Asociaci\u00f3n de Quintas Familiares Rio Vite para la elaboraci\u00f3n de bloques multidisciplinarios para ganado bovino 2015 &#8211; 2016. (<a href=\"https:\/\/departamentos.uleam.edu.ec\/vinculacion-colectividad\/files\/2015\/10\/Ver-Proyecto7.pdf\">Ver Proyecto<\/a>)<\/p>\n","protected":false},"excerpt":{"rendered":"<p>Proyecto sin Programa Asesor\u00eda t\u00e9cnica a la Asociaci\u00f3n de Quintas Familiares Rio Vite para la elaboraci\u00f3n de bloques multidisciplinarios para ganado bovino 2015 &#8211; 2016. (Ver Proyecto)<\/p>\n","protected":false},"author":14,"featured_media":0,"parent":0,"menu_order":0,"comment_status":"closed","ping_status":"closed","template":"","meta":{"footnotes":"","_links_to":"","_links_to_target":""},"class_list":["post-977","page","type-page","status-publish","hentry"],"_links":{"self":[{"href":"https:\/\/departamentos.uleam.edu.ec\/vinculacion-colectividad\/wp-json\/wp\/v2\/pages\/977","targetHints":{"allow":["GET"]}}],"collection":[{"href":"https:\/\/departamentos.uleam.edu.ec\/vinculacion-colectividad\/wp-json\/wp\/v2\/pages"}],"about":[{"href":"https:\/\/departamentos.uleam.edu.ec\/vinculacion-colectividad\/wp-json\/wp\/v2\/types\/page"}],"author":[{"embeddable":true,"href":"https:\/\/departamentos.uleam.edu.ec\/vinculacion-colectividad\/wp-json\/wp\/v2\/users\/14"}],"replies":[{"embeddable":true,"href":"https:\/\/departamentos.uleam.edu.ec\/vinculacion-colectividad\/wp-json\/wp\/v2\/comments?post=977"}],"version-history":[{"count":3,"href":"https:\/\/departamentos.uleam.edu.ec\/vinculacion-colectividad\/wp-json\/wp\/v2\/pages\/977\/revisions"}],"predecessor-version":[{"id":1241,"href":"https:\/\/departamentos.uleam.edu.ec\/vinculacion-colectividad\/wp-json\/wp\/v2\/pages\/977\/revisions\/1241"}],"wp:attachment":[{"href":"https:\/\/departamentos.uleam.edu.ec\/vinculacion-colectividad\/wp-json\/wp\/v2\/media?parent=977"}],"curies":[{"name":"wp","href":"https:\/\/api.w.org\/{rel}","templated":true}]}}